{"id":537,"date":"2025-04-27T13:33:01","date_gmt":"2025-04-27T13:33:01","guid":{"rendered":"https:\/\/headwaybrokers.com\/?page_id=537"},"modified":"2026-02-20T22:19:19","modified_gmt":"2026-02-20T22:19:19","slug":"headway-broker-review-2025-eine-umfassende-ubersicht-uber-die-servicefunktionen-und-benutzererfahrung-2","status":"publish","type":"page","link":"https:\/\/headwaybrokers.com\/de\/headway-broker-review-2025-a-comprehensive-overview-of-services-features-and-user-experience-2\/","title":{"rendered":"Headway Broker Review 2026: Ein umfassender \u00dcberblick \u00fcber Services, Funktionen und Benutzererfahrung"},"content":{"rendered":"<div data-elementor-type=\"wp-page\" data-elementor-id=\"537\" class=\"elementor elementor-537\" data-elementor-post-type=\"page\">\n\t\t\t\t\t\t<section class=\"elementor-section elementor-top-section elementor-element elementor-element-457023b elementor-section-boxed elementor-section-height-default elementor-section-height-default jltma-glass-effect-no\" data-id=\"457023b\" data-element_type=\"section\" data-e-type=\"section\">\n\t\t\t\t\t\t<div class=\"elementor-container elementor-column-gap-default\">\n\t\t\t\t\t<div class=\"elementor-column elementor-col-100 elementor-top-column elementor-element elementor-element-6badd2a jltma-glass-effect-no\" data-id=\"6badd2a\" data-element_type=\"column\" data-e-type=\"column\">\n\t\t\t<div class=\"elementor-widget-wrap elementor-element-populated\">\n\t\t\t\t\t\t<div class=\"elementor-element elementor-element-c9b2c11 jltma-glass-effect-no elementor-widget elementor-widget-text-editor\" data-id=\"c9b2c11\" data-element_type=\"widget\" data-e-type=\"widget\" data-widget_type=\"text-editor.default\">\n\t\t\t\t<div class=\"elementor-widget-container\">\n\t\t\t\t\t\t\t\t\t<p class=\"\" data-start=\"293\" data-end=\"613\">Erw\u00e4gen Sie, 2025 mit Headway Broker zu handeln? Diese detaillierte \u00dcberpr\u00fcfung bietet alle notwendigen Einblicke in die Angebote, Vorteile und m\u00f6glichen Nachteile von Headway. Egal, ob Sie ein erfahrener H\u00e4ndler oder ein Anf\u00e4nger sind, das Verst\u00e4ndnis der wichtigsten Funktionen dieses Brokers ist f\u00fcr eine fundierte Entscheidung von entscheidender Bedeutung.<\/p><h3 class=\"\" data-start=\"615\" data-end=\"656\">1. <strong data-start=\"622\" data-end=\"656\">Einf\u00fchrung in Headway Broker<\/strong><\/h3><p class=\"\" data-start=\"658\" data-end=\"1061\"><a href=\"https:\/\/headway.partners\/user\/signup?hwp=a1b56a\" rel=\"nofollow noopener\" target=\"_blank\"><strong>Fortschrittsmakler<\/strong><\/a> hat in der Online-Handelswelt durch seine benutzerfreundliche Oberfl\u00e4che und robuste Finanzprodukte an Bedeutung gewonnen. Mit dem Ziel, den Handelsprozess zu vereinfachen, zielt Headway darauf ab, eine Plattform zu bieten, die den Bed\u00fcrfnissen sowohl Anf\u00e4nger als auch erfahrener H\u00e4ndler entspricht. Im Jahr 2025 entwickelt sich Headway mit innovativen Tools, umfassender Marktabdeckung und kundenorientierten Funktionen weiter.<\/p><h3 class=\"\" data-start=\"1063\" data-end=\"1101\">2. <strong data-start=\"1070\" data-end=\"1101\">Handelsplattformen und Tools<\/strong><\/h3><p class=\"\" data-start=\"1103\" data-end=\"1246\">Headway bietet eine Reihe von Handelsplattformen, die f\u00fcr verschiedene H\u00e4ndlerpr\u00e4ferenzen konzipiert sind. Hier ein Blick auf die beliebtesten verf\u00fcgbaren Plattformen:<\/p><ul data-start=\"1248\" data-end=\"2010\"><li class=\"\" data-start=\"1248\" data-end=\"1498\"><p class=\"\" data-start=\"1250\" data-end=\"1498\"><strong data-start=\"1250\" data-end=\"1272\">Metatrader 4 (MT4)<\/strong>: MT4 ist f\u00fcr seine Einfachheit und umfangreichen Funktionalit\u00e4ten bekannt und bleibt bei Einzelhandelsunternehmen eine Top-Wahl. Headway Broker bietet MT4 volle Unterst\u00fctzung und gew\u00e4hrleistet nahtlose Ausf\u00fchrung, Echtzeit-Charts und automatisierte Handelsoptionen.<\/p><\/li><li class=\"\" data-start=\"1500\" data-end=\"1764\"><p class=\"\" data-start=\"1502\" data-end=\"1764\"><strong data-start=\"1502\" data-end=\"1524\">MetaTrader 5 (MT5)<\/strong>: MT5 ist die aktualisierte Version von MT4, die zus\u00e4tzliche Funktionen wie mehr Zeitrahmen, ein fortschrittlicheres Charting-System und tiefere Analysetools bietet. H\u00e4ndler, die eine moderne und umfassende Plattform suchen, werden MT5 eine ausgezeichnete Wahl finden.<\/p><\/li><li class=\"\" data-start=\"1766\" data-end=\"2010\"><p class=\"\" data-start=\"1768\" data-end=\"2010\"><strong data-start=\"1768\" data-end=\"1792\">Web-Handelsplattform<\/strong>: F\u00fcr diejenigen, die direkt \u00fcber ihren Browser handeln m\u00f6chten, bietet Headway eine webbasierte Plattform. Diese Plattform ist leicht, zug\u00e4nglich und erfordert keine Downloads, was den H\u00e4ndlern unterwegs Flexibilit\u00e4t bietet.<\/p><\/li><\/ul><h3 class=\"\" data-start=\"2012\" data-end=\"2049\">3. <strong data-start=\"2019\" data-end=\"2049\">Kontotypen und -funktionen<\/strong><\/h3><p class=\"\" data-start=\"2051\" data-end=\"2201\">Headway bietet verschiedene Kontotypen, die f\u00fcr H\u00e4ndler mit unterschiedlichen Erfahrungsstufen konzipiert sind. Hier eine Aufschl\u00fcsselung der verf\u00fcgbaren Optionen:<\/p><ul data-start=\"2203\" data-end=\"3145\"><li class=\"\" data-start=\"2203\" data-end=\"2468\"><p class=\"\" data-start=\"2205\" data-end=\"2468\"><strong data-start=\"2205\" data-end=\"2225\">Standardkonto<\/strong>: Das Einstiegskonto f\u00fcr Anf\u00e4nger. Es bietet Zugang zu einer Vielzahl von M\u00e4rkten, einschlie\u00dflich Forex, Rohstoffen und Indizes. Hebel und Spreads sind wettbewerbsf\u00e4hig und somit geeignet f\u00fcr diejenigen, die ihre Handelsreise beginnen.<\/p><\/li><li class=\"\" data-start=\"2470\" data-end=\"2711\"><p class=\"\" data-start=\"2472\" data-end=\"2711\"><strong data-start=\"2472\" data-end=\"2487\">Profi-Konto<\/strong>: Dieses Konto ist f\u00fcr erfahrenere Trader konzipiert. Es bietet engere Spreads, erh\u00f6hte Hebelwirkung und Zugang zu fortschrittlichen Handelstools. Pro-Kontoinhaber erhalten au\u00dferdem vorrangigen Kundensupport und schnellere Auftragsausf\u00fchrung.<\/p><\/li><li class=\"\" data-start=\"2713\" data-end=\"2955\"><p class=\"\" data-start=\"2715\" data-end=\"2955\"><strong data-start=\"2715\" data-end=\"2730\">ECN-Konto<\/strong>: Das ECN-Konto ist ideal f\u00fcr professionelle H\u00e4ndler, die die bestm\u00f6gliche Ausf\u00fchrung und Liquidit\u00e4t verlangen. Mit direktem Zugang zu Interbankenm\u00e4rkten bietet dieses Konto die niedrigsten Spreads mit einer kommissionsbasierten Geb\u00fchrenstruktur.<\/p><\/li><li class=\"\" data-start=\"2957\" data-end=\"3145\"><p class=\"\" data-start=\"2959\" data-end=\"3145\"><strong data-start=\"2959\" data-end=\"2978\">Islamischer Bericht<\/strong>: Headway Broker bietet auch eine islamische Kontooption an, die H\u00e4ndlern, die ohne Swaps handeln m\u00f6chten, und die Einhaltung der islamischen Finanzgrunds\u00e4tze sicherstellt.<\/p><\/li><\/ul><h3 class=\"\" data-start=\"3147\" data-end=\"3182\">4. <strong data-start=\"3154\" data-end=\"3182\">Ein- und Auszahlungen<\/strong><\/h3><p class=\"\" data-start=\"3184\" data-end=\"3290\">Headway bietet eine Vielzahl von Ein- und Auszahlungsmethoden, um Transaktionen so nahtlos wie m\u00f6glich zu gestalten:<\/p><ul data-start=\"3292\" data-end=\"3851\"><li class=\"\" data-start=\"3292\" data-end=\"3497\"><p class=\"\" data-start=\"3294\" data-end=\"3497\"><strong data-start=\"3294\" data-end=\"3313\">Zahlungsmethoden<\/strong>: H\u00e4ndler k\u00f6nnen ihre Konten mit verschiedenen Zahlungsoptionen finanzieren, darunter Kredit- und Debitkarten, Bank\u00fcberweisungen, E-Wallets wie Skrill und Neteller und sogar Einzahlungen in Kryptow\u00e4hrung.<\/p><\/li><li class=\"\" data-start=\"3499\" data-end=\"3646\"><p class=\"\" data-start=\"3501\" data-end=\"3646\"><strong data-start=\"3501\" data-end=\"3517\">Einzahlungsgeb\u00fchren<\/strong>: Die meisten Einzahlungsmethoden fallen ohne zus\u00e4tzliche Geb\u00fchren an, dies kann jedoch von der Zahlungsmethode und dem Wohnsitzland abh\u00e4ngen.<\/p><\/li><li class=\"\" data-start=\"3648\" data-end=\"3851\"><p class=\"\" data-start=\"3650\" data-end=\"3851\"><strong data-start=\"3650\" data-end=\"3665\">Abhebungen<\/strong>: Entnahmeprozesse sind in der Regel schnell, wobei die meisten Methoden innerhalb von 24 bis 48 Stunden abgeschlossen werden. Es ist jedoch wichtig zu beachten, dass die Auszahlungsgeb\u00fchren je nach gew\u00e4hlter Methode variieren k\u00f6nnen.<\/p><\/li><\/ul><h3 class=\"\" data-start=\"3853\" data-end=\"3880\">5. <strong data-start=\"3860\" data-end=\"3880\">Kundensupport<\/strong><\/h3><p class=\"\" data-start=\"3882\" data-end=\"3999\">Kundenbetreuung ist ein wesentlicher Faktor bei der Auswahl eines Brokers, und in diesem Bereich zeichnet sich Headway aus. Der Makler bietet:<\/p><ul data-start=\"4001\" data-end=\"4517\"><li class=\"\" data-start=\"4001\" data-end=\"4120\"><p class=\"\" data-start=\"4003\" data-end=\"4120\"><strong data-start=\"4003\" data-end=\"4019\">24\/7-Unterst\u00fctzung<\/strong>: Erh\u00e4ltlich \u00fcber Live-Chat, E-Mail und Telefon, um sicherzustellen, dass Sie jederzeit Hilfe ben\u00f6tigen.<\/p><\/li><li class=\"\" data-start=\"4122\" data-end=\"4289\"><p class=\"\" data-start=\"4124\" data-end=\"4289\"><strong data-start=\"4124\" data-end=\"4148\">Mehrsprachige Unterst\u00fctzung<\/strong>: Mit einer globalen Pr\u00e4senz bietet Headway Unterst\u00fctzung in mehreren Sprachen, um sicherzustellen, dass Sprachbarrieren Ihr Handelserlebnis nicht behindern.<\/p><\/li><li class=\"\" data-start=\"4291\" data-end=\"4517\"><p class=\"\" data-start=\"4293\" data-end=\"4517\"><strong data-start=\"4293\" data-end=\"4318\">Bildungsressourcen<\/strong>: Headway bietet auch eine breite Palette von Bildungsressourcen, einschlie\u00dflich Webinaren, Tutorials und Artikeln, die sowohl neuen als auch erfahrenen H\u00e4ndlern helfen, auf dem Laufenden zu bleiben und ihre Handelsstrategien zu verbessern.<\/p><\/li><\/ul><h3 class=\"\" data-start=\"4519\" data-end=\"4553\">6. <strong data-start=\"4526\" data-end=\"4553\">Regulierung und Sicherheit<\/strong><\/h3><p class=\"\" data-start=\"4555\" data-end=\"4926\">In Bezug auf die Regulierung arbeitet Headway Broker nach strengen Finanzvorschriften und gew\u00e4hrleistet die Sicherheit aller H\u00e4ndler. Sie verwenden fortschrittliche Verschl\u00fcsselungstechnologien, um Benutzerdaten und -fonds zu sch\u00fctzen und sicherzustellen, dass Ihr Handelserlebnis sicher ist. \u00dcberpr\u00fcfen Sie jedoch immer, ob die Regulierungsbeh\u00f6rde des Maklers mit den Handelsgesetzen Ihrer Region \u00fcbereinstimmt, bevor Sie mit dem Handel beginnen.<\/p><h3 class=\"\" data-start=\"4928\" data-end=\"4970\">7. <strong data-start=\"4935\" data-end=\"4970\">Vor- und Nachteile des Headway Brokers<\/strong><\/h3><h4 class=\"\" data-start=\"4972\" data-end=\"4982\">Vorteile:<\/h4><ul data-start=\"4983\" data-end=\"5324\"><li class=\"\" data-start=\"4983\" data-end=\"5060\"><p class=\"\" data-start=\"4985\" data-end=\"5060\">Breites Angebot an Handelsplattformen, einschlie\u00dflich MT4, MT5 und webbasierte Optionen.<\/p><\/li><li class=\"\" data-start=\"5061\" data-end=\"5127\"><p class=\"\" data-start=\"5063\" data-end=\"5127\">Wettbewerbsf\u00e4hige Spreads und niedrige Provisionsgeb\u00fchren auf bestimmten Konten.<\/p><\/li><li class=\"\" data-start=\"5128\" data-end=\"5181\"><p class=\"\" data-start=\"5130\" data-end=\"5181\">Optionen f\u00fcr hohe Hebelwirkung f\u00fcr erfahrene H\u00e4ndler.<\/p><\/li><li class=\"\" data-start=\"5182\" data-end=\"5227\"><p class=\"\" data-start=\"5184\" data-end=\"5227\">Hervorragender Kundensupport, rund um die Uhr verf\u00fcgbar.<\/p><\/li><li class=\"\" data-start=\"5228\" data-end=\"5270\"><p class=\"\" data-start=\"5230\" data-end=\"5270\">Keine Einzahlungsgeb\u00fchren bei den meisten Zahlungsmethoden.<\/p><\/li><li class=\"\" data-start=\"5271\" data-end=\"5324\"><p class=\"\" data-start=\"5273\" data-end=\"5324\">Compliance und starke Sicherheitsfunktionen.<\/p><\/li><\/ul><h4 class=\"\" data-start=\"5326\" data-end=\"5336\">Nachteile:<\/h4><ul data-start=\"5337\" data-end=\"5523\"><li class=\"\" data-start=\"5337\" data-end=\"5383\"><p class=\"\" data-start=\"5339\" data-end=\"5383\">Begrenzte Forschungswerkzeuge f\u00fcr fortgeschrittene H\u00e4ndler.<\/p><\/li><li class=\"\" data-start=\"5384\" data-end=\"5436\"><p class=\"\" data-start=\"5386\" data-end=\"5436\">Abhebungsgeb\u00fchren k\u00f6nnen je nach Methode anfallen.<\/p><\/li><li class=\"\" data-start=\"5437\" data-end=\"5523\"><p class=\"\" data-start=\"5439\" data-end=\"5523\">Die Bildungsressourcen des Brokers k\u00f6nnten f\u00fcr Anf\u00e4nger umfassender sein.<\/p><\/li><\/ul><h3 class=\"\" data-start=\"5525\" data-end=\"5596\">8. <strong data-start=\"5532\" data-end=\"5596\">Schlussbescheid: Sollten Sie 2025 mit Headway Broker handeln?<\/strong><\/h3><p class=\"\" data-start=\"5598\" data-end=\"5938\">Headway Broker ist eine hervorragende Option f\u00fcr H\u00e4ndler im Jahr 2025, insbesondere f\u00fcr diejenigen, die eine zuverl\u00e4ssige und sichere Plattform mit einer Vielzahl von Kontotypen, wettbewerbsf\u00e4higen Spreads und qualitativ hochwertiger Kundenbetreuung suchen. Ob Sie Anf\u00e4nger oder fortgeschrittener Trader sind, Headway bietet die Tools und Dienstleistungen, die Sie ben\u00f6tigen, um auf den Finanzm\u00e4rkten erfolgreich zu sein.<\/p><p class=\"\" data-start=\"5940\" data-end=\"6222\">Durch Flexibilit\u00e4t, Transparenz und Sicherheit positioniert sich Headway als vertrauensw\u00fcrdige Wahl in der Welt des Online-Handels. Wie bei jedem Broker ist es jedoch wichtig, Ihre Due-Diligence-Pr\u00fcfung durchzuf\u00fchren und sicherzustellen, dass die Plattform Ihren Handelszielen und Ihrer Risikotoleranz entspricht.<\/p><p class=\"\" data-start=\"6224\" data-end=\"6308\"><strong data-start=\"6224\" data-end=\"6308\">Starten Sie noch heute mit Headway Broker und bringen Sie Ihren Handel auf die n\u00e4chste Stufe!<\/strong><\/p>\t\t\t\t\t\t\t\t<\/div>\n\t\t\t\t<\/div>\n\t\t\t\t\t<\/div>\n\t\t<\/div>\n\t\t\t\t\t<\/div>\n\t\t<\/section>\n\t\t\t\t<\/div>","protected":false},"excerpt":{"rendered":"<p>Are you considering trading with Headway broker in 2025? This detailed review will provide all the necessary insights into Headway&#8217;s [&hellip;]<\/p>\n","protected":false},"author":1,"featured_media":0,"parent":0,"menu_order":0,"comment_status":"closed","ping_status":"closed","template":"","meta":{"site-sidebar-layout":"default","site-content-layout":"","ast-site-content-layout":"default","site-content-style":"default","site-sidebar-style":"default","ast-global-header-display":"","ast-banner-title-visibility":"","ast-main-header-display":"","ast-hfb-above-header-display":"","ast-hfb-below-header-display":"","ast-hfb-mobile-header-display":"","site-post-title":"","ast-breadcrumbs-content":"","ast-featured-img":"","footer-sml-layout":"","ast-disable-related-posts":"","theme-transparent-header-meta":"","adv-header-id-meta":"","stick-header-meta":"","header-above-stick-meta":"","header-main-stick-meta":"","header-below-stick-meta":"","astra-migrate-meta-layouts":"default","ast-page-background-enabled":"default","ast-page-background-meta":{"desktop":{"background-color":"var(--ast-global-color-5)","background-image":"","background-repeat":"repeat","background-position":"center center","background-size":"auto","background-attachment":"scroll","background-type":"","background-media":"","overlay-type":"","overlay-color":"","overlay-opacity":"","overlay-gradient":""},"tablet":{"background-color":"","background-image":"","background-repeat":"repeat","background-position":"center center","background-size":"auto","background-attachment":"scroll","background-type":"","background-media":"","overlay-type":"","overlay-color":"","overlay-opacity":"","overlay-gradient":""},"mobile":{"background-color":"","background-image":"","background-repeat":"repeat","background-position":"center center","background-size":"auto","background-attachment":"scroll","background-type":"","background-media":"","overlay-type":"","overlay-color":"","overlay-opacity":"","overlay-gradient":""}},"ast-content-background-meta":{"desktop":{"background-color":"var(--ast-global-color-4)","background-image":"","background-repeat":"repeat","background-position":"center center","background-size":"auto","background-attachment":"scroll","background-type":"","background-media":"","overlay-type":"","overlay-color":"","overlay-opacity":"","overlay-gradient":""},"tablet":{"background-color":"var(--ast-global-color-4)","background-image":"","background-repeat":"repeat","background-position":"center center","background-size":"auto","background-attachment":"scroll","background-type":"","background-media":"","overlay-type":"","overlay-color":"","overlay-opacity":"","overlay-gradient":""},"mobile":{"background-color":"var(--ast-global-color-4)","background-image":"","background-repeat":"repeat","background-position":"center center","background-size":"auto","background-attachment":"scroll","background-type":"","background-media":"","overlay-type":"","overlay-color":"","overlay-opacity":"","overlay-gradient":""}},"footnotes":""},"class_list":["post-537","page","type-page","status-publish","hentry"],"_links":{"self":[{"href":"https:\/\/headwaybrokers.com\/de\/wp-json\/wp\/v2\/pages\/537","targetHints":{"allow":["GET"]}}],"collection":[{"href":"https:\/\/headwaybrokers.com\/de\/wp-json\/wp\/v2\/pages"}],"about":[{"href":"https:\/\/headwaybrokers.com\/de\/wp-json\/wp\/v2\/types\/page"}],"author":[{"embeddable":true,"href":"https:\/\/headwaybrokers.com\/de\/wp-json\/wp\/v2\/users\/1"}],"replies":[{"embeddable":true,"href":"https:\/\/headwaybrokers.com\/de\/wp-json\/wp\/v2\/comments?post=537"}],"version-history":[{"count":7,"href":"https:\/\/headwaybrokers.com\/de\/wp-json\/wp\/v2\/pages\/537\/revisions"}],"predecessor-version":[{"id":1120,"href":"https:\/\/headwaybrokers.com\/de\/wp-json\/wp\/v2\/pages\/537\/revisions\/1120"}],"wp:attachment":[{"href":"https:\/\/headwaybrokers.com\/de\/wp-json\/wp\/v2\/media?parent=537"}],"curies":[{"name":"wp","href":"https:\/\/api.w.org\/{rel}","templated":true}]}}