{"id":737,"date":"2025-08-08T09:04:06","date_gmt":"2025-08-08T09:04:06","guid":{"rendered":"https:\/\/headwaybrokers.com\/?page_id=737"},"modified":"2025-10-16T11:13:07","modified_gmt":"2025-10-16T11:13:07","slug":"uber-headway-broker","status":"publish","type":"page","link":"https:\/\/headwaybrokers.com\/de\/about-headway-broker\/","title":{"rendered":"\u00dcber Headway Broker - Alles, was Sie wissen m\u00fcssen, bevor Sie mit dem Handel beginnen"},"content":{"rendered":"<div data-elementor-type=\"wp-page\" data-elementor-id=\"737\" class=\"elementor elementor-737\" data-elementor-post-type=\"page\">\n\t\t\t\t\t\t<section class=\"elementor-section elementor-top-section elementor-element elementor-element-f133194 elementor-section-boxed elementor-section-height-default elementor-section-height-default jltma-glass-effect-no\" data-id=\"f133194\" data-element_type=\"section\" data-e-type=\"section\">\n\t\t\t\t\t\t<div class=\"elementor-container elementor-column-gap-default\">\n\t\t\t\t\t<div class=\"elementor-column elementor-col-100 elementor-top-column elementor-element elementor-element-8799008 jltma-glass-effect-no\" data-id=\"8799008\" data-element_type=\"column\" data-e-type=\"column\">\n\t\t\t<div class=\"elementor-widget-wrap\">\n\t\t\t\t\t\t\t<\/div>\n\t\t<\/div>\n\t\t\t\t\t<\/div>\n\t\t<\/section>\n\t\t\t\t<section class=\"elementor-section elementor-top-section elementor-element elementor-element-b1e2d72 elementor-section-boxed elementor-section-height-default elementor-section-height-default jltma-glass-effect-no\" data-id=\"b1e2d72\" data-element_type=\"section\" data-e-type=\"section\">\n\t\t\t\t\t\t<div class=\"elementor-container elementor-column-gap-default\">\n\t\t\t\t\t<div class=\"elementor-column elementor-col-100 elementor-top-column elementor-element elementor-element-a1e39f6 jltma-glass-effect-no\" data-id=\"a1e39f6\" data-element_type=\"column\" data-e-type=\"column\">\n\t\t\t<div class=\"elementor-widget-wrap\">\n\t\t\t\t\t\t\t<\/div>\n\t\t<\/div>\n\t\t\t\t\t<\/div>\n\t\t<\/section>\n\t\t\t\t<section class=\"elementor-section elementor-top-section elementor-element elementor-element-73f449d elementor-section-boxed elementor-section-height-default elementor-section-height-default jltma-glass-effect-no\" data-id=\"73f449d\" data-element_type=\"section\" data-e-type=\"section\">\n\t\t\t\t\t\t<div class=\"elementor-container elementor-column-gap-default\">\n\t\t\t\t\t<div class=\"elementor-column elementor-col-100 elementor-top-column elementor-element elementor-element-071fba9 jltma-glass-effect-no\" data-id=\"071fba9\" data-element_type=\"column\" data-e-type=\"column\">\n\t\t\t<div class=\"elementor-widget-wrap elementor-element-populated\">\n\t\t\t\t\t\t<div class=\"elementor-element elementor-element-46d5149 jltma-glass-effect-no elementor-widget elementor-widget-image\" data-id=\"46d5149\" data-element_type=\"widget\" data-e-type=\"widget\" data-widget_type=\"image.default\">\n\t\t\t\t<div class=\"elementor-widget-container\">\n\t\t\t\t\t\t\t\t\t\t\t\t\t\t\t<img decoding=\"async\" width=\"204\" height=\"192\" src=\"https:\/\/headwaybrokers.com\/wp-content\/uploads\/2024\/01\/download-9.png\" class=\"attachment-large size-large wp-image-142\" alt=\"Headway Broker\" \/>\t\t\t\t\t\t\t\t\t\t\t\t\t\t\t<\/div>\n\t\t\t\t<\/div>\n\t\t\t\t\t<\/div>\n\t\t<\/div>\n\t\t\t\t\t<\/div>\n\t\t<\/section>\n\t\t\t\t<section class=\"elementor-section elementor-top-section elementor-element elementor-element-9cf4ec1 elementor-section-boxed elementor-section-height-default elementor-section-height-default jltma-glass-effect-no\" data-id=\"9cf4ec1\" data-element_type=\"section\" data-e-type=\"section\">\n\t\t\t\t\t\t<div class=\"elementor-container elementor-column-gap-default\">\n\t\t\t\t\t<div class=\"elementor-column elementor-col-100 elementor-top-column elementor-element elementor-element-768b132 jltma-glass-effect-no\" data-id=\"768b132\" data-element_type=\"column\" data-e-type=\"column\">\n\t\t\t<div class=\"elementor-widget-wrap elementor-element-populated\">\n\t\t\t\t\t\t<div class=\"elementor-element elementor-element-c27cad8 jltma-glass-effect-no elementor-widget elementor-widget-heading\" data-id=\"c27cad8\" data-element_type=\"widget\" data-e-type=\"widget\" data-widget_type=\"heading.default\">\n\t\t\t\t<div class=\"elementor-widget-container\">\n\t\t\t\t\t<h1 class=\"elementor-heading-title elementor-size-default\">\u00dcber Headway Broker - Alles, was Sie wissen m\u00fcssen, bevor Sie mit dem Handel beginnen<\/h1>\t\t\t\t<\/div>\n\t\t\t\t<\/div>\n\t\t\t\t\t<\/div>\n\t\t<\/div>\n\t\t\t\t\t<\/div>\n\t\t<\/section>\n\t\t\t\t<section class=\"elementor-section elementor-top-section elementor-element elementor-element-9e6c3e5 elementor-section-boxed elementor-section-height-default elementor-section-height-default jltma-glass-effect-no\" data-id=\"9e6c3e5\" data-element_type=\"section\" data-e-type=\"section\">\n\t\t\t\t\t\t<div class=\"elementor-container elementor-column-gap-default\">\n\t\t\t\t\t<div class=\"elementor-column elementor-col-100 elementor-top-column elementor-element elementor-element-17ee729 jltma-glass-effect-no\" data-id=\"17ee729\" data-element_type=\"column\" data-e-type=\"column\">\n\t\t\t<div class=\"elementor-widget-wrap elementor-element-populated\">\n\t\t\t\t\t\t<div class=\"elementor-element elementor-element-afcfc27 jltma-glass-effect-no elementor-widget elementor-widget-spacer\" data-id=\"afcfc27\" data-element_type=\"widget\" data-e-type=\"widget\" data-widget_type=\"spacer.default\">\n\t\t\t\t<div class=\"elementor-widget-container\">\n\t\t\t\t\t\t\t<div class=\"elementor-spacer\">\n\t\t\t<div class=\"elementor-spacer-inner\"><\/div>\n\t\t<\/div>\n\t\t\t\t\t\t<\/div>\n\t\t\t\t<\/div>\n\t\t\t\t\t<\/div>\n\t\t<\/div>\n\t\t\t\t\t<\/div>\n\t\t<\/section>\n\t\t\t\t<section class=\"elementor-section elementor-top-section elementor-element elementor-element-5da67ee elementor-section-boxed elementor-section-height-default elementor-section-height-default jltma-glass-effect-no\" data-id=\"5da67ee\" data-element_type=\"section\" data-e-type=\"section\">\n\t\t\t\t\t\t<div class=\"elementor-container elementor-column-gap-default\">\n\t\t\t\t\t<div class=\"elementor-column elementor-col-100 elementor-top-column elementor-element elementor-element-10cf77c jltma-glass-effect-no\" data-id=\"10cf77c\" data-element_type=\"column\" data-e-type=\"column\">\n\t\t\t<div class=\"elementor-widget-wrap elementor-element-populated\">\n\t\t\t\t\t\t<div class=\"elementor-element elementor-element-96839f8 jltma-glass-effect-no elementor-widget elementor-widget-text-editor\" data-id=\"96839f8\" data-element_type=\"widget\" data-e-type=\"widget\" data-widget_type=\"text-editor.default\">\n\t\t\t\t<div class=\"elementor-widget-container\">\n\t\t\t\t\t\t\t\t\t<h2 data-start=\"465\" data-end=\"518\">\u00dcber Headway Broker - Alles, was Sie wissen m\u00fcssen<\/h2><p data-start=\"520\" data-end=\"864\"><strong data-start=\"520\" data-end=\"538\">Fortschrittsmakler<\/strong> ist eine wachsende Online-Handelsplattform, die Zugang zu den globalen Finanzm\u00e4rkten bietet, einschlie\u00dflich <strong data-start=\"636\" data-end=\"645\">Devisen<\/strong>, <strong data-start=\"647\" data-end=\"662\">Rohstoffe<\/strong>, <strong data-start=\"664\" data-end=\"675\">Indizes<\/strong>, und <strong data-start=\"681\" data-end=\"701\">Kryptow\u00e4hrungen<\/strong>. drohen Headway wurde sowohl f\u00fcr Anf\u00e4nger als auch f\u00fcr erfahrene H\u00e4ndler entwickelt und konzentriert sich auf wettbewerbsf\u00e4hige Handelsbedingungen, fortschrittliche Tools und reaktionsschnelle Kundenbetreuung.<\/p><h3 data-start=\"866\" data-end=\"889\">1. Unternehmens\u00fcbersicht<\/h3><p data-start=\"890\" data-end=\"1214\">Headway Broker arbeitet als <strong data-start=\"920\" data-end=\"958\">Internationaler CFD und Forex-Broker<\/strong>, das Ziel ist, ein faires und transparentes Handelsumfeld zu schaffen. Das Unternehmen erbringt seine Dienstleistungen weltweit f\u00fcr H\u00e4ndler, au\u00dfer in eingeschr\u00e4nkten Gerichtsbarkeiten. Mit dem Fokus auf Innovation bietet Headway technologiegetriebene L\u00f6sungen f\u00fcr einen effizienten Marktzugang.<\/p><h3 data-start=\"1216\" data-end=\"1246\">2 . Regulierung und Sicherheit<\/h3><p data-start=\"1247\" data-end=\"1452\">Sicherheit und Vertrauen sind f\u00fcr jeden Broker unerl\u00e4sslich. Headway Broker verpflichtet sich, die Einhaltung einzuhalten <strong data-start=\"1342\" data-end=\"1381\">Internationale Finanzvorschriften<\/strong> und Umsetzung starker Ma\u00dfnahmen zur Sicherung der Kundengelder, einschlie\u00dflich:<\/p><ul data-start=\"1453\" data-end=\"1608\"><li data-start=\"1453\" data-end=\"1500\"><p data-start=\"1455\" data-end=\"1500\"><strong data-start=\"1455\" data-end=\"1478\">Aufgeteilte Konten<\/strong> F\u00fcr Kundeneinzahlungen<\/p><\/li><li data-start=\"1501\" data-end=\"1547\"><p data-start=\"1503\" data-end=\"1547\"><strong data-start=\"1503\" data-end=\"1521\">SSL-Verschl\u00fcsselung<\/strong> F\u00fcr sichere Transaktionen<\/p><\/li><li data-start=\"1548\" data-end=\"1608\"><p data-start=\"1550\" data-end=\"1608\">Beachtung <strong data-start=\"1566\" data-end=\"1597\">AML (Geldw\u00e4sche-Anti-Geldw\u00e4sche)<\/strong> Richtlinien<\/p><\/li><\/ul><h3 data-start=\"1610\" data-end=\"1634\">3. Handelsplattformen<\/h3><p data-start=\"1635\" data-end=\"1691\">Headway bietet beliebte, benutzerfreundliche Plattformen wie:<\/p><ul data-start=\"1692\" data-end=\"1847\"><li data-start=\"1692\" data-end=\"1764\"><p data-start=\"1694\" data-end=\"1764\"><strong data-start=\"1694\" data-end=\"1716\">Metatrader 4 (MT4)<\/strong> \u2013 Ideal f\u00fcr Anf\u00e4nger und algorithmische H\u00e4ndler<\/p><\/li><li data-start=\"1765\" data-end=\"1847\"><p data-start=\"1767\" data-end=\"1847\"><strong data-start=\"1767\" data-end=\"1789\">MetaTrader 5 (MT5)<\/strong> \u2013 Erweitertes Charting, mehr Auftragstypen und Markttiefe<\/p><\/li><\/ul><p data-start=\"1849\" data-end=\"1959\">Diese Plattformen sind auf Desktop-, Web- und Mobilger\u00e4ten verf\u00fcgbar und sorgen so f\u00fcr Flexibilit\u00e4t f\u00fcr H\u00e4ndler unterwegs.<\/p><h3 data-start=\"1961\" data-end=\"1981\">4. Kontotypen<\/h3><p data-start=\"1982\" data-end=\"2062\">Headway Broker bietet verschiedene Kontotypen an verschiedene Handelsstile:<\/p><ul data-start=\"2063\" data-end=\"2267\"><li data-start=\"2063\" data-end=\"2124\"><p data-start=\"2065\" data-end=\"2124\"><strong data-start=\"2065\" data-end=\"2085\">Standardkonto<\/strong> \u2013 Keine Provision, wettbewerbsf\u00e4hige Spreads<\/p><\/li><li data-start=\"2125\" data-end=\"2209\"><p data-start=\"2127\" data-end=\"2209\"><strong data-start=\"2127\" data-end=\"2142\">ECN-Konto<\/strong> \u2013 Rohspreads, Provisionspreise f\u00fcr professionelle H\u00e4ndler<\/p><\/li><li data-start=\"2210\" data-end=\"2267\"><p data-start=\"2212\" data-end=\"2267\"><strong data-start=\"2212\" data-end=\"2228\">Demokonto<\/strong> \u2013 Risikofreies Umfeld f\u00fcr die Praxis<\/p><\/li><\/ul><h3 data-start=\"2269\" data-end=\"2292\">5. Angebotene Produkte<\/h3><p data-start=\"2293\" data-end=\"2337\">H\u00e4ndler k\u00f6nnen ihr Portfolio diversifizieren mit:<\/p><ul data-start=\"2338\" data-end=\"2522\"><li data-start=\"2338\" data-end=\"2387\"><p data-start=\"2340\" data-end=\"2387\"><strong data-start=\"2340\" data-end=\"2355\">Forex-Paare<\/strong> \u2013 Majors, Minderj\u00e4hrige und Exotik<\/p><\/li><li data-start=\"2388\" data-end=\"2427\"><p data-start=\"2390\" data-end=\"2427\"><strong data-start=\"2390\" data-end=\"2405\">Rohstoffe<\/strong> \u2013 Gold, Silber, \u00d6l<\/p><\/li><li data-start=\"2428\" data-end=\"2476\"><p data-start=\"2430\" data-end=\"2476\"><strong data-start=\"2430\" data-end=\"2441\">Indizes<\/strong> \u2013 Globale B\u00f6rsen-Benchmarks<\/p><\/li><li data-start=\"2477\" data-end=\"2522\"><p data-start=\"2479\" data-end=\"2522\"><strong data-start=\"2479\" data-end=\"2499\">Kryptow\u00e4hrungen<\/strong> \u2013 BTC, ETH und mehr<\/p><\/li><\/ul><h3 data-start=\"2524\" data-end=\"2555\">6. Ein- und Auszahlungen<\/h3><p data-start=\"2556\" data-end=\"2598\">Headway unterst\u00fctzt mehrere Zahlungsoptionen:<\/p><ul data-start=\"2599\" data-end=\"2750\"><li data-start=\"2599\" data-end=\"2621\"><p data-start=\"2601\" data-end=\"2621\"><strong data-start=\"2601\" data-end=\"2619\">\u00dcberweisung<\/strong><\/p><\/li><li data-start=\"2622\" data-end=\"2648\"><p data-start=\"2624\" data-end=\"2648\"><strong data-start=\"2624\" data-end=\"2646\">Kredit-\/Debitkarten<\/strong><\/p><\/li><li data-start=\"2649\" data-end=\"2693\"><p data-start=\"2651\" data-end=\"2693\"><strong data-start=\"2651\" data-end=\"2664\">E-Wallets<\/strong> wie Skrill oder Neteller<\/p><\/li><li data-start=\"2694\" data-end=\"2750\"><p data-start=\"2696\" data-end=\"2750\">Schnelle Abwicklungszeiten ohne versteckte Geb\u00fchren<\/p><\/li><\/ul><h3 data-start=\"2752\" data-end=\"2780\">7 . Bildung und Unterst\u00fctzung<\/h3><p data-start=\"2781\" data-end=\"2818\">Headway Broker bietet Ressourcen wie:<\/p><ul data-start=\"2819\" data-end=\"2943\"><li data-start=\"2819\" data-end=\"2857\"><p data-start=\"2821\" data-end=\"2857\"><strong data-start=\"2821\" data-end=\"2855\">Trading-Tutorials und Webinare<\/strong><\/p><\/li><li data-start=\"2858\" data-end=\"2904\"><p data-start=\"2860\" data-end=\"2904\"><strong data-start=\"2860\" data-end=\"2879\">Marktanalyse<\/strong> und Wirtschaftskalender<\/p><\/li><li data-start=\"2905\" data-end=\"2943\"><p data-start=\"2907\" data-end=\"2943\">24\/5 mehrsprachiger Kundensupport<\/p><\/li><\/ul><h3 data-start=\"2945\" data-end=\"2985\">8. Warum H\u00e4ndler Headway Broker w\u00e4hlen<\/h3><ul data-start=\"2986\" data-end=\"3129\"><li data-start=\"2986\" data-end=\"3020\"><p data-start=\"2988\" data-end=\"3020\">Transparente Handelsbedingungen<\/p><\/li><li data-start=\"3021\" data-end=\"3058\"><p data-start=\"3023\" data-end=\"3058\">Enge Spreads und niedrige Provisionen<\/p><\/li><li data-start=\"3059\" data-end=\"3099\"><p data-start=\"3061\" data-end=\"3099\">Zugriff auf leistungsstarke Handelsplattformen<\/p><\/li><li data-start=\"3100\" data-end=\"3129\"><p data-start=\"3102\" data-end=\"3129\">Zuverl\u00e4ssiger Kundenservice<\/p><\/li><\/ul>\t\t\t\t\t\t\t\t<\/div>\n\t\t\t\t<\/div>\n\t\t\t\t\t<\/div>\n\t\t<\/div>\n\t\t\t\t\t<\/div>\n\t\t<\/section>\n\t\t\t\t<\/div>","protected":false},"excerpt":{"rendered":"<p>About Headway Broker \u2013 Everything You Need to Know Before You Start Trading About Headway Broker \u2013 Everything You Need [&hellip;]<\/p>\n","protected":false},"author":1,"featured_media":142,"parent":0,"menu_order":0,"comment_status":"closed","ping_status":"closed","template":"elementor_header_footer","meta":{"site-sidebar-layout":"no-sidebar","site-content-layout":"","ast-site-content-layout":"full-width-container","site-content-style":"default","site-sidebar-style":"default","ast-global-header-display":"","ast-banner-title-visibility":"","ast-main-header-display":"","ast-hfb-above-header-display":"","ast-hfb-below-header-display":"","ast-hfb-mobile-header-display":"","site-post-title":"disabled","ast-breadcrumbs-content":"","ast-featured-img":"disabled","footer-sml-layout":"","ast-disable-related-posts":"","theme-transparent-header-meta":"default","adv-header-id-meta":"","stick-header-meta":"","header-above-stick-meta":"","header-main-stick-meta":"","header-below-stick-meta":"","astra-migrate-meta-layouts":"set","ast-page-background-enabled":"default","ast-page-background-meta":{"desktop":{"background-color":"var(--ast-global-color-5)","background-image":"","background-repeat":"repeat","background-position":"center center","background-size":"auto","background-attachment":"scroll","background-type":"","background-media":"","overlay-type":"","overlay-color":"","overlay-opacity":"","overlay-gradient":""},"tablet":{"background-color":"","background-image":"","background-repeat":"repeat","background-position":"center center","background-size":"auto","background-attachment":"scroll","background-type":"","background-media":"","overlay-type":"","overlay-color":"","overlay-opacity":"","overlay-gradient":""},"mobile":{"background-color":"","background-image":"","background-repeat":"repeat","background-position":"center center","background-size":"auto","background-attachment":"scroll","background-type":"","background-media":"","overlay-type":"","overlay-color":"","overlay-opacity":"","overlay-gradient":""}},"ast-content-background-meta":{"desktop":{"background-color":"var(--ast-global-color-4)","background-image":"","background-repeat":"repeat","background-position":"center center","background-size":"auto","background-attachment":"scroll","background-type":"","background-media":"","overlay-type":"","overlay-color":"","overlay-opacity":"","overlay-gradient":""},"tablet":{"background-color":"var(--ast-global-color-4)","background-image":"","background-repeat":"repeat","background-position":"center center","background-size":"auto","background-attachment":"scroll","background-type":"","background-media":"","overlay-type":"","overlay-color":"","overlay-opacity":"","overlay-gradient":""},"mobile":{"background-color":"var(--ast-global-color-4)","background-image":"","background-repeat":"repeat","background-position":"center center","background-size":"auto","background-attachment":"scroll","background-type":"","background-media":"","overlay-type":"","overlay-color":"","overlay-opacity":"","overlay-gradient":""}},"footnotes":""},"class_list":["post-737","page","type-page","status-publish","has-post-thumbnail","hentry"],"_links":{"self":[{"href":"https:\/\/headwaybrokers.com\/de\/wp-json\/wp\/v2\/pages\/737","targetHints":{"allow":["GET"]}}],"collection":[{"href":"https:\/\/headwaybrokers.com\/de\/wp-json\/wp\/v2\/pages"}],"about":[{"href":"https:\/\/headwaybrokers.com\/de\/wp-json\/wp\/v2\/types\/page"}],"author":[{"embeddable":true,"href":"https:\/\/headwaybrokers.com\/de\/wp-json\/wp\/v2\/users\/1"}],"replies":[{"embeddable":true,"href":"https:\/\/headwaybrokers.com\/de\/wp-json\/wp\/v2\/comments?post=737"}],"version-history":[{"count":10,"href":"https:\/\/headwaybrokers.com\/de\/wp-json\/wp\/v2\/pages\/737\/revisions"}],"predecessor-version":[{"id":956,"href":"https:\/\/headwaybrokers.com\/de\/wp-json\/wp\/v2\/pages\/737\/revisions\/956"}],"wp:featuredmedia":[{"embeddable":true,"href":"https:\/\/headwaybrokers.com\/de\/wp-json\/wp\/v2\/media\/142"}],"wp:attachment":[{"href":"https:\/\/headwaybrokers.com\/de\/wp-json\/wp\/v2\/media?parent=737"}],"curies":[{"name":"wp","href":"https:\/\/api.w.org\/{rel}","templated":true}]}}