{"id":537,"date":"2025-04-27T13:33:01","date_gmt":"2025-04-27T13:33:01","guid":{"rendered":"https:\/\/headwaybrokers.com\/?page_id=537"},"modified":"2026-02-20T22:19:19","modified_gmt":"2026-02-20T22:19:19","slug":"headway-broker-review-2025-una-descripcion-general-completa-de-las-funciones-de-los-servicios-y-la-experiencia-del-usuario-2","status":"publish","type":"page","link":"https:\/\/headwaybrokers.com\/es\/headway-broker-review-2025-a-comprehensive-overview-of-services-features-and-user-experience-2\/","title":{"rendered":"Headway Broker Review 2026: una descripci\u00f3n general completa de los servicios, las caracter\u00edsticas y la experiencia del usuario"},"content":{"rendered":"<div data-elementor-type=\"wp-page\" data-elementor-id=\"537\" class=\"elementor elementor-537\" data-elementor-post-type=\"page\">\n\t\t\t\t\t\t<section class=\"elementor-section elementor-top-section elementor-element elementor-element-457023b elementor-section-boxed elementor-section-height-default elementor-section-height-default jltma-glass-effect-no\" data-id=\"457023b\" data-element_type=\"section\" data-e-type=\"section\">\n\t\t\t\t\t\t<div class=\"elementor-container elementor-column-gap-default\">\n\t\t\t\t\t<div class=\"elementor-column elementor-col-100 elementor-top-column elementor-element elementor-element-6badd2a jltma-glass-effect-no\" data-id=\"6badd2a\" data-element_type=\"column\" data-e-type=\"column\">\n\t\t\t<div class=\"elementor-widget-wrap elementor-element-populated\">\n\t\t\t\t\t\t<div class=\"elementor-element elementor-element-c9b2c11 jltma-glass-effect-no elementor-widget elementor-widget-text-editor\" data-id=\"c9b2c11\" data-element_type=\"widget\" data-e-type=\"widget\" data-widget_type=\"text-editor.default\">\n\t\t\t\t<div class=\"elementor-widget-container\">\n\t\t\t\t\t\t\t\t\t<p class=\"\" data-start=\"293\" data-end=\"613\">\u00bfEst\u00e1 considerando negociar con Headway Broker en 2025? Esta revisi\u00f3n detallada proporcionar\u00e1 todos los conocimientos necesarios sobre las ofertas, las ventajas y los posibles inconvenientes de Headway. Ya sea que sea un comerciante experimentado o un principiante, comprender las caracter\u00edsticas clave de este corredor es esencial para tomar una decisi\u00f3n informada.<\/p><h3 class=\"\" data-start=\"615\" data-end=\"656\">1. <strong data-start=\"622\" data-end=\"656\">Introducci\u00f3n al corredor de avance<\/strong><\/h3><p class=\"\" data-start=\"658\" data-end=\"1061\"><a href=\"https:\/\/headway.partners\/user\/signup?hwp=a1b56a\" rel=\"nofollow noopener\" target=\"_blank\"><strong>Agente de avance<\/strong><\/a> Ha estado ganando terreno en el mundo del comercio en l\u00ednea por su interfaz f\u00e1cil de usar y sus productos financieros robustos. Fundada con el objetivo de simplificar el proceso de trading, Headway tiene como objetivo proporcionar una plataforma que satisfaga las necesidades de los comerciantes novatos y experimentados. En 2025, Headway contin\u00faa evolucionando con herramientas innovadoras, amplia cobertura del mercado y caracter\u00edsticas centradas en el cliente.<\/p><h3 class=\"\" data-start=\"1063\" data-end=\"1101\">2. <strong data-start=\"1070\" data-end=\"1101\">Plataformas y herramientas de negociaci\u00f3n<\/strong><\/h3><p class=\"\" data-start=\"1103\" data-end=\"1246\">Headway ofrece una gama de plataformas de negociaci\u00f3n dise\u00f1adas para adaptarse a varias preferencias de los comerciantes. Aqu\u00ed hay un vistazo a las plataformas m\u00e1s populares disponibles:<\/p><ul data-start=\"1248\" data-end=\"2010\"><li class=\"\" data-start=\"1248\" data-end=\"1498\"><p class=\"\" data-start=\"1250\" data-end=\"1498\"><strong data-start=\"1250\" data-end=\"1272\">Metatrader 4 (MT4)<\/strong>: Conocido por su simplicidad y amplias funcionalidades, MT4 sigue siendo una de las mejores opciones entre los comerciantes minoristas. Headway Broker ofrece soporte completo para MT4, lo que garantiza una ejecuci\u00f3n perfecta, gr\u00e1ficos en tiempo real y opciones de negociaci\u00f3n automatizadas.<\/p><\/li><li class=\"\" data-start=\"1500\" data-end=\"1764\"><p class=\"\" data-start=\"1502\" data-end=\"1764\"><strong data-start=\"1502\" data-end=\"1524\">Metatrader 5 (MT5)<\/strong>: MT5 es la versi\u00f3n mejorada de MT4, que ofrece funciones adicionales, como m\u00e1s marcos de tiempo, un sistema de gr\u00e1ficos m\u00e1s avanzado y herramientas anal\u00edticas m\u00e1s profundas. Los comerciantes que buscan una plataforma moderna y completa encontrar\u00e1n que MT5 es una excelente opci\u00f3n.<\/p><\/li><li class=\"\" data-start=\"1766\" data-end=\"2010\"><p class=\"\" data-start=\"1768\" data-end=\"2010\"><strong data-start=\"1768\" data-end=\"1792\">Plataforma de comercio web<\/strong>: Para aquellos que prefieren operar directamente desde su navegador, Headway ofrece una plataforma basada en la web. Esta plataforma es ligera, accesible y no requiere descargas, y ofrece flexibilidad a los operadores sobre la marcha.<\/p><\/li><\/ul><h3 class=\"\" data-start=\"2012\" data-end=\"2049\">3. <strong data-start=\"2019\" data-end=\"2049\">Tipos y caracter\u00edsticas de cuenta<\/strong><\/h3><p class=\"\" data-start=\"2051\" data-end=\"2201\">Headway ofrece varios tipos de cuentas dise\u00f1ados para acomodar a los comerciantes con diferentes niveles de experiencia. Aqu\u00ed hay un desglose de las opciones disponibles:<\/p><ul data-start=\"2203\" data-end=\"3145\"><li class=\"\" data-start=\"2203\" data-end=\"2468\"><p class=\"\" data-start=\"2205\" data-end=\"2468\"><strong data-start=\"2205\" data-end=\"2225\">Cuenta est\u00e1ndar<\/strong>: La cuenta de nivel de entrada dise\u00f1ada para comerciantes principiantes. Ofrece acceso a una amplia gama de mercados, incluidos Forex, materias primas e \u00edndices. El apalancamiento y los diferenciales son competitivos, lo que los hace adecuados para quienes comienzan su viaje de trading.<\/p><\/li><li class=\"\" data-start=\"2470\" data-end=\"2711\"><p class=\"\" data-start=\"2472\" data-end=\"2711\"><strong data-start=\"2472\" data-end=\"2487\">cuenta pro<\/strong>: Esta cuenta est\u00e1 dise\u00f1ada para comerciantes m\u00e1s experimentados. Ofrece spreads m\u00e1s ajustados, mayor apalancamiento y acceso a herramientas de comercio avanzadas. Los titulares de cuentas Pro tambi\u00e9n obtienen atenci\u00f3n al cliente prioritaria y una ejecuci\u00f3n de pedidos m\u00e1s r\u00e1pida.<\/p><\/li><li class=\"\" data-start=\"2713\" data-end=\"2955\"><p class=\"\" data-start=\"2715\" data-end=\"2955\"><strong data-start=\"2715\" data-end=\"2730\">Cuenta ECN<\/strong>: La cuenta ECN es ideal para comerciantes profesionales que exigen la mejor ejecuci\u00f3n y liquidez posibles. Con acceso directo a los mercados interbancarios, esta cuenta ofrece los m\u00e1rgenes m\u00e1s bajos, con una estructura de tarifas basada en comisiones.<\/p><\/li><li class=\"\" data-start=\"2957\" data-end=\"3145\"><p class=\"\" data-start=\"2959\" data-end=\"3145\"><strong data-start=\"2959\" data-end=\"2978\">Cuenta isl\u00e1mica<\/strong>: Headway Broker tambi\u00e9n ofrece una opci\u00f3n de cuenta isl\u00e1mica, atendiendo a los comerciantes que requieren negociaci\u00f3n sin swaps, lo que garantiza el cumplimiento de los principios financieros isl\u00e1micos.<\/p><\/li><\/ul><h3 class=\"\" data-start=\"3147\" data-end=\"3182\">4. <strong data-start=\"3154\" data-end=\"3182\">Dep\u00f3sitos y Retiros<\/strong><\/h3><p class=\"\" data-start=\"3184\" data-end=\"3290\">Headway ofrece una variedad de m\u00e9todos de dep\u00f3sito y retiro para que las transacciones sean lo m\u00e1s fluidas posible:<\/p><ul data-start=\"3292\" data-end=\"3851\"><li class=\"\" data-start=\"3292\" data-end=\"3497\"><p class=\"\" data-start=\"3294\" data-end=\"3497\"><strong data-start=\"3294\" data-end=\"3313\">M\u00e9todos de pago<\/strong>: Los comerciantes pueden financiar sus cuentas utilizando varias opciones de pago, incluidas tarjetas de cr\u00e9dito y d\u00e9bito, transferencias bancarias, billeteras electr\u00f3nicas como Skrill y Neteller, e incluso dep\u00f3sitos de criptomonedas.<\/p><\/li><li class=\"\" data-start=\"3499\" data-end=\"3646\"><p class=\"\" data-start=\"3501\" data-end=\"3646\"><strong data-start=\"3501\" data-end=\"3517\">Tarifas de dep\u00f3sito<\/strong>: La mayor\u00eda de los m\u00e9todos de dep\u00f3sito no tienen cargos adicionales, aunque esto puede depender del m\u00e9todo de pago y del pa\u00eds de residencia.<\/p><\/li><li class=\"\" data-start=\"3648\" data-end=\"3851\"><p class=\"\" data-start=\"3650\" data-end=\"3851\"><strong data-start=\"3650\" data-end=\"3665\">retiros<\/strong>: Los procesos de retirada suelen ser r\u00e1pidos, y la mayor\u00eda de los m\u00e9todos se completan dentro de las 24-48 horas. Sin embargo, es importante tener en cuenta que las tarifas de retiro pueden variar seg\u00fan el m\u00e9todo elegido.<\/p><\/li><\/ul><h3 class=\"\" data-start=\"3853\" data-end=\"3880\">5. <strong data-start=\"3860\" data-end=\"3880\">Atenci\u00f3n al cliente<\/strong><\/h3><p class=\"\" data-start=\"3882\" data-end=\"3999\">La atenci\u00f3n al cliente es un factor esencial al elegir un corredor, y Headway sobresale en esta \u00e1rea. El corredor proporciona:<\/p><ul data-start=\"4001\" data-end=\"4517\"><li class=\"\" data-start=\"4001\" data-end=\"4120\"><p class=\"\" data-start=\"4003\" data-end=\"4120\"><strong data-start=\"4003\" data-end=\"4019\">Soporte 24\/7<\/strong>: Disponible a trav\u00e9s de chat en vivo, correo electr\u00f3nico y tel\u00e9fono, lo que garantiza que pueda comunicarse con la ayuda.<\/p><\/li><li class=\"\" data-start=\"4122\" data-end=\"4289\"><p class=\"\" data-start=\"4124\" data-end=\"4289\"><strong data-start=\"4124\" data-end=\"4148\">Soporte multiling\u00fce<\/strong>: Con una presencia global, Headway ofrece soporte en varios idiomas, lo que garantiza que las barreras del idioma no obstaculicen su experiencia comercial.<\/p><\/li><li class=\"\" data-start=\"4291\" data-end=\"4517\"><p class=\"\" data-start=\"4293\" data-end=\"4517\"><strong data-start=\"4293\" data-end=\"4318\">recursos educativos<\/strong>: Headway tambi\u00e9n ofrece una amplia gama de recursos educativos, que incluyen seminarios web, tutoriales y art\u00edculos, ayudando a los comerciantes nuevos y experimentados a mantenerse actualizados y mejorar sus estrategias comerciales.<\/p><\/li><\/ul><h3 class=\"\" data-start=\"4519\" data-end=\"4553\">6. <strong data-start=\"4526\" data-end=\"4553\">Regulaci\u00f3n y seguridad<\/strong><\/h3><p class=\"\" data-start=\"4555\" data-end=\"4926\">En t\u00e9rminos de regulaci\u00f3n, Headway Broker opera bajo estrictas regulaciones financieras, garantizando la seguridad y la seguridad de todos los comerciantes. Utilizan tecnolog\u00edas de encriptaci\u00f3n avanzadas para proteger los datos y los fondos de los usuarios, asegurando que su experiencia comercial sea segura. Sin embargo, siempre verifique si el organismo regulador del corredor se alinea con las leyes comerciales de su regi\u00f3n antes de comenzar a operar.<\/p><h3 class=\"\" data-start=\"4928\" data-end=\"4970\">7. <strong data-start=\"4935\" data-end=\"4970\">Pros y contras del corredor de avance<\/strong><\/h3><h4 class=\"\" data-start=\"4972\" data-end=\"4982\">Ventajas:<\/h4><ul data-start=\"4983\" data-end=\"5324\"><li class=\"\" data-start=\"4983\" data-end=\"5060\"><p class=\"\" data-start=\"4985\" data-end=\"5060\">Amplia gama de plataformas comerciales, incluidas las opciones MT4, MT5 y basadas en la web.<\/p><\/li><li class=\"\" data-start=\"5061\" data-end=\"5127\"><p class=\"\" data-start=\"5063\" data-end=\"5127\">Spreads competitivos y bajas comisiones en ciertas cuentas.<\/p><\/li><li class=\"\" data-start=\"5128\" data-end=\"5181\"><p class=\"\" data-start=\"5130\" data-end=\"5181\">Opciones de alto apalancamiento para los comerciantes m\u00e1s experimentados.<\/p><\/li><li class=\"\" data-start=\"5182\" data-end=\"5227\"><p class=\"\" data-start=\"5184\" data-end=\"5227\">Excelente atenci\u00f3n al cliente, disponible 24\/7.<\/p><\/li><li class=\"\" data-start=\"5228\" data-end=\"5270\"><p class=\"\" data-start=\"5230\" data-end=\"5270\">Sin cargos de dep\u00f3sito en la mayor\u00eda de los m\u00e9todos de pago.<\/p><\/li><li class=\"\" data-start=\"5271\" data-end=\"5324\"><p class=\"\" data-start=\"5273\" data-end=\"5324\">Cumplimiento normativo y fuertes caracter\u00edsticas de seguridad.<\/p><\/li><\/ul><h4 class=\"\" data-start=\"5326\" data-end=\"5336\">Contras:<\/h4><ul data-start=\"5337\" data-end=\"5523\"><li class=\"\" data-start=\"5337\" data-end=\"5383\"><p class=\"\" data-start=\"5339\" data-end=\"5383\">Herramientas de investigaci\u00f3n limitadas para comerciantes avanzados.<\/p><\/li><li class=\"\" data-start=\"5384\" data-end=\"5436\"><p class=\"\" data-start=\"5386\" data-end=\"5436\">Pueden aplicarse cargos por retiro dependiendo del m\u00e9todo.<\/p><\/li><li class=\"\" data-start=\"5437\" data-end=\"5523\"><p class=\"\" data-start=\"5439\" data-end=\"5523\">Los recursos educativos del corredor podr\u00edan ser m\u00e1s completos para los comerciantes principiantes.<\/p><\/li><\/ul><h3 class=\"\" data-start=\"5525\" data-end=\"5596\">8. <strong data-start=\"5532\" data-end=\"5596\">Veredicto final: \u00bfDeber\u00eda negociar con Headway Broker en 2025?<\/strong><\/h3><p class=\"\" data-start=\"5598\" data-end=\"5938\">Headway Broker es una excelente opci\u00f3n para los comerciantes en 2025, en particular aquellos que buscan una plataforma segura y confiable con una variedad de tipos de cuentas, diferenciales competitivos y atenci\u00f3n al cliente de alta calidad. Ya sea que sea un principiante o un comerciante avanzado, Headway proporciona las herramientas y servicios que necesita para tener \u00e9xito en los mercados financieros.<\/p><p class=\"\" data-start=\"5940\" data-end=\"6222\">Al ofrecer flexibilidad, transparencia y seguridad, Headway se posiciona como una opci\u00f3n confiable en el mundo del comercio en l\u00ednea. Sin embargo, como con cualquier corredor, es esencial hacer su debida diligencia y asegurarse de que la plataforma se alinee con sus objetivos comerciales y tolerancia al riesgo.<\/p><p class=\"\" data-start=\"6224\" data-end=\"6308\"><strong data-start=\"6224\" data-end=\"6308\">\u00a1Comienza a operar con Headway Broker hoy y lleva tu trading al siguiente nivel!<\/strong><\/p>\t\t\t\t\t\t\t\t<\/div>\n\t\t\t\t<\/div>\n\t\t\t\t\t<\/div>\n\t\t<\/div>\n\t\t\t\t\t<\/div>\n\t\t<\/section>\n\t\t\t\t<\/div>","protected":false},"excerpt":{"rendered":"<p>Are you considering trading with Headway broker in 2025? This detailed review will provide all the necessary insights into Headway&#8217;s [&hellip;]<\/p>\n","protected":false},"author":1,"featured_media":0,"parent":0,"menu_order":0,"comment_status":"closed","ping_status":"closed","template":"","meta":{"site-sidebar-layout":"default","site-content-layout":"","ast-site-content-layout":"default","site-content-style":"default","site-sidebar-style":"default","ast-global-header-display":"","ast-banner-title-visibility":"","ast-main-header-display":"","ast-hfb-above-header-display":"","ast-hfb-below-header-display":"","ast-hfb-mobile-header-display":"","site-post-title":"","ast-breadcrumbs-content":"","ast-featured-img":"","footer-sml-layout":"","ast-disable-related-posts":"","theme-transparent-header-meta":"","adv-header-id-meta":"","stick-header-meta":"","header-above-stick-meta":"","header-main-stick-meta":"","header-below-stick-meta":"","astra-migrate-meta-layouts":"default","ast-page-background-enabled":"default","ast-page-background-meta":{"desktop":{"background-color":"var(--ast-global-color-5)","background-image":"","background-repeat":"repeat","background-position":"center center","background-size":"auto","background-attachment":"scroll","background-type":"","background-media":"","overlay-type":"","overlay-color":"","overlay-opacity":"","overlay-gradient":""},"tablet":{"background-color":"","background-image":"","background-repeat":"repeat","background-position":"center center","background-size":"auto","background-attachment":"scroll","background-type":"","background-media":"","overlay-type":"","overlay-color":"","overlay-opacity":"","overlay-gradient":""},"mobile":{"background-color":"","background-image":"","background-repeat":"repeat","background-position":"center center","background-size":"auto","background-attachment":"scroll","background-type":"","background-media":"","overlay-type":"","overlay-color":"","overlay-opacity":"","overlay-gradient":""}},"ast-content-background-meta":{"desktop":{"background-color":"var(--ast-global-color-4)","background-image":"","background-repeat":"repeat","background-position":"center center","background-size":"auto","background-attachment":"scroll","background-type":"","background-media":"","overlay-type":"","overlay-color":"","overlay-opacity":"","overlay-gradient":""},"tablet":{"background-color":"var(--ast-global-color-4)","background-image":"","background-repeat":"repeat","background-position":"center center","background-size":"auto","background-attachment":"scroll","background-type":"","background-media":"","overlay-type":"","overlay-color":"","overlay-opacity":"","overlay-gradient":""},"mobile":{"background-color":"var(--ast-global-color-4)","background-image":"","background-repeat":"repeat","background-position":"center center","background-size":"auto","background-attachment":"scroll","background-type":"","background-media":"","overlay-type":"","overlay-color":"","overlay-opacity":"","overlay-gradient":""}},"footnotes":""},"class_list":["post-537","page","type-page","status-publish","hentry"],"_links":{"self":[{"href":"https:\/\/headwaybrokers.com\/es\/wp-json\/wp\/v2\/pages\/537","targetHints":{"allow":["GET"]}}],"collection":[{"href":"https:\/\/headwaybrokers.com\/es\/wp-json\/wp\/v2\/pages"}],"about":[{"href":"https:\/\/headwaybrokers.com\/es\/wp-json\/wp\/v2\/types\/page"}],"author":[{"embeddable":true,"href":"https:\/\/headwaybrokers.com\/es\/wp-json\/wp\/v2\/users\/1"}],"replies":[{"embeddable":true,"href":"https:\/\/headwaybrokers.com\/es\/wp-json\/wp\/v2\/comments?post=537"}],"version-history":[{"count":7,"href":"https:\/\/headwaybrokers.com\/es\/wp-json\/wp\/v2\/pages\/537\/revisions"}],"predecessor-version":[{"id":1120,"href":"https:\/\/headwaybrokers.com\/es\/wp-json\/wp\/v2\/pages\/537\/revisions\/1120"}],"wp:attachment":[{"href":"https:\/\/headwaybrokers.com\/es\/wp-json\/wp\/v2\/media?parent=537"}],"curies":[{"name":"wp","href":"https:\/\/api.w.org\/{rel}","templated":true}]}}