{"id":565,"date":"2025-06-04T18:35:47","date_gmt":"2025-06-04T18:35:47","guid":{"rendered":"https:\/\/headwaybrokers.com\/?page_id=565"},"modified":"2025-06-04T18:37:51","modified_gmt":"2025-06-04T18:37:51","slug":"headway-trading-una-guia-completa-para-estrategias-comerciales-rentables","status":"publish","type":"page","link":"https:\/\/headwaybrokers.com\/es\/headway-trading-a-comprehensive-guide-to-profitable-trading-strategies\/","title":{"rendered":"Trading de Headway: una gu\u00eda completa para las estrategias comerciales rentables"},"content":{"rendered":"<div data-elementor-type=\"wp-page\" data-elementor-id=\"565\" class=\"elementor elementor-565\" data-elementor-post-type=\"page\">\n\t\t\t\t\t\t<section class=\"elementor-section elementor-top-section elementor-element elementor-element-80e8e6a elementor-section-boxed elementor-section-height-default elementor-section-height-default jltma-glass-effect-no\" data-id=\"80e8e6a\" data-element_type=\"section\" data-e-type=\"section\">\n\t\t\t\t\t\t<div class=\"elementor-container elementor-column-gap-default\">\n\t\t\t\t\t<div class=\"elementor-column elementor-col-100 elementor-top-column elementor-element elementor-element-9fc714f jltma-glass-effect-no\" data-id=\"9fc714f\" data-element_type=\"column\" data-e-type=\"column\">\n\t\t\t<div class=\"elementor-widget-wrap elementor-element-populated\">\n\t\t\t\t\t\t<div class=\"elementor-element elementor-element-3fc9773 jltma-glass-effect-no elementor-widget elementor-widget-text-editor\" data-id=\"3fc9773\" data-element_type=\"widget\" data-e-type=\"widget\" data-widget_type=\"text-editor.default\">\n\t\t\t\t<div class=\"elementor-widget-container\">\n\t\t\t\t\t\t\t\t\t<p data-start=\"586\" data-end=\"949\">El trading de avance es un enfoque en evoluci\u00f3n para el comercio en los mercados financieros, combinando estrategias avanzadas, gesti\u00f3n eficaz del riesgo y el uso de la tecnolog\u00eda para obtener una ventaja competitiva. Ya sea que sea un principiante o un comerciante experimentado, comprender los matices del comercio de avance puede ayudarlo a navegar por las complejas condiciones del mercado con m\u00e1s confianza y \u00e9xito.<\/p><p data-start=\"951\" data-end=\"1192\">En esta gu\u00eda, exploraremos qu\u00e9 es el trading de avance, c\u00f3mo funciona, sus beneficios y c\u00f3mo puede implementar esta estrategia en su rutina comercial. Sum\u00e9rjanos en el mundo del comercio y descubramos c\u00f3mo el comercio de avances puede cambiar el juego.<\/p><hr data-start=\"1194\" data-end=\"1197\" \/><h3 data-start=\"1199\" data-end=\"1227\">\u00bfQu\u00e9 es el trading de avance?<\/h3><p data-start=\"1229\" data-end=\"1566\"><a href=\"https:\/\/headwaybrokers.com\/es\/\"><strong data-start=\"1229\" data-end=\"1248\">Negocio de avance<\/strong><\/a> Se refiere a un enfoque estrat\u00e9gico utilizado por los comerciantes para identificar oportunidades en los mercados financieros con un enfoque tanto en movimientos a corto como a largo plazo. Este m\u00e9todo combina an\u00e1lisis t\u00e9cnicos, an\u00e1lisis fundamentales y estrategias de seguimiento de tendencias para capitalizar las ineficiencias del mercado y pronosticar los movimientos de precios.<\/p><p data-start=\"1568\" data-end=\"1865\">A diferencia de los m\u00e9todos comerciales tradicionales, el trading de avance enfatiza la comprensi\u00f3n de las tendencias del mercado y la adopci\u00f3n de una estrategia comercial flexible que se adapte a las diversas condiciones del mercado. El objetivo es tomar decisiones informadas basadas en datos en tiempo real y herramientas sofisticadas, permitiendo a los operadores actuar con decisi\u00f3n.<\/p><hr data-start=\"1867\" data-end=\"1870\" \/><h3 data-start=\"1872\" data-end=\"1906\">\u00bfC\u00f3mo funciona el trading de headway?<\/h3><p data-start=\"1908\" data-end=\"2037\">El trading de avance involucra varios elementos clave que lo distinguen de las estrategias comerciales m\u00e1s convencionales. As\u00ed es como funciona:<\/p><ol data-start=\"2039\" data-end=\"3162\"><li data-start=\"2039\" data-end=\"2345\"><p data-start=\"2042\" data-end=\"2345\"><strong data-start=\"2042\" data-end=\"2061\">An\u00e1lisis de mercado<\/strong>: Los comerciantes que utilizan el m\u00e9todo de avance a menudo comienzan con un an\u00e1lisis exhaustivo de los factores macroecon\u00f3micos (como las tasas de inter\u00e9s y las noticias globales) y los datos de mercado a nivel micro (como la acci\u00f3n del precio, los gr\u00e1ficos y el sentimiento del mercado). Este enfoque dual ayuda a identificar tendencias clave y puntos de entrada.<\/p><\/li><li data-start=\"2347\" data-end=\"2574\"><p data-start=\"2350\" data-end=\"2574\"><strong data-start=\"2350\" data-end=\"2369\">Gesti\u00f3n de riesgos<\/strong>: Una de las principales caracter\u00edsticas del comercio de avance es su \u00e9nfasis en la gesti\u00f3n de riesgos. Los comerciantes utilizan \u00f3rdenes de stop-loss, niveles de toma-beneficio y otras t\u00e9cnicas de reducci\u00f3n de riesgos para minimizar las p\u00e9rdidas y proteger las ganancias.<\/p><\/li><li data-start=\"2576\" data-end=\"2859\"><p data-start=\"2579\" data-end=\"2859\"><strong data-start=\"2579\" data-end=\"2603\">Herramientas y tecnolog\u00eda<\/strong>: El uso de tecnolog\u00eda de punta, como sistemas de comercio automatizado, bots de comercio y plataformas de gr\u00e1ficos sofisticadas, es com\u00fan en el comercio de avance. Estas herramientas ayudan a los comerciantes a ejecutar operaciones en los momentos \u00f3ptimos y a administrar sus carteras de manera efectiva.<\/p><\/li><li data-start=\"2861\" data-end=\"3162\"><p data-start=\"2864\" data-end=\"3162\"><strong data-start=\"2864\" data-end=\"2897\">Adaptarse a las condiciones del mercado<\/strong>: Los operadores de avance son expertos en ajustar sus estrategias en funci\u00f3n de las condiciones cambiantes del mercado. Por ejemplo, en mercados altamente vol\u00e1tiles, podr\u00edan utilizar estrategias m\u00e1s conservadoras, mientras que en mercados estables o de tendencia, pueden asumir m\u00e1s riesgos para maximizar las ganancias.<\/p><\/li><\/ol><hr data-start=\"3164\" data-end=\"3167\" \/><h3 data-start=\"3169\" data-end=\"3204\">Los beneficios del trading de avance<\/h3><p data-start=\"3206\" data-end=\"3310\">El trading de avance ofrece varias ventajas sobre otros m\u00e9todos de negociaci\u00f3n. Estos son algunos de los beneficios clave:<\/p><ul data-start=\"3312\" data-end=\"3951\"><li data-start=\"3312\" data-end=\"3486\"><p data-start=\"3314\" data-end=\"3486\"><strong data-start=\"3314\" data-end=\"3342\">Mejora de la toma de decisiones<\/strong>: Mediante el uso de una combinaci\u00f3n de an\u00e1lisis t\u00e9cnico y fundamental, los comerciantes pueden tomar decisiones m\u00e1s informadas y aumentar la probabilidad de \u00e9xito.<\/p><\/li><li data-start=\"3490\" data-end=\"3627\"><p data-start=\"3492\" data-end=\"3627\"><strong data-start=\"3492\" data-end=\"3508\">adaptabilidad<\/strong>: La estrategia se puede aplicar a diferentes condiciones del mercado, haci\u00e9ndola vers\u00e1til tanto para los mercados alcistas como bajistas.<\/p><\/li><li data-start=\"3629\" data-end=\"3786\"><p data-start=\"3631\" data-end=\"3786\"><strong data-start=\"3631\" data-end=\"3647\">Riesgo reducido<\/strong>: Con un fuerte enfoque en la gesti\u00f3n de riesgos, el trading de avance ayuda a reducir las p\u00e9rdidas potenciales al establecer objetivos claros de stop-loss y toma de ganancias.<\/p><\/li><li data-start=\"3788\" data-end=\"3951\"><p data-start=\"3790\" data-end=\"3951\"><strong data-start=\"3790\" data-end=\"3819\">Potencial de ganancias mejora<\/strong>: Con las herramientas y estrategias adecuadas, los operadores de avance pueden aprovechar los peque\u00f1os movimientos del mercado y generar ganancias constantes.<\/p><\/li><\/ul><hr data-start=\"3953\" data-end=\"3956\" \/><h3 data-start=\"3958\" data-end=\"3988\">Estrategias de trading de avance<\/h3><p data-start=\"3990\" data-end=\"4113\">Hay varias estrategias que los comerciantes emplean bajo el m\u00e9todo de trading de Headway. A continuaci\u00f3n se presentan algunos de los m\u00e1s populares:<\/p><h4 data-start=\"4115\" data-end=\"4151\">1. <strong data-start=\"4123\" data-end=\"4151\">Estrategia de seguimiento de tendencias<\/strong><\/h4><ul data-start=\"4155\" data-end=\"4358\"><li data-start=\"4155\" data-end=\"4358\"><p data-start=\"4157\" data-end=\"4358\">Esta estrategia implica identificar tendencias a largo plazo y posicionar operaciones en la direcci\u00f3n de esas tendencias. Al seguir el flujo natural del mercado, los comerciantes pueden capitalizar los movimientos de precios sostenidos.<\/p><\/li><\/ul><h4 data-start=\"4360\" data-end=\"4385\">2. <strong data-start=\"4368\" data-end=\"4385\">comercio de swing<\/strong><\/h4><ul data-start=\"4389\" data-end=\"4644\"><li data-start=\"4389\" data-end=\"4644\"><p data-start=\"4391\" data-end=\"4644\">Los comerciantes de swing buscan capturar cambios de precios dentro de una tendencia. Este m\u00e9todo es ideal para los comerciantes que no tienen tiempo para monitorear los mercados de forma continua. Los comerciantes de swing suelen mantener posiciones durante varios d\u00edas o semanas para beneficiarse de las tendencias a mediano plazo.<\/p><\/li><\/ul><h4 data-start=\"4646\" data-end=\"4666\">3. <strong data-start=\"4654\" data-end=\"4666\">rev\u00e9s<\/strong><\/h4><ul data-start=\"4670\" data-end=\"4857\"><li data-start=\"4670\" data-end=\"4857\"><p data-start=\"4672\" data-end=\"4857\">El scalping es una estrategia de negociaci\u00f3n de alta frecuencia que implica realizar muchas operaciones peque\u00f1as para capturar movimientos de precios menores. Requiere mucha atenci\u00f3n al detalle y una r\u00e1pida toma de decisiones.<\/p><\/li><\/ul><h4 data-start=\"4859\" data-end=\"4884\">4. <strong data-start=\"4867\" data-end=\"4884\">comercio de grandes cantidades<\/strong><\/h4><ul data-start=\"4888\" data-end=\"5105\"><li data-start=\"4888\" data-end=\"5105\"><p data-start=\"4890\" data-end=\"5105\">El comercio de rango implica identificar rangos de precios donde se espera que un activo se transa entre dos niveles. Los comerciantes compran a nivel de soporte y venden en resistencia, obteniendo ganancias de estos movimientos de precios predecibles.<\/p><\/li><\/ul><hr data-start=\"5107\" data-end=\"5110\" \/><h3 data-start=\"5112\" data-end=\"5141\">Herramientas para el trading de avance<\/h3><p data-start=\"5143\" data-end=\"5309\">Para tener \u00e9xito en el trading de avance, los operadores utilizan una variedad de herramientas y plataformas dise\u00f1adas para mejorar su proceso de toma de decisiones. Algunas de las herramientas m\u00e1s populares incluyen:<\/p><ul data-start=\"5311\" data-end=\"5976\"><li data-start=\"5311\" data-end=\"5463\"><p data-start=\"5313\" data-end=\"5463\"><strong data-start=\"5313\" data-end=\"5331\">Metatrader 4\/5<\/strong>: Una de las plataformas m\u00e1s utilizadas, que ofrece herramientas de gr\u00e1ficos avanzados, indicadores t\u00e9cnicos y capacidades de negociaci\u00f3n automatizadas.<\/p><\/li><li data-start=\"5467\" data-end=\"5600\"><p data-start=\"5469\" data-end=\"5600\"><strong data-start=\"5469\" data-end=\"5484\">Vista de comercio<\/strong>: Una plataforma de gr\u00e1ficos popular para el an\u00e1lisis t\u00e9cnico, que ofrece datos en tiempo real y un s\u00f3lido conjunto de caracter\u00edsticas de gr\u00e1ficos.<\/p><\/li><li data-start=\"5602\" data-end=\"5807\"><p data-start=\"5604\" data-end=\"5807\"><strong data-start=\"5604\" data-end=\"5625\">Bots de comercio de algo<\/strong>: bots de negociaci\u00f3n automatizados que ejecutan operaciones basadas en reglas predefinidas, ayudando a los comerciantes a aprovechar las oportunidades de mercado incluso cuando no est\u00e1n monitoreando activamente los mercados.<\/p><\/li><li data-start=\"5809\" data-end=\"5976\"><p data-start=\"5811\" data-end=\"5976\"><strong data-start=\"5811\" data-end=\"5833\">calendarios econ\u00f3micos<\/strong>: Estos proporcionan datos importantes sobre eventos econ\u00f3micos y comunicados de prensa que pueden afectar los mercados, ayudando a los comerciantes a planificar sus operaciones en consecuencia.<\/p><\/li><\/ul><hr data-start=\"5978\" data-end=\"5981\" \/><h3 data-start=\"5983\" data-end=\"6021\">Gesti\u00f3n de riesgos en el trading de avance<\/h3><p data-start=\"6023\" data-end=\"6159\">La gesti\u00f3n eficaz del riesgo es crucial para cualquier operador, especialmente cuando se aplica la estrategia de trading de Headway. Algunas t\u00e9cnicas clave incluyen:<\/p><ul data-start=\"6161\" data-end=\"6776\"><li data-start=\"6161\" data-end=\"6312\"><p data-start=\"6163\" data-end=\"6312\"><strong data-start=\"6163\" data-end=\"6182\">Dimensionamiento de la posici\u00f3n<\/strong>: Determinar la cantidad correcta de capital a asignar por operaci\u00f3n es vital para controlar el riesgo y proteger el saldo de su cuenta.<\/p><\/li><li data-start=\"6314\" data-end=\"6450\"><p data-start=\"6316\" data-end=\"6450\"><strong data-start=\"6316\" data-end=\"6336\">\u00d3rdenes de Stop Loss<\/strong>: Estos pedidos cierran autom\u00e1ticamente su posici\u00f3n una vez que se alcanza un determinado nivel de precio, evitando nuevas p\u00e9rdidas.<\/p><\/li><li data-start=\"6452\" data-end=\"6578\"><p data-start=\"6454\" data-end=\"6578\"><strong data-start=\"6454\" data-end=\"6476\">\u00d3rdenes de toma de ganancias<\/strong>: Al igual que las \u00f3rdenes de stop-loss, las \u00f3rdenes de toma-proficio bloquean las ganancias una vez que una operaci\u00f3n alcanza un nivel de precio espec\u00edfico.<\/p><\/li><li data-start=\"6580\" data-end=\"6776\"><p data-start=\"6582\" data-end=\"6776\"><strong data-start=\"6582\" data-end=\"6606\">Relaci\u00f3n riesgo-recompensa<\/strong>: Una regla general com\u00fan en el comercio es apuntar a una relaci\u00f3n riesgo-recompensa de 1:2 o superior, lo que significa que pretende hacer el doble de la cantidad que est\u00e1 dispuesto a arriesgar en cada operaci\u00f3n.<\/p><\/li><\/ul><hr data-start=\"6778\" data-end=\"6781\" \/><h3 data-start=\"6783\" data-end=\"6832\">Conclusi\u00f3n: \u00bfEl trading de headway es adecuado para usted?<\/h3><p data-start=\"6834\" data-end=\"7135\">Headway Trading ofrece un enfoque estructurado y adaptable a los mercados, lo que lo convierte en una excelente opci\u00f3n para los comerciantes de todos los niveles de experiencia. Con un enfoque en la gesti\u00f3n de riesgos, el an\u00e1lisis de tendencias y el uso de herramientas avanzadas, esta estrategia puede ser una forma poderosa de generar ganancias al tiempo que mitiga el riesgo.<\/p><p data-start=\"7137\" data-end=\"7424\">Sin embargo, como cualquier estrategia comercial, el \u00e9xito en el trading de avance depende de su capacidad para analizar el mercado, desarrollar un plan de negociaci\u00f3n disciplinado y gestionar el riesgo de manera efectiva. Si es nuevo en el comercio, considere comenzar con una cuenta de demostraci\u00f3n y practicar antes de operar con Real Capital.<\/p><hr data-start=\"7426\" data-end=\"7429\" \/><h3 data-start=\"7431\" data-end=\"7439\">preguntas frecuentes<\/h3><p data-start=\"7441\" data-end=\"7490\"><strong data-start=\"7441\" data-end=\"7490\">1. \u00bfEs el trading de avance adecuado para principiantes?<\/strong><\/p><p data-start=\"7492\" data-end=\"7685\">S\u00ed, el trading de avance puede ser adecuado para principiantes si se toma el tiempo para aprender y comprender el an\u00e1lisis de mercado, la gesti\u00f3n de riesgos y las herramientas de negociaci\u00f3n. Comenzar con una cuenta de demostraci\u00f3n es una buena idea.<\/p><p data-start=\"7687\" data-end=\"7742\"><strong data-start=\"7687\" data-end=\"7742\">2. \u00bfCu\u00e1l es el mejor marco de tiempo para el comercio de avance?<\/strong><\/p><p data-start=\"7744\" data-end=\"7904\">El mejor marco de tiempo depende de la estrategia elegida. Por ejemplo, los revendedores usan marcos de tiempo m\u00e1s cortos, mientras que los seguidores de tendencias pueden operar en gr\u00e1ficos diarios o semanales.<\/p><p data-start=\"7906\" data-end=\"7959\"><strong data-start=\"7906\" data-end=\"7959\">3. \u00bfPuedo usar Headway Trading para Forex o acciones?<\/strong><\/p><p data-start=\"7961\" data-end=\"8069\">S\u00ed, las estrategias de trading de avance se pueden aplicar a varios mercados, incluidos Forex, acciones y productos b\u00e1sicos.<\/p><p data-start=\"8071\" data-end=\"8116\"><strong data-start=\"8071\" data-end=\"8116\">4. \u00bfCu\u00e1les son los riesgos de la negociaci\u00f3n de avances?<\/strong><\/p><p data-start=\"8118\" data-end=\"8272\">El principal riesgo es la volatilidad del mercado, pero con una gesti\u00f3n de riesgos eficaz, como las \u00f3rdenes de stop-loss y el dimensionamiento adecuado de la posici\u00f3n, estos riesgos pueden minimizarse.<\/p><hr data-start=\"8274\" data-end=\"8277\" \/><p data-start=\"8279\" data-end=\"8476\">Al implementar los principios y estrategias del trading de Headway, puede mejorar su rendimiento comercial y lograr ganancias m\u00e1s consistentes en el mundo din\u00e1mico de los mercados financieros.<\/p><hr data-start=\"8478\" data-end=\"8481\" \/><h3 data-start=\"8483\" data-end=\"8498\">Palabras clave:<\/h3><ul data-start=\"8499\" data-end=\"8700\"><li data-start=\"8499\" data-end=\"8518\"><p data-start=\"8501\" data-end=\"8518\">Negocio de avance<\/p><\/li><li data-start=\"8519\" data-end=\"8541\"><p data-start=\"8521\" data-end=\"8541\">Estrategias de<\/p><\/li><li data-start=\"8542\" data-end=\"8559\"><p data-start=\"8544\" data-end=\"8559\">comercio de divisas<\/p><\/li><li data-start=\"8560\" data-end=\"8579\"><p data-start=\"8562\" data-end=\"8579\">Gesti\u00f3n de riesgos<\/p><\/li><li data-start=\"8580\" data-end=\"8597\"><p data-start=\"8582\" data-end=\"8597\">Herramientas de comercio<\/p><\/li><li data-start=\"8598\" data-end=\"8626\"><p data-start=\"8600\" data-end=\"8626\">Estrategia de seguimiento de tendencias<\/p><\/li><li data-start=\"8627\" data-end=\"8644\"><p data-start=\"8629\" data-end=\"8644\">comercio de swing<\/p><\/li><li data-start=\"8645\" data-end=\"8657\"><p data-start=\"8647\" data-end=\"8657\">rev\u00e9s<\/p><\/li><li data-start=\"8658\" data-end=\"8678\"><p data-start=\"8660\" data-end=\"8678\">plataforma de negociaci\u00f3n<\/p><\/li><li data-start=\"8679\" data-end=\"8700\"><p data-start=\"8681\" data-end=\"8700\">mercados financieros<\/p><\/li><\/ul>\t\t\t\t\t\t\t\t<\/div>\n\t\t\t\t<\/div>\n\t\t\t\t\t<\/div>\n\t\t<\/div>\n\t\t\t\t\t<\/div>\n\t\t<\/section>\n\t\t\t\t<\/div>","protected":false},"excerpt":{"rendered":"<p>Headway Trading is an evolving approach to trading in financial markets, combining advanced strategies, effective risk management, and the use [&hellip;]<\/p>\n","protected":false},"author":1,"featured_media":0,"parent":0,"menu_order":0,"comment_status":"closed","ping_status":"closed","template":"","meta":{"site-sidebar-layout":"default","site-content-layout":"","ast-site-content-layout":"default","site-content-style":"default","site-sidebar-style":"default","ast-global-header-display":"","ast-banner-title-visibility":"","ast-main-header-display":"","ast-hfb-above-header-display":"","ast-hfb-below-header-display":"","ast-hfb-mobile-header-display":"","site-post-title":"","ast-breadcrumbs-content":"","ast-featured-img":"","footer-sml-layout":"","ast-disable-related-posts":"","theme-transparent-header-meta":"","adv-header-id-meta":"","stick-header-meta":"","header-above-stick-meta":"","header-main-stick-meta":"","header-below-stick-meta":"","astra-migrate-meta-layouts":"default","ast-page-background-enabled":"default","ast-page-background-meta":{"desktop":{"background-color":"var(--ast-global-color-5)","background-image":"","background-repeat":"repeat","background-position":"center center","background-size":"auto","background-attachment":"scroll","background-type":"","background-media":"","overlay-type":"","overlay-color":"","overlay-opacity":"","overlay-gradient":""},"tablet":{"background-color":"","background-image":"","background-repeat":"repeat","background-position":"center center","background-size":"auto","background-attachment":"scroll","background-type":"","background-media":"","overlay-type":"","overlay-color":"","overlay-opacity":"","overlay-gradient":""},"mobile":{"background-color":"","background-image":"","background-repeat":"repeat","background-position":"center center","background-size":"auto","background-attachment":"scroll","background-type":"","background-media":"","overlay-type":"","overlay-color":"","overlay-opacity":"","overlay-gradient":""}},"ast-content-background-meta":{"desktop":{"background-color":"var(--ast-global-color-4)","background-image":"","background-repeat":"repeat","background-position":"center center","background-size":"auto","background-attachment":"scroll","background-type":"","background-media":"","overlay-type":"","overlay-color":"","overlay-opacity":"","overlay-gradient":""},"tablet":{"background-color":"var(--ast-global-color-4)","background-image":"","background-repeat":"repeat","background-position":"center center","background-size":"auto","background-attachment":"scroll","background-type":"","background-media":"","overlay-type":"","overlay-color":"","overlay-opacity":"","overlay-gradient":""},"mobile":{"background-color":"var(--ast-global-color-4)","background-image":"","background-repeat":"repeat","background-position":"center center","background-size":"auto","background-attachment":"scroll","background-type":"","background-media":"","overlay-type":"","overlay-color":"","overlay-opacity":"","overlay-gradient":""}},"footnotes":""},"class_list":["post-565","page","type-page","status-publish","hentry"],"_links":{"self":[{"href":"https:\/\/headwaybrokers.com\/es\/wp-json\/wp\/v2\/pages\/565","targetHints":{"allow":["GET"]}}],"collection":[{"href":"https:\/\/headwaybrokers.com\/es\/wp-json\/wp\/v2\/pages"}],"about":[{"href":"https:\/\/headwaybrokers.com\/es\/wp-json\/wp\/v2\/types\/page"}],"author":[{"embeddable":true,"href":"https:\/\/headwaybrokers.com\/es\/wp-json\/wp\/v2\/users\/1"}],"replies":[{"embeddable":true,"href":"https:\/\/headwaybrokers.com\/es\/wp-json\/wp\/v2\/comments?post=565"}],"version-history":[{"count":7,"href":"https:\/\/headwaybrokers.com\/es\/wp-json\/wp\/v2\/pages\/565\/revisions"}],"predecessor-version":[{"id":574,"href":"https:\/\/headwaybrokers.com\/es\/wp-json\/wp\/v2\/pages\/565\/revisions\/574"}],"wp:attachment":[{"href":"https:\/\/headwaybrokers.com\/es\/wp-json\/wp\/v2\/media?parent=565"}],"curies":[{"name":"wp","href":"https:\/\/api.w.org\/{rel}","templated":true}]}}