{"id":537,"date":"2025-04-27T13:33:01","date_gmt":"2025-04-27T13:33:01","guid":{"rendered":"https:\/\/headwaybrokers.com\/?page_id=537"},"modified":"2026-02-20T22:19:19","modified_gmt":"2026-02-20T22:19:19","slug":"headway-broker-review-2025-un-apercu-complet-des-fonctionnalites-des-services-et-de-lexperience-utilisateur-2","status":"publish","type":"page","link":"https:\/\/headwaybrokers.com\/fr\/headway-broker-review-2025-a-comprehensive-overview-of-services-features-and-user-experience-2\/","title":{"rendered":"Headway Broker Review 2026 : un aper\u00e7u complet des services, des fonctionnalit\u00e9s et de l'exp\u00e9rience utilisateur"},"content":{"rendered":"<div data-elementor-type=\"wp-page\" data-elementor-id=\"537\" class=\"elementor elementor-537\" data-elementor-post-type=\"page\">\n\t\t\t\t\t\t<section class=\"elementor-section elementor-top-section elementor-element elementor-element-457023b elementor-section-boxed elementor-section-height-default elementor-section-height-default jltma-glass-effect-no\" data-id=\"457023b\" data-element_type=\"section\" data-e-type=\"section\">\n\t\t\t\t\t\t<div class=\"elementor-container elementor-column-gap-default\">\n\t\t\t\t\t<div class=\"elementor-column elementor-col-100 elementor-top-column elementor-element elementor-element-6badd2a jltma-glass-effect-no\" data-id=\"6badd2a\" data-element_type=\"column\" data-e-type=\"column\">\n\t\t\t<div class=\"elementor-widget-wrap elementor-element-populated\">\n\t\t\t\t\t\t<div class=\"elementor-element elementor-element-c9b2c11 jltma-glass-effect-no elementor-widget elementor-widget-text-editor\" data-id=\"c9b2c11\" data-element_type=\"widget\" data-e-type=\"widget\" data-widget_type=\"text-editor.default\">\n\t\t\t\t<div class=\"elementor-widget-container\">\n\t\t\t\t\t\t\t\t\t<p class=\"\" data-start=\"293\" data-end=\"613\">Envisagez-vous de trader avec Headway Broker en 2025\u00a0? Cet examen d\u00e9taill\u00e9 fournira toutes les informations n\u00e9cessaires sur les offres, les avantages et les inconv\u00e9nients potentiels de Headway. Que vous soyez un trader chevronn\u00e9 ou un d\u00e9butant, il est essentiel de comprendre les principales caract\u00e9ristiques de ce courtier pour prendre une d\u00e9cision \u00e9clair\u00e9e.<\/p><h3 class=\"\" data-start=\"615\" data-end=\"656\">1. <strong data-start=\"622\" data-end=\"656\">Introduction au courtier en avance<\/strong><\/h3><p class=\"\" data-start=\"658\" data-end=\"1061\"><a href=\"https:\/\/headway.partners\/user\/signup?hwp=a1b56a\" rel=\"nofollow noopener\" target=\"_blank\"><strong>courtier en avant<\/strong><\/a> A gagn\u00e9 du terrain dans le monde du trading en ligne pour son interface conviviale et ses produits financiers robustes. Fond\u00e9e dans le but de simplifier le processus de trading, Headway vise \u00e0 fournir une plate-forme qui r\u00e9pond aux besoins des traders novices et exp\u00e9riment\u00e9s. En 2025, Headway continue d'\u00e9voluer avec des outils innovants, une couverture \u00e9tendue du march\u00e9 et des fonctionnalit\u00e9s centr\u00e9es sur le client.<\/p><h3 class=\"\" data-start=\"1063\" data-end=\"1101\">2. <strong data-start=\"1070\" data-end=\"1101\">Plateformes et outils de trading<\/strong><\/h3><p class=\"\" data-start=\"1103\" data-end=\"1246\">Headway propose une gamme de plateformes de trading con\u00e7ues pour r\u00e9pondre \u00e0 diverses pr\u00e9f\u00e9rences de trader. Voici un aper\u00e7u des plateformes les plus populaires disponibles :<\/p><ul data-start=\"1248\" data-end=\"2010\"><li class=\"\" data-start=\"1248\" data-end=\"1498\"><p class=\"\" data-start=\"1250\" data-end=\"1498\"><strong data-start=\"1250\" data-end=\"1272\">MetaTrader 4 (MT4)<\/strong>: Connu pour sa simplicit\u00e9 et ses fonctionnalit\u00e9s \u00e9tendues, MT4 reste un choix parmi les commer\u00e7ants de d\u00e9tail. Headway Broker offre une prise en charge compl\u00e8te de MT4, garantissant une ex\u00e9cution transparente, des graphiques en temps r\u00e9el et des options de trading automatis\u00e9es.<\/p><\/li><li class=\"\" data-start=\"1500\" data-end=\"1764\"><p class=\"\" data-start=\"1502\" data-end=\"1764\"><strong data-start=\"1502\" data-end=\"1524\">MetaTrader 5 (MT5)<\/strong>: MT5 est la version am\u00e9lior\u00e9e de MT4, offrant des fonctionnalit\u00e9s suppl\u00e9mentaires telles que des d\u00e9lais plus importants, un syst\u00e8me de cartographie plus avanc\u00e9 et des outils d'analyse plus approfondis. Les traders \u00e0 la recherche d'une plate-forme moderne et compl\u00e8te trouveront MT5 un excellent choix.<\/p><\/li><li class=\"\" data-start=\"1766\" data-end=\"2010\"><p class=\"\" data-start=\"1768\" data-end=\"2010\"><strong data-start=\"1768\" data-end=\"1792\">Plateforme de trading Web<\/strong>: Pour ceux qui pr\u00e9f\u00e8rent le trading directement depuis leur navigateur, Headway fournit une plate-forme Web. Cette plate-forme est l\u00e9g\u00e8re, accessible et ne n\u00e9cessite aucun t\u00e9l\u00e9chargement, offrant une flexibilit\u00e9 aux traders en d\u00e9placement.<\/p><\/li><\/ul><h3 class=\"\" data-start=\"2012\" data-end=\"2049\">3. <strong data-start=\"2019\" data-end=\"2049\">Types et fonctionnalit\u00e9s de compte<\/strong><\/h3><p class=\"\" data-start=\"2051\" data-end=\"2201\">Headway propose plusieurs types de comptes con\u00e7us pour accueillir les traders ayant diff\u00e9rents niveaux d'exp\u00e9rience. Voici une ventilation des options disponibles :<\/p><ul data-start=\"2203\" data-end=\"3145\"><li class=\"\" data-start=\"2203\" data-end=\"2468\"><p class=\"\" data-start=\"2205\" data-end=\"2468\"><strong data-start=\"2205\" data-end=\"2225\">Compte standard<\/strong>: Le compte d'entr\u00e9e de gamme con\u00e7u pour les traders d\u00e9butants. Il offre un acc\u00e8s \u00e0 un large \u00e9ventail de march\u00e9s, notamment le Forex, les mati\u00e8res premi\u00e8res et les indices. L'effet de levier et les spreads sont comp\u00e9titifs, ce qui le rend adapt\u00e9 \u00e0 ceux qui commencent leur parcours de trading.<\/p><\/li><li class=\"\" data-start=\"2470\" data-end=\"2711\"><p class=\"\" data-start=\"2472\" data-end=\"2711\"><strong data-start=\"2472\" data-end=\"2487\">Compte professionnel<\/strong>: Ce compte est con\u00e7u pour les traders plus exp\u00e9riment\u00e9s. Il offre des spreads plus serr\u00e9s, un effet de levier accru et un acc\u00e8s \u00e0 des outils de trading avanc\u00e9s. Les titulaires de comptes Pro b\u00e9n\u00e9ficient \u00e9galement d'un support client prioritaire et d'une ex\u00e9cution plus rapide des commandes.<\/p><\/li><li class=\"\" data-start=\"2713\" data-end=\"2955\"><p class=\"\" data-start=\"2715\" data-end=\"2955\"><strong data-start=\"2715\" data-end=\"2730\">Compte ECN<\/strong>: Le compte ECN est id\u00e9al pour les traders professionnels qui exigent la meilleure ex\u00e9cution et la meilleure liquidit\u00e9 possible. Avec un acc\u00e8s direct aux march\u00e9s interbancaires, ce compte offre les spreads les plus bas, avec une structure de redevances bas\u00e9e sur des commissions.<\/p><\/li><li class=\"\" data-start=\"2957\" data-end=\"3145\"><p class=\"\" data-start=\"2959\" data-end=\"3145\"><strong data-start=\"2959\" data-end=\"2978\">compte islamique<\/strong>: Headway Broker propose \u00e9galement une option de compte islamique, s'adressant aux traders qui ont besoin de trading sans swaps, garantissant le respect des principes financiers islamiques.<\/p><\/li><\/ul><h3 class=\"\" data-start=\"3147\" data-end=\"3182\">4. <strong data-start=\"3154\" data-end=\"3182\">D\u00e9p\u00f4ts et retraits<\/strong><\/h3><p class=\"\" data-start=\"3184\" data-end=\"3290\">Headway fournit une vari\u00e9t\u00e9 de m\u00e9thodes de d\u00e9p\u00f4t et de retrait pour rendre les transactions aussi transparentes que possible\u00a0:<\/p><ul data-start=\"3292\" data-end=\"3851\"><li class=\"\" data-start=\"3292\" data-end=\"3497\"><p class=\"\" data-start=\"3294\" data-end=\"3497\"><strong data-start=\"3294\" data-end=\"3313\">M\u00e9thodes de paiement<\/strong>: Les traders peuvent financer leurs comptes en utilisant plusieurs options de paiement, notamment les cartes de cr\u00e9dit et de d\u00e9bit, les virements bancaires, les portefeuilles \u00e9lectroniques comme Skrill et Neteller et m\u00eame les d\u00e9p\u00f4ts de crypto-monnaie.<\/p><\/li><li class=\"\" data-start=\"3499\" data-end=\"3646\"><p class=\"\" data-start=\"3501\" data-end=\"3646\"><strong data-start=\"3501\" data-end=\"3517\">Frais de d\u00e9p\u00f4t<\/strong>: La plupart des m\u00e9thodes de d\u00e9p\u00f4t sont sans frais suppl\u00e9mentaires, bien que cela puisse d\u00e9pendre du mode de paiement et du pays de r\u00e9sidence.<\/p><\/li><li class=\"\" data-start=\"3648\" data-end=\"3851\"><p class=\"\" data-start=\"3650\" data-end=\"3851\"><strong data-start=\"3650\" data-end=\"3665\">retraits<\/strong>: Les processus de retrait sont g\u00e9n\u00e9ralement rapides, la plupart des m\u00e9thodes \u00e9tant termin\u00e9es dans les 24 \u00e0 48 heures. Cependant, il est important de noter que les frais de retrait peuvent varier selon la m\u00e9thode choisie.<\/p><\/li><\/ul><h3 class=\"\" data-start=\"3853\" data-end=\"3880\">5. <strong data-start=\"3860\" data-end=\"3880\">Assistance client\u00e8le<\/strong><\/h3><p class=\"\" data-start=\"3882\" data-end=\"3999\">Le support client est un facteur essentiel lors du choix d'un courtier, et la progression excelle dans ce domaine. Le courtier propose :<\/p><ul data-start=\"4001\" data-end=\"4517\"><li class=\"\" data-start=\"4001\" data-end=\"4120\"><p class=\"\" data-start=\"4003\" data-end=\"4120\"><strong data-start=\"4003\" data-end=\"4019\">Assistance 24h\/24 et 7j<\/strong>: Disponible via le chat en direct, le courrier \u00e9lectronique et le t\u00e9l\u00e9phone, vous assurant que vous pouvez contacter chaque fois que vous avez besoin d'aide.<\/p><\/li><li class=\"\" data-start=\"4122\" data-end=\"4289\"><p class=\"\" data-start=\"4124\" data-end=\"4289\"><strong data-start=\"4124\" data-end=\"4148\">Assistance multilingue<\/strong>: Avec une pr\u00e9sence mondiale, Headway offre une assistance dans plusieurs langues, garantissant que les barri\u00e8res linguistiques n'entrave pas votre exp\u00e9rience de trading.<\/p><\/li><li class=\"\" data-start=\"4291\" data-end=\"4517\"><p class=\"\" data-start=\"4293\" data-end=\"4517\"><strong data-start=\"4293\" data-end=\"4318\">Ressources p\u00e9dagogique<\/strong>: Headway fournit \u00e9galement un large \u00e9ventail de ressources \u00e9ducatives, notamment des webinaires, des didacticiels et des articles, aidant les traders nouveaux et exp\u00e9riment\u00e9s \u00e0 rester \u00e0 jour et \u00e0 am\u00e9liorer leurs strat\u00e9gies de trading.<\/p><\/li><\/ul><h3 class=\"\" data-start=\"4519\" data-end=\"4553\">6. <strong data-start=\"4526\" data-end=\"4553\">R\u00e8glement et s\u00e9curit\u00e9<\/strong><\/h3><p class=\"\" data-start=\"4555\" data-end=\"4926\">En mati\u00e8re de r\u00e9glementation, Headway Broker op\u00e8re selon des r\u00e9glementations financi\u00e8res strictes, assurant la s\u00fbret\u00e9 et la s\u00e9curit\u00e9 de tous les commer\u00e7ants. Ils utilisent des technologies de cryptage avanc\u00e9es pour prot\u00e9ger les donn\u00e9es et les fonds des utilisateurs, garantissant ainsi la s\u00e9curit\u00e9 de votre exp\u00e9rience de trading. Cependant, v\u00e9rifiez toujours si l'organisme de r\u00e9glementation du courtier s'aligne sur les lois de trading de votre r\u00e9gion avant de commencer \u00e0 trader.<\/p><h3 class=\"\" data-start=\"4928\" data-end=\"4970\">7. <strong data-start=\"4935\" data-end=\"4970\">Avantages et inconv\u00e9nients du courtier en avance<\/strong><\/h3><h4 class=\"\" data-start=\"4972\" data-end=\"4982\">Avantages\u00a0:<\/h4><ul data-start=\"4983\" data-end=\"5324\"><li class=\"\" data-start=\"4983\" data-end=\"5060\"><p class=\"\" data-start=\"4985\" data-end=\"5060\">Large gamme de plateformes de trading, y compris les options MT4, MT5 et Web.<\/p><\/li><li class=\"\" data-start=\"5061\" data-end=\"5127\"><p class=\"\" data-start=\"5063\" data-end=\"5127\">Spreads comp\u00e9titifs et frais de commissions faibles sur certains comptes.<\/p><\/li><li class=\"\" data-start=\"5128\" data-end=\"5181\"><p class=\"\" data-start=\"5130\" data-end=\"5181\">Options de levier \u00e9lev\u00e9 pour les traders plus exp\u00e9riment\u00e9s.<\/p><\/li><li class=\"\" data-start=\"5182\" data-end=\"5227\"><p class=\"\" data-start=\"5184\" data-end=\"5227\">Excellent support client, disponible 24h\/24 et 7j\/7.<\/p><\/li><li class=\"\" data-start=\"5228\" data-end=\"5270\"><p class=\"\" data-start=\"5230\" data-end=\"5270\">Aucun frais de d\u00e9p\u00f4t sur la plupart des m\u00e9thodes de paiement.<\/p><\/li><li class=\"\" data-start=\"5271\" data-end=\"5324\"><p class=\"\" data-start=\"5273\" data-end=\"5324\">Conformit\u00e9 r\u00e9glementaire et fonctionnalit\u00e9s de s\u00e9curit\u00e9 solides.<\/p><\/li><\/ul><h4 class=\"\" data-start=\"5326\" data-end=\"5336\">Inconv\u00e9nients<\/h4><ul data-start=\"5337\" data-end=\"5523\"><li class=\"\" data-start=\"5337\" data-end=\"5383\"><p class=\"\" data-start=\"5339\" data-end=\"5383\">Outils de recherche limit\u00e9s pour les traders avanc\u00e9s.<\/p><\/li><li class=\"\" data-start=\"5384\" data-end=\"5436\"><p class=\"\" data-start=\"5386\" data-end=\"5436\">Des frais de retrait peuvent s'appliquer selon la m\u00e9thode.<\/p><\/li><li class=\"\" data-start=\"5437\" data-end=\"5523\"><p class=\"\" data-start=\"5439\" data-end=\"5523\">Les ressources \u00e9ducatives du courtier pourraient \u00eatre plus compl\u00e8tes pour les traders d\u00e9butants.<\/p><\/li><\/ul><h3 class=\"\" data-start=\"5525\" data-end=\"5596\">8. <strong data-start=\"5532\" data-end=\"5596\">Verdict final\u00a0: devriez-vous trader avec Headway Broker en 2025\u00a0?<\/strong><\/h3><p class=\"\" data-start=\"5598\" data-end=\"5938\">Headway Broker est une excellente option pour les traders en 2025, en particulier ceux qui recherchent une plate-forme fiable et s\u00e9curis\u00e9e avec une vari\u00e9t\u00e9 de types de comptes, des spreads comp\u00e9titifs et un support client de haute qualit\u00e9. Que vous soyez d\u00e9butant ou trader avanc\u00e9, Headway fournit les outils et les services dont vous avez besoin pour r\u00e9ussir sur les march\u00e9s financiers.<\/p><p class=\"\" data-start=\"5940\" data-end=\"6222\">En offrant flexibilit\u00e9, transparence et s\u00e9curit\u00e9, Headway se positionne comme un choix fiable dans le monde du trading en ligne. Cependant, comme pour tout courtier, il est essentiel de faire preuve de diligence raisonnable et de s'assurer que la plate-forme s'aligne sur vos objectifs de trading et la tol\u00e9rance au risque.<\/p><p class=\"\" data-start=\"6224\" data-end=\"6308\"><strong data-start=\"6224\" data-end=\"6308\">Commencez \u00e0 trader avec Headway Broker d\u00e8s aujourd'hui et faites passer votre trading au niveau sup\u00e9rieur\u00a0!<\/strong><\/p>\t\t\t\t\t\t\t\t<\/div>\n\t\t\t\t<\/div>\n\t\t\t\t\t<\/div>\n\t\t<\/div>\n\t\t\t\t\t<\/div>\n\t\t<\/section>\n\t\t\t\t<\/div>","protected":false},"excerpt":{"rendered":"<p>Are you considering trading with Headway broker in 2025? This detailed review will provide all the necessary insights into Headway&#8217;s [&hellip;]<\/p>\n","protected":false},"author":1,"featured_media":0,"parent":0,"menu_order":0,"comment_status":"closed","ping_status":"closed","template":"","meta":{"site-sidebar-layout":"default","site-content-layout":"","ast-site-content-layout":"default","site-content-style":"default","site-sidebar-style":"default","ast-global-header-display":"","ast-banner-title-visibility":"","ast-main-header-display":"","ast-hfb-above-header-display":"","ast-hfb-below-header-display":"","ast-hfb-mobile-header-display":"","site-post-title":"","ast-breadcrumbs-content":"","ast-featured-img":"","footer-sml-layout":"","ast-disable-related-posts":"","theme-transparent-header-meta":"","adv-header-id-meta":"","stick-header-meta":"","header-above-stick-meta":"","header-main-stick-meta":"","header-below-stick-meta":"","astra-migrate-meta-layouts":"default","ast-page-background-enabled":"default","ast-page-background-meta":{"desktop":{"background-color":"var(--ast-global-color-5)","background-image":"","background-repeat":"repeat","background-position":"center center","background-size":"auto","background-attachment":"scroll","background-type":"","background-media":"","overlay-type":"","overlay-color":"","overlay-opacity":"","overlay-gradient":""},"tablet":{"background-color":"","background-image":"","background-repeat":"repeat","background-position":"center center","background-size":"auto","background-attachment":"scroll","background-type":"","background-media":"","overlay-type":"","overlay-color":"","overlay-opacity":"","overlay-gradient":""},"mobile":{"background-color":"","background-image":"","background-repeat":"repeat","background-position":"center center","background-size":"auto","background-attachment":"scroll","background-type":"","background-media":"","overlay-type":"","overlay-color":"","overlay-opacity":"","overlay-gradient":""}},"ast-content-background-meta":{"desktop":{"background-color":"var(--ast-global-color-4)","background-image":"","background-repeat":"repeat","background-position":"center center","background-size":"auto","background-attachment":"scroll","background-type":"","background-media":"","overlay-type":"","overlay-color":"","overlay-opacity":"","overlay-gradient":""},"tablet":{"background-color":"var(--ast-global-color-4)","background-image":"","background-repeat":"repeat","background-position":"center center","background-size":"auto","background-attachment":"scroll","background-type":"","background-media":"","overlay-type":"","overlay-color":"","overlay-opacity":"","overlay-gradient":""},"mobile":{"background-color":"var(--ast-global-color-4)","background-image":"","background-repeat":"repeat","background-position":"center center","background-size":"auto","background-attachment":"scroll","background-type":"","background-media":"","overlay-type":"","overlay-color":"","overlay-opacity":"","overlay-gradient":""}},"footnotes":""},"class_list":["post-537","page","type-page","status-publish","hentry"],"_links":{"self":[{"href":"https:\/\/headwaybrokers.com\/fr\/wp-json\/wp\/v2\/pages\/537","targetHints":{"allow":["GET"]}}],"collection":[{"href":"https:\/\/headwaybrokers.com\/fr\/wp-json\/wp\/v2\/pages"}],"about":[{"href":"https:\/\/headwaybrokers.com\/fr\/wp-json\/wp\/v2\/types\/page"}],"author":[{"embeddable":true,"href":"https:\/\/headwaybrokers.com\/fr\/wp-json\/wp\/v2\/users\/1"}],"replies":[{"embeddable":true,"href":"https:\/\/headwaybrokers.com\/fr\/wp-json\/wp\/v2\/comments?post=537"}],"version-history":[{"count":7,"href":"https:\/\/headwaybrokers.com\/fr\/wp-json\/wp\/v2\/pages\/537\/revisions"}],"predecessor-version":[{"id":1120,"href":"https:\/\/headwaybrokers.com\/fr\/wp-json\/wp\/v2\/pages\/537\/revisions\/1120"}],"wp:attachment":[{"href":"https:\/\/headwaybrokers.com\/fr\/wp-json\/wp\/v2\/media?parent=537"}],"curies":[{"name":"wp","href":"https:\/\/api.w.org\/{rel}","templated":true}]}}