{"id":565,"date":"2025-06-04T18:35:47","date_gmt":"2025-06-04T18:35:47","guid":{"rendered":"https:\/\/headwaybrokers.com\/?page_id=565"},"modified":"2025-06-04T18:37:51","modified_gmt":"2025-06-04T18:37:51","slug":"headway-trading-un-guide-complet-des-strategies-de-trading-rentable","status":"publish","type":"page","link":"https:\/\/headwaybrokers.com\/fr\/headway-trading-a-comprehensive-guide-to-profitable-trading-strategies\/","title":{"rendered":"Headway Trading : un guide complet des strat\u00e9gies de trading rentable"},"content":{"rendered":"<div data-elementor-type=\"wp-page\" data-elementor-id=\"565\" class=\"elementor elementor-565\" data-elementor-post-type=\"page\">\n\t\t\t\t\t\t<section class=\"elementor-section elementor-top-section elementor-element elementor-element-80e8e6a elementor-section-boxed elementor-section-height-default elementor-section-height-default jltma-glass-effect-no\" data-id=\"80e8e6a\" data-element_type=\"section\" data-e-type=\"section\">\n\t\t\t\t\t\t<div class=\"elementor-container elementor-column-gap-default\">\n\t\t\t\t\t<div class=\"elementor-column elementor-col-100 elementor-top-column elementor-element elementor-element-9fc714f jltma-glass-effect-no\" data-id=\"9fc714f\" data-element_type=\"column\" data-e-type=\"column\">\n\t\t\t<div class=\"elementor-widget-wrap elementor-element-populated\">\n\t\t\t\t\t\t<div class=\"elementor-element elementor-element-3fc9773 jltma-glass-effect-no elementor-widget elementor-widget-text-editor\" data-id=\"3fc9773\" data-element_type=\"widget\" data-e-type=\"widget\" data-widget_type=\"text-editor.default\">\n\t\t\t\t<div class=\"elementor-widget-container\">\n\t\t\t\t\t\t\t\t\t<p data-start=\"586\" data-end=\"949\">Le trading Headway est une approche \u00e9volutive du trading sur les march\u00e9s financiers, combinant des strat\u00e9gies avanc\u00e9es, une gestion efficace des risques et l'utilisation de la technologie pour obtenir un avantage concurrentiel. Que vous soyez d\u00e9butant ou sommaire exp\u00e9riment\u00e9, la compr\u00e9hension des nuances du trading avance peut vous aider \u00e0 naviguer dans des conditions de march\u00e9 complexes avec plus de confiance et de succ\u00e8s.<\/p><p data-start=\"951\" data-end=\"1192\">Dans ce guide, nous allons explorer ce qu'est le trading d'avance, comment cela fonctionne, ses avantages et comment vous pouvez mettre en \u0153uvre cette strat\u00e9gie dans votre routine de trading. Plongeons dans le monde du trading et d\u00e9couvrons comment le trading de progr\u00e8s peut changer la donne.<\/p><hr data-start=\"1194\" data-end=\"1197\" \/><h3 data-start=\"1199\" data-end=\"1227\">Qu'est-ce que le trading d'avance\u00a0?<\/h3><p data-start=\"1229\" data-end=\"1566\"><a href=\"https:\/\/headwaybrokers.com\/fr\/\"><strong data-start=\"1229\" data-end=\"1248\">Trading de progr\u00e8s<\/strong><\/a> Fait r\u00e9f\u00e9rence \u00e0 une approche strat\u00e9gique utilis\u00e9e par les traders pour identifier les opportunit\u00e9s sur les march\u00e9s financiers en mettant l'accent sur les mouvements \u00e0 court et \u00e0 long terme. Cette m\u00e9thode combine une analyse technique, une analyse fondamentale et des strat\u00e9gies de tendances pour tirer parti des inefficacit\u00e9s du march\u00e9 et des variations de prix.<\/p><p data-start=\"1568\" data-end=\"1865\">Contrairement aux m\u00e9thodes de trading traditionnelles, Headway Trading met l'accent sur la compr\u00e9hension des tendances du march\u00e9 et sur l'adoption d'une strat\u00e9gie de trading flexible qui s'adapte aux diff\u00e9rentes conditions du march\u00e9. L'objectif est de prendre des d\u00e9cisions \u00e9clair\u00e9es bas\u00e9es sur des donn\u00e9es en temps r\u00e9el et des outils sophistiqu\u00e9s, permettant aux traders d'agir de mani\u00e8re d\u00e9cisive.<\/p><hr data-start=\"1867\" data-end=\"1870\" \/><h3 data-start=\"1872\" data-end=\"1906\">Comment fonctionne le trading d'avance ?<\/h3><p data-start=\"1908\" data-end=\"2037\">Le trading Headway implique plusieurs \u00e9l\u00e9ments cl\u00e9s qui le distinguent des strat\u00e9gies de trading plus conventionnelles. Voici comment \u00e7a marche :<\/p><ol data-start=\"2039\" data-end=\"3162\"><li data-start=\"2039\" data-end=\"2345\"><p data-start=\"2042\" data-end=\"2345\"><strong data-start=\"2042\" data-end=\"2061\">Analyse de march\u00e9<\/strong>: Les traders utilisant la m\u00e9thode Headway commencent souvent par une analyse approfondie des facteurs macro\u00e9conomiques (tels que les taux d'int\u00e9r\u00eat et les nouvelles mondiales) et les donn\u00e9es de march\u00e9 au niveau micro (comme l'action des prix, les graphiques et le sentiment du march\u00e9). Cette double approche permet d'identifier les tendances et les points d'entr\u00e9e cl\u00e9s.<\/p><\/li><li data-start=\"2347\" data-end=\"2574\"><p data-start=\"2350\" data-end=\"2574\"><strong data-start=\"2350\" data-end=\"2369\">Gestion des risques<\/strong>: L'une des principales caract\u00e9ristiques du trading headway est son accent sur la gestion des risques. Les traders utilisent des ordres de stop-loss, des niveaux de profit et d'autres techniques de r\u00e9duction des risques pour minimiser les pertes et prot\u00e9ger les gains.<\/p><\/li><li data-start=\"2576\" data-end=\"2859\"><p data-start=\"2579\" data-end=\"2859\"><strong data-start=\"2579\" data-end=\"2603\">Outils et technologie<\/strong>: L'utilisation de technologies de pointe, telles que des syst\u00e8mes de trading automatis\u00e9s, des robots de n\u00e9gociation et des plates-formes de cartographie sophistiqu\u00e9es, est courante dans le trading. Ces outils aident les traders \u00e0 ex\u00e9cuter les transactions aux moments optimaux et \u00e0 g\u00e9rer efficacement leurs portefeuilles.<\/p><\/li><li data-start=\"2861\" data-end=\"3162\"><p data-start=\"2864\" data-end=\"3162\"><strong data-start=\"2864\" data-end=\"2897\">Adaptation aux conditions du march\u00e9<\/strong>: Les traders Headway sont aptes \u00e0 ajuster leurs strat\u00e9gies en fonction des conditions changeantes du march\u00e9. Par exemple, sur des march\u00e9s tr\u00e8s volatils, ils pourraient utiliser des strat\u00e9gies plus prudentes, tandis que sur des march\u00e9s stables ou \u00e0 tendance, ils peuvent prendre plus de risques pour maximiser les profits.<\/p><\/li><\/ol><hr data-start=\"3164\" data-end=\"3167\" \/><h3 data-start=\"3169\" data-end=\"3204\">Les avantages du trading de progr\u00e8s<\/h3><p data-start=\"3206\" data-end=\"3310\">Le trading Headway offre plusieurs avantages par rapport aux autres m\u00e9thodes de trading. Voici quelques-uns des avantages cl\u00e9s :<\/p><ul data-start=\"3312\" data-end=\"3951\"><li data-start=\"3312\" data-end=\"3486\"><p data-start=\"3314\" data-end=\"3486\"><strong data-start=\"3314\" data-end=\"3342\">Am\u00e9lioration de la prise de d\u00e9cision<\/strong>: En utilisant une combinaison d'analyses techniques et fondamentales, les traders peuvent prendre des d\u00e9cisions plus \u00e9clair\u00e9es et augmenter la probabilit\u00e9 de succ\u00e8s.<\/p><\/li><li data-start=\"3490\" data-end=\"3627\"><p data-start=\"3492\" data-end=\"3627\"><strong data-start=\"3492\" data-end=\"3508\">adaptabilit\u00e9<\/strong>: La strat\u00e9gie peut \u00eatre appliqu\u00e9e \u00e0 diff\u00e9rentes conditions de march\u00e9, la rendant polyvalente pour les march\u00e9s haussiers et baissiers.<\/p><\/li><li data-start=\"3629\" data-end=\"3786\"><p data-start=\"3631\" data-end=\"3786\"><strong data-start=\"3631\" data-end=\"3647\">Risque r\u00e9duit<\/strong>: En mettant l'accent sur la gestion des risques, le trading Headway aide \u00e0 r\u00e9duire les pertes potentielles en fixant des objectifs clairs de stop-loss et de take-profit.<\/p><\/li><li data-start=\"3788\" data-end=\"3951\"><p data-start=\"3790\" data-end=\"3951\"><strong data-start=\"3790\" data-end=\"3819\">Potentiel de profit accru<\/strong>: Avec les bons outils et strat\u00e9gies, les traders headway peuvent profiter des petits mouvements du march\u00e9 et g\u00e9n\u00e9rer des profits coh\u00e9rents.<\/p><\/li><\/ul><hr data-start=\"3953\" data-end=\"3956\" \/><h3 data-start=\"3958\" data-end=\"3988\">Strat\u00e9gies de trading<\/h3><p data-start=\"3990\" data-end=\"4113\">Il existe plusieurs strat\u00e9gies que les traders utilisent dans le cadre de la m\u00e9thode de trading Headway. Voici quelques-uns des plus populaires :<\/p><h4 data-start=\"4115\" data-end=\"4151\">1. <strong data-start=\"4123\" data-end=\"4151\">Strat\u00e9gie de suivi des tendances<\/strong><\/h4><ul data-start=\"4155\" data-end=\"4358\"><li data-start=\"4155\" data-end=\"4358\"><p data-start=\"4157\" data-end=\"4358\">Cette strat\u00e9gie consiste \u00e0 identifier les tendances \u00e0 long terme et \u00e0 positionner les transactions dans le sens de ces tendances. En suivant le flux naturel du march\u00e9, les traders peuvent capitaliser sur des mouvements de prix soutenus.<\/p><\/li><\/ul><h4 data-start=\"4360\" data-end=\"4385\">2. <strong data-start=\"4368\" data-end=\"4385\">swing trading<\/strong><\/h4><ul data-start=\"4389\" data-end=\"4644\"><li data-start=\"4389\" data-end=\"4644\"><p data-start=\"4391\" data-end=\"4644\">Les traders swing cherchent \u00e0 saisir les fluctuations des prix dans une tendance. Cette m\u00e9thode est id\u00e9ale pour les traders qui n'ont pas le temps de surveiller les march\u00e9s en permanence. Les traders swing occupent g\u00e9n\u00e9ralement des positions pendant plusieurs jours ou semaines pour b\u00e9n\u00e9ficier des tendances \u00e0 moyen terme.<\/p><\/li><\/ul><h4 data-start=\"4646\" data-end=\"4666\">3. <strong data-start=\"4654\" data-end=\"4666\">scalping<\/strong><\/h4><ul data-start=\"4670\" data-end=\"4857\"><li data-start=\"4670\" data-end=\"4857\"><p data-start=\"4672\" data-end=\"4857\">Le scalping est une strat\u00e9gie de trading \u00e0 haute fr\u00e9quence qui consiste \u00e0 effectuer de nombreuses petites transactions pour capturer les mouvements de prix mineurs. Cela demande beaucoup d'attention aux d\u00e9tails et une prise de d\u00e9cision rapide.<\/p><\/li><\/ul><h4 data-start=\"4859\" data-end=\"4884\">4. <strong data-start=\"4867\" data-end=\"4884\">\u00c9change de gamme<\/strong><\/h4><ul data-start=\"4888\" data-end=\"5105\"><li data-start=\"4888\" data-end=\"5105\"><p data-start=\"4890\" data-end=\"5105\">Le trading sur range consiste \u00e0 identifier les fourchettes de prix o\u00f9 un actif devrait se n\u00e9gocier entre deux niveaux. Les traders ach\u00e8tent au niveau de soutien et vendent \u00e0 la r\u00e9sistance, tirant ainsi des profits de ces mouvements de prix pr\u00e9visibles.<\/p><\/li><\/ul><hr data-start=\"5107\" data-end=\"5110\" \/><h3 data-start=\"5112\" data-end=\"5141\">Outils pour le trading d'avancement<\/h3><p data-start=\"5143\" data-end=\"5309\">Pour r\u00e9ussir dans le trading, les traders utilisent une vari\u00e9t\u00e9 d'outils et de plates-formes con\u00e7ues pour am\u00e9liorer leur processus de prise de d\u00e9cision. Certains des outils les plus populaires incluent :<\/p><ul data-start=\"5311\" data-end=\"5976\"><li data-start=\"5311\" data-end=\"5463\"><p data-start=\"5313\" data-end=\"5463\"><strong data-start=\"5313\" data-end=\"5331\">MetaTrader 4\/5<\/strong>: L'une des plates-formes les plus utilis\u00e9es, offrant des outils de graphique avanc\u00e9s, des indicateurs techniques et des capacit\u00e9s de trading automatis\u00e9es.<\/p><\/li><li data-start=\"5467\" data-end=\"5600\"><p data-start=\"5469\" data-end=\"5600\"><strong data-start=\"5469\" data-end=\"5484\">TradingView<\/strong>: Une plate-forme de cartographie populaire pour l'analyse technique, offrant des donn\u00e9es en temps r\u00e9el et un ensemble robuste de fonctionnalit\u00e9s de cartographie.<\/p><\/li><li data-start=\"5602\" data-end=\"5807\"><p data-start=\"5604\" data-end=\"5807\"><strong data-start=\"5604\" data-end=\"5625\">Bots de n\u00e9gociation d'algo<\/strong>: Les robots de n\u00e9gociation automatis\u00e9s qui ex\u00e9cutent des transactions sur la base de r\u00e8gles pr\u00e9d\u00e9finies, aidant les traders \u00e0 tirer parti des opportunit\u00e9s de march\u00e9, m\u00eame lorsqu'ils ne surveillent pas activement les march\u00e9s.<\/p><\/li><li data-start=\"5809\" data-end=\"5976\"><p data-start=\"5811\" data-end=\"5976\"><strong data-start=\"5811\" data-end=\"5833\">Calendriers \u00e9conomiques<\/strong>: Ceux-ci fournissent des donn\u00e9es importantes sur les \u00e9v\u00e9nements \u00e9conomiques et les communiqu\u00e9s de presse qui peuvent avoir un impact sur les march\u00e9s, aidant les traders \u00e0 planifier leurs transactions en cons\u00e9quence.<\/p><\/li><\/ul><hr data-start=\"5978\" data-end=\"5981\" \/><h3 data-start=\"5983\" data-end=\"6021\">Gestion des risques dans le trading Headway<\/h3><p data-start=\"6023\" data-end=\"6159\">Une gestion efficace des risques est cruciale pour tout trader, en particulier lors de l'application de la strat\u00e9gie de trading. Certaines techniques cl\u00e9s comprennent :<\/p><ul data-start=\"6161\" data-end=\"6776\"><li data-start=\"6161\" data-end=\"6312\"><p data-start=\"6163\" data-end=\"6312\"><strong data-start=\"6163\" data-end=\"6182\">Dimensionnement de la position<\/strong>: D\u00e9terminer le bon montant de capital \u00e0 allouer par transaction est essentiel pour contr\u00f4ler le risque et prot\u00e9ger le solde de votre compte.<\/p><\/li><li data-start=\"6314\" data-end=\"6450\"><p data-start=\"6316\" data-end=\"6450\"><strong data-start=\"6316\" data-end=\"6336\">Commandes stop-loss<\/strong>: Ces commandes cl\u00f4turent automatiquement votre position une fois atteint un certain niveau de prix, emp\u00eachant ainsi de nouvelles pertes.<\/p><\/li><li data-start=\"6452\" data-end=\"6578\"><p data-start=\"6454\" data-end=\"6578\"><strong data-start=\"6454\" data-end=\"6476\">Commandes \u00e0 emporter<\/strong>: Comme les ordres stop-loss, les commandes \u00e0 emporter bloquent les b\u00e9n\u00e9fices une fois qu'un \u00e9change atteint un niveau de prix sp\u00e9cifi\u00e9.<\/p><\/li><li data-start=\"6580\" data-end=\"6776\"><p data-start=\"6582\" data-end=\"6776\"><strong data-start=\"6582\" data-end=\"6606\">Ratio risque\/r\u00e9compense<\/strong>: Une r\u00e8gle g\u00e9n\u00e9rale dans le trading est de viser un ratio risque\/r\u00e9compense de 1:2 ou plus, ce qui signifie que vous visez \u00e0 gagner deux fois le montant que vous \u00eates pr\u00eat \u00e0 risquer sur chaque transaction.<\/p><\/li><\/ul><hr data-start=\"6778\" data-end=\"6781\" \/><h3 data-start=\"6783\" data-end=\"6832\">Conclusion\u00a0: le trading d'avance est-il fait pour vous\u00a0?<\/h3><p data-start=\"6834\" data-end=\"7135\">Headway Trading offre une approche structur\u00e9e et adaptable des march\u00e9s, ce qui en fait une excellente option pour les traders de tous niveaux d'exp\u00e9rience. En mettant l'accent sur la gestion des risques, l'analyse des tendances et l'utilisation d'outils avanc\u00e9s, cette strat\u00e9gie peut \u00eatre un moyen puissant de g\u00e9n\u00e9rer des profits tout en att\u00e9nuer les risques.<\/p><p data-start=\"7137\" data-end=\"7424\">Cependant, comme toute strat\u00e9gie de trading, le succ\u00e8s dans le trading avance d\u00e9pend de votre capacit\u00e9 \u00e0 analyser le march\u00e9, \u00e0 d\u00e9velopper un plan de trading disciplin\u00e9 et \u00e0 g\u00e9rer efficacement les risques. Si vous d\u00e9butez dans le trading, envisagez de commencer avec un compte de d\u00e9monstration et de vous entra\u00eener avant de n\u00e9gocier avec un capital r\u00e9el.<\/p><hr data-start=\"7426\" data-end=\"7429\" \/><h3 data-start=\"7431\" data-end=\"7439\">FAQ<\/h3><p data-start=\"7441\" data-end=\"7490\"><strong data-start=\"7441\" data-end=\"7490\">1. Le trading d'avance est-il adapt\u00e9 aux d\u00e9butants ?<\/strong><\/p><p data-start=\"7492\" data-end=\"7685\">Oui, le trading Headway peut convenir aux d\u00e9butants si vous prenez le temps d'apprendre et de comprendre l'analyse de march\u00e9, la gestion des risques et les outils de trading. Commencer avec un compte de d\u00e9monstration est une bonne id\u00e9e.<\/p><p data-start=\"7687\" data-end=\"7742\"><strong data-start=\"7687\" data-end=\"7742\">2. Quel est le meilleur d\u00e9lai pour le trading d'avance\u00a0?<\/strong><\/p><p data-start=\"7744\" data-end=\"7904\">Le meilleur d\u00e9lai d\u00e9pend de la strat\u00e9gie que vous avez choisie. Par exemple, les scalpeurs utilisent des d\u00e9lais plus courts, tandis que les suiveurs de tendances peuvent se n\u00e9gocier sur des graphiques quotidiens ou hebdomadaires.<\/p><p data-start=\"7906\" data-end=\"7959\"><strong data-start=\"7906\" data-end=\"7959\">3. Puis-je utiliser Headway Trading pour le Forex ou les actions ?<\/strong><\/p><p data-start=\"7961\" data-end=\"8069\">Oui, des strat\u00e9gies de trading headway peuvent \u00eatre appliqu\u00e9es \u00e0 divers march\u00e9s, notamment le forex, les actions et les mati\u00e8res premi\u00e8res.<\/p><p data-start=\"8071\" data-end=\"8116\"><strong data-start=\"8071\" data-end=\"8116\">4. Quels sont les risques de trading avance ?<\/strong><\/p><p data-start=\"8118\" data-end=\"8272\">Le principal risque est la volatilit\u00e9 du march\u00e9, mais avec une gestion efficace des risques, comme les ordres de stop-loss et la taille appropri\u00e9e, ces risques peuvent \u00eatre minimis\u00e9s.<\/p><hr data-start=\"8274\" data-end=\"8277\" \/><p data-start=\"8279\" data-end=\"8476\">En mettant en \u0153uvre les principes et strat\u00e9gies de trading headway, vous pouvez potentiellement am\u00e9liorer vos performances de trading et r\u00e9aliser des profits plus coh\u00e9rents dans le monde dynamique des march\u00e9s financiers.<\/p><hr data-start=\"8478\" data-end=\"8481\" \/><h3 data-start=\"8483\" data-end=\"8498\">Mots-cl\u00e9s\u00a0:<\/h3><ul data-start=\"8499\" data-end=\"8700\"><li data-start=\"8499\" data-end=\"8518\"><p data-start=\"8501\" data-end=\"8518\">Trading de progr\u00e8s<\/p><\/li><li data-start=\"8519\" data-end=\"8541\"><p data-start=\"8521\" data-end=\"8541\">Strat\u00e9gies de<\/p><\/li><li data-start=\"8542\" data-end=\"8559\"><p data-start=\"8544\" data-end=\"8559\">trading forex<\/p><\/li><li data-start=\"8560\" data-end=\"8579\"><p data-start=\"8562\" data-end=\"8579\">Gestion des risques<\/p><\/li><li data-start=\"8580\" data-end=\"8597\"><p data-start=\"8582\" data-end=\"8597\">Outils de trading<\/p><\/li><li data-start=\"8598\" data-end=\"8626\"><p data-start=\"8600\" data-end=\"8626\">Strat\u00e9gie de suivi des tendances<\/p><\/li><li data-start=\"8627\" data-end=\"8644\"><p data-start=\"8629\" data-end=\"8644\">swing trading<\/p><\/li><li data-start=\"8645\" data-end=\"8657\"><p data-start=\"8647\" data-end=\"8657\">scalping<\/p><\/li><li data-start=\"8658\" data-end=\"8678\"><p data-start=\"8660\" data-end=\"8678\">Plateforme de trading<\/p><\/li><li data-start=\"8679\" data-end=\"8700\"><p data-start=\"8681\" data-end=\"8700\">march\u00e9s financiers<\/p><\/li><\/ul>\t\t\t\t\t\t\t\t<\/div>\n\t\t\t\t<\/div>\n\t\t\t\t\t<\/div>\n\t\t<\/div>\n\t\t\t\t\t<\/div>\n\t\t<\/section>\n\t\t\t\t<\/div>","protected":false},"excerpt":{"rendered":"<p>Headway Trading is an evolving approach to trading in financial markets, combining advanced strategies, effective risk management, and the use [&hellip;]<\/p>\n","protected":false},"author":1,"featured_media":0,"parent":0,"menu_order":0,"comment_status":"closed","ping_status":"closed","template":"","meta":{"site-sidebar-layout":"default","site-content-layout":"","ast-site-content-layout":"default","site-content-style":"default","site-sidebar-style":"default","ast-global-header-display":"","ast-banner-title-visibility":"","ast-main-header-display":"","ast-hfb-above-header-display":"","ast-hfb-below-header-display":"","ast-hfb-mobile-header-display":"","site-post-title":"","ast-breadcrumbs-content":"","ast-featured-img":"","footer-sml-layout":"","ast-disable-related-posts":"","theme-transparent-header-meta":"","adv-header-id-meta":"","stick-header-meta":"","header-above-stick-meta":"","header-main-stick-meta":"","header-below-stick-meta":"","astra-migrate-meta-layouts":"default","ast-page-background-enabled":"default","ast-page-background-meta":{"desktop":{"background-color":"var(--ast-global-color-5)","background-image":"","background-repeat":"repeat","background-position":"center center","background-size":"auto","background-attachment":"scroll","background-type":"","background-media":"","overlay-type":"","overlay-color":"","overlay-opacity":"","overlay-gradient":""},"tablet":{"background-color":"","background-image":"","background-repeat":"repeat","background-position":"center center","background-size":"auto","background-attachment":"scroll","background-type":"","background-media":"","overlay-type":"","overlay-color":"","overlay-opacity":"","overlay-gradient":""},"mobile":{"background-color":"","background-image":"","background-repeat":"repeat","background-position":"center center","background-size":"auto","background-attachment":"scroll","background-type":"","background-media":"","overlay-type":"","overlay-color":"","overlay-opacity":"","overlay-gradient":""}},"ast-content-background-meta":{"desktop":{"background-color":"var(--ast-global-color-4)","background-image":"","background-repeat":"repeat","background-position":"center center","background-size":"auto","background-attachment":"scroll","background-type":"","background-media":"","overlay-type":"","overlay-color":"","overlay-opacity":"","overlay-gradient":""},"tablet":{"background-color":"var(--ast-global-color-4)","background-image":"","background-repeat":"repeat","background-position":"center center","background-size":"auto","background-attachment":"scroll","background-type":"","background-media":"","overlay-type":"","overlay-color":"","overlay-opacity":"","overlay-gradient":""},"mobile":{"background-color":"var(--ast-global-color-4)","background-image":"","background-repeat":"repeat","background-position":"center center","background-size":"auto","background-attachment":"scroll","background-type":"","background-media":"","overlay-type":"","overlay-color":"","overlay-opacity":"","overlay-gradient":""}},"footnotes":""},"class_list":["post-565","page","type-page","status-publish","hentry"],"_links":{"self":[{"href":"https:\/\/headwaybrokers.com\/fr\/wp-json\/wp\/v2\/pages\/565","targetHints":{"allow":["GET"]}}],"collection":[{"href":"https:\/\/headwaybrokers.com\/fr\/wp-json\/wp\/v2\/pages"}],"about":[{"href":"https:\/\/headwaybrokers.com\/fr\/wp-json\/wp\/v2\/types\/page"}],"author":[{"embeddable":true,"href":"https:\/\/headwaybrokers.com\/fr\/wp-json\/wp\/v2\/users\/1"}],"replies":[{"embeddable":true,"href":"https:\/\/headwaybrokers.com\/fr\/wp-json\/wp\/v2\/comments?post=565"}],"version-history":[{"count":7,"href":"https:\/\/headwaybrokers.com\/fr\/wp-json\/wp\/v2\/pages\/565\/revisions"}],"predecessor-version":[{"id":574,"href":"https:\/\/headwaybrokers.com\/fr\/wp-json\/wp\/v2\/pages\/565\/revisions\/574"}],"wp:attachment":[{"href":"https:\/\/headwaybrokers.com\/fr\/wp-json\/wp\/v2\/media?parent=565"}],"curies":[{"name":"wp","href":"https:\/\/api.w.org\/{rel}","templated":true}]}}