{"id":737,"date":"2025-08-08T09:04:06","date_gmt":"2025-08-08T09:04:06","guid":{"rendered":"https:\/\/headwaybrokers.com\/?page_id=737"},"modified":"2025-10-16T11:13:07","modified_gmt":"2025-10-16T11:13:07","slug":"a-propos-de-headway-b","status":"publish","type":"page","link":"https:\/\/headwaybrokers.com\/fr\/about-headway-broker\/","title":{"rendered":"\u00c0 propos de Headway Broker \u2013 tout ce que vous devez savoir avant de commencer \u00e0 trader"},"content":{"rendered":"<div data-elementor-type=\"wp-page\" data-elementor-id=\"737\" class=\"elementor elementor-737\" data-elementor-post-type=\"page\">\n\t\t\t\t\t\t<section class=\"elementor-section elementor-top-section elementor-element elementor-element-f133194 elementor-section-boxed elementor-section-height-default elementor-section-height-default jltma-glass-effect-no\" data-id=\"f133194\" data-element_type=\"section\" data-e-type=\"section\">\n\t\t\t\t\t\t<div class=\"elementor-container elementor-column-gap-default\">\n\t\t\t\t\t<div class=\"elementor-column elementor-col-100 elementor-top-column elementor-element elementor-element-8799008 jltma-glass-effect-no\" data-id=\"8799008\" data-element_type=\"column\" data-e-type=\"column\">\n\t\t\t<div class=\"elementor-widget-wrap\">\n\t\t\t\t\t\t\t<\/div>\n\t\t<\/div>\n\t\t\t\t\t<\/div>\n\t\t<\/section>\n\t\t\t\t<section class=\"elementor-section elementor-top-section elementor-element elementor-element-b1e2d72 elementor-section-boxed elementor-section-height-default elementor-section-height-default jltma-glass-effect-no\" data-id=\"b1e2d72\" data-element_type=\"section\" data-e-type=\"section\">\n\t\t\t\t\t\t<div class=\"elementor-container elementor-column-gap-default\">\n\t\t\t\t\t<div class=\"elementor-column elementor-col-100 elementor-top-column elementor-element elementor-element-a1e39f6 jltma-glass-effect-no\" data-id=\"a1e39f6\" data-element_type=\"column\" data-e-type=\"column\">\n\t\t\t<div class=\"elementor-widget-wrap\">\n\t\t\t\t\t\t\t<\/div>\n\t\t<\/div>\n\t\t\t\t\t<\/div>\n\t\t<\/section>\n\t\t\t\t<section class=\"elementor-section elementor-top-section elementor-element elementor-element-73f449d elementor-section-boxed elementor-section-height-default elementor-section-height-default jltma-glass-effect-no\" data-id=\"73f449d\" data-element_type=\"section\" data-e-type=\"section\">\n\t\t\t\t\t\t<div class=\"elementor-container elementor-column-gap-default\">\n\t\t\t\t\t<div class=\"elementor-column elementor-col-100 elementor-top-column elementor-element elementor-element-071fba9 jltma-glass-effect-no\" data-id=\"071fba9\" data-element_type=\"column\" data-e-type=\"column\">\n\t\t\t<div class=\"elementor-widget-wrap elementor-element-populated\">\n\t\t\t\t\t\t<div class=\"elementor-element elementor-element-46d5149 jltma-glass-effect-no elementor-widget elementor-widget-image\" data-id=\"46d5149\" data-element_type=\"widget\" data-e-type=\"widget\" data-widget_type=\"image.default\">\n\t\t\t\t<div class=\"elementor-widget-container\">\n\t\t\t\t\t\t\t\t\t\t\t\t\t\t\t<img decoding=\"async\" width=\"204\" height=\"192\" src=\"https:\/\/headwaybrokers.com\/wp-content\/uploads\/2024\/01\/download-9.png\" class=\"attachment-large size-large wp-image-142\" alt=\"Courtiers en avance\" \/>\t\t\t\t\t\t\t\t\t\t\t\t\t\t\t<\/div>\n\t\t\t\t<\/div>\n\t\t\t\t\t<\/div>\n\t\t<\/div>\n\t\t\t\t\t<\/div>\n\t\t<\/section>\n\t\t\t\t<section class=\"elementor-section elementor-top-section elementor-element elementor-element-9cf4ec1 elementor-section-boxed elementor-section-height-default elementor-section-height-default jltma-glass-effect-no\" data-id=\"9cf4ec1\" data-element_type=\"section\" data-e-type=\"section\">\n\t\t\t\t\t\t<div class=\"elementor-container elementor-column-gap-default\">\n\t\t\t\t\t<div class=\"elementor-column elementor-col-100 elementor-top-column elementor-element elementor-element-768b132 jltma-glass-effect-no\" data-id=\"768b132\" data-element_type=\"column\" data-e-type=\"column\">\n\t\t\t<div class=\"elementor-widget-wrap elementor-element-populated\">\n\t\t\t\t\t\t<div class=\"elementor-element elementor-element-c27cad8 jltma-glass-effect-no elementor-widget elementor-widget-heading\" data-id=\"c27cad8\" data-element_type=\"widget\" data-e-type=\"widget\" data-widget_type=\"heading.default\">\n\t\t\t\t<div class=\"elementor-widget-container\">\n\t\t\t\t\t<h1 class=\"elementor-heading-title elementor-size-default\">\u00c0 propos de Headway Broker \u2013 tout ce que vous devez savoir avant de commencer \u00e0 trader<\/h1>\t\t\t\t<\/div>\n\t\t\t\t<\/div>\n\t\t\t\t\t<\/div>\n\t\t<\/div>\n\t\t\t\t\t<\/div>\n\t\t<\/section>\n\t\t\t\t<section class=\"elementor-section elementor-top-section elementor-element elementor-element-9e6c3e5 elementor-section-boxed elementor-section-height-default elementor-section-height-default jltma-glass-effect-no\" data-id=\"9e6c3e5\" data-element_type=\"section\" data-e-type=\"section\">\n\t\t\t\t\t\t<div class=\"elementor-container elementor-column-gap-default\">\n\t\t\t\t\t<div class=\"elementor-column elementor-col-100 elementor-top-column elementor-element elementor-element-17ee729 jltma-glass-effect-no\" data-id=\"17ee729\" data-element_type=\"column\" data-e-type=\"column\">\n\t\t\t<div class=\"elementor-widget-wrap elementor-element-populated\">\n\t\t\t\t\t\t<div class=\"elementor-element elementor-element-afcfc27 jltma-glass-effect-no elementor-widget elementor-widget-spacer\" data-id=\"afcfc27\" data-element_type=\"widget\" data-e-type=\"widget\" data-widget_type=\"spacer.default\">\n\t\t\t\t<div class=\"elementor-widget-container\">\n\t\t\t\t\t\t\t<div class=\"elementor-spacer\">\n\t\t\t<div class=\"elementor-spacer-inner\"><\/div>\n\t\t<\/div>\n\t\t\t\t\t\t<\/div>\n\t\t\t\t<\/div>\n\t\t\t\t\t<\/div>\n\t\t<\/div>\n\t\t\t\t\t<\/div>\n\t\t<\/section>\n\t\t\t\t<section class=\"elementor-section elementor-top-section elementor-element elementor-element-5da67ee elementor-section-boxed elementor-section-height-default elementor-section-height-default jltma-glass-effect-no\" data-id=\"5da67ee\" data-element_type=\"section\" data-e-type=\"section\">\n\t\t\t\t\t\t<div class=\"elementor-container elementor-column-gap-default\">\n\t\t\t\t\t<div class=\"elementor-column elementor-col-100 elementor-top-column elementor-element elementor-element-10cf77c jltma-glass-effect-no\" data-id=\"10cf77c\" data-element_type=\"column\" data-e-type=\"column\">\n\t\t\t<div class=\"elementor-widget-wrap elementor-element-populated\">\n\t\t\t\t\t\t<div class=\"elementor-element elementor-element-96839f8 jltma-glass-effect-no elementor-widget elementor-widget-text-editor\" data-id=\"96839f8\" data-element_type=\"widget\" data-e-type=\"widget\" data-widget_type=\"text-editor.default\">\n\t\t\t\t<div class=\"elementor-widget-container\">\n\t\t\t\t\t\t\t\t\t<h2 data-start=\"465\" data-end=\"518\">\u00c0 propos de Headway Broker \u2013 tout ce que vous devez savoir<\/h2><p data-start=\"520\" data-end=\"864\"><strong data-start=\"520\" data-end=\"538\">courtier en avant<\/strong> est une plateforme de trading en ligne en croissance qui donne acc\u00e8s aux march\u00e9s financiers mondiaux, y compris <strong data-start=\"636\" data-end=\"645\">\u00e9tranger<\/strong>, <strong data-start=\"647\" data-end=\"662\">mati\u00e8res premi\u00e8res<\/strong>, <strong data-start=\"664\" data-end=\"675\">indices<\/strong>, et <strong data-start=\"681\" data-end=\"701\">Crypto-monnaies<\/strong>. Con\u00e7u pour les d\u00e9butants et les traders exp\u00e9riment\u00e9s, Headway se concentre sur la fourniture de conditions de trading comp\u00e9titives, des outils avanc\u00e9s et un support client r\u00e9actif.<\/p><h3 data-start=\"866\" data-end=\"889\">1. Pr\u00e9sentation de l<\/h3><p data-start=\"890\" data-end=\"1214\">Le courtier en chef fonctionne comme un <strong data-start=\"920\" data-end=\"958\">Courtier international de CFD et de forex<\/strong>, visant \u00e0 cr\u00e9er un environnement commercial \u00e9quitable et transparent. La soci\u00e9t\u00e9 fournit ses services aux commer\u00e7ants du monde entier, sauf dans les juridictions restreintes. En mettant l'accent sur l'innovation, Headway propose des solutions ax\u00e9es sur la technologie pour un acc\u00e8s efficace au march\u00e9.<\/p><h3 data-start=\"1216\" data-end=\"1246\">2 R\u00e8glement et s\u00e9curit\u00e9<\/h3><p data-start=\"1247\" data-end=\"1452\">La s\u00e9curit\u00e9 et la confiance sont essentielles pour tout courtier. Headway Broker s'engage \u00e0 respecter <strong data-start=\"1342\" data-end=\"1381\">R\u00e8glement financier international<\/strong> et la mise en \u0153uvre de mesures solides pour prot\u00e9ger les fonds des clients, notamment :<\/p><ul data-start=\"1453\" data-end=\"1608\"><li data-start=\"1453\" data-end=\"1500\"><p data-start=\"1455\" data-end=\"1500\"><strong data-start=\"1455\" data-end=\"1478\">Comptes distincts<\/strong> Pour les d\u00e9p\u00f4ts des clients<\/p><\/li><li data-start=\"1501\" data-end=\"1547\"><p data-start=\"1503\" data-end=\"1547\"><strong data-start=\"1503\" data-end=\"1521\">Chiffrement SSL<\/strong> Pour les transactions s\u00e9curis\u00e9es<\/p><\/li><li data-start=\"1548\" data-end=\"1608\"><p data-start=\"1550\" data-end=\"1608\">conformit\u00e9 avec <strong data-start=\"1566\" data-end=\"1597\">AML (anti-blanchiment)<\/strong> politiques<\/p><\/li><\/ul><h3 data-start=\"1610\" data-end=\"1634\">3. Plateformes de trading<\/h3><p data-start=\"1635\" data-end=\"1691\">Headway propose des plateformes populaires et conviviales telles que :<\/p><ul data-start=\"1692\" data-end=\"1847\"><li data-start=\"1692\" data-end=\"1764\"><p data-start=\"1694\" data-end=\"1764\"><strong data-start=\"1694\" data-end=\"1716\">MetaTrader 4 (MT4)<\/strong> \u2013 Id\u00e9al pour les d\u00e9butants et les traders algorithmiques<\/p><\/li><li data-start=\"1765\" data-end=\"1847\"><p data-start=\"1767\" data-end=\"1847\"><strong data-start=\"1767\" data-end=\"1789\">MetaTrader 5 (MT5)<\/strong> \u2013 Graphisme avanc\u00e9, plus de types de commandes et de profondeur de march\u00e9<\/p><\/li><\/ul><p data-start=\"1849\" data-end=\"1959\">Ces plates-formes sont disponibles sur les ordinateurs de bureau, Web et mobiles, garantissant une flexibilit\u00e9 aux traders en d\u00e9placement.<\/p><h3 data-start=\"1961\" data-end=\"1981\">4. Types de compte<\/h3><p data-start=\"1982\" data-end=\"2062\">Headway Broker propose diff\u00e9rents types de comptes pour correspondre \u00e0 diff\u00e9rents styles de trading\u00a0:<\/p><ul data-start=\"2063\" data-end=\"2267\"><li data-start=\"2063\" data-end=\"2124\"><p data-start=\"2065\" data-end=\"2124\"><strong data-start=\"2065\" data-end=\"2085\">Compte standard<\/strong> \u2013 Pas de commission, spreads concurrentiels<\/p><\/li><li data-start=\"2125\" data-end=\"2209\"><p data-start=\"2127\" data-end=\"2209\"><strong data-start=\"2127\" data-end=\"2142\">Compte ECN<\/strong> \u2013 spreads bruts, prix bas\u00e9s sur des commissions pour les traders professionnels<\/p><\/li><li data-start=\"2210\" data-end=\"2267\"><p data-start=\"2212\" data-end=\"2267\"><strong data-start=\"2212\" data-end=\"2228\">Compte de d\u00e9monstration<\/strong> \u2013 Environnement sans risque pour la pratique<\/p><\/li><\/ul><h3 data-start=\"2269\" data-end=\"2292\">5. Produits offerts<\/h3><p data-start=\"2293\" data-end=\"2337\">Les traders peuvent diversifier leurs portefeuilles avec :<\/p><ul data-start=\"2338\" data-end=\"2522\"><li data-start=\"2338\" data-end=\"2387\"><p data-start=\"2340\" data-end=\"2387\"><strong data-start=\"2340\" data-end=\"2355\">paires de Forex<\/strong> \u2013 Majors, mineurs et exotiques<\/p><\/li><li data-start=\"2388\" data-end=\"2427\"><p data-start=\"2390\" data-end=\"2427\"><strong data-start=\"2390\" data-end=\"2405\">mati\u00e8res premi\u00e8res<\/strong> \u2013 Or, argent, huile<\/p><\/li><li data-start=\"2428\" data-end=\"2476\"><p data-start=\"2430\" data-end=\"2476\"><strong data-start=\"2430\" data-end=\"2441\">indices<\/strong> \u2013 R\u00e9f\u00e9rences boursi\u00e8res mondiales<\/p><\/li><li data-start=\"2477\" data-end=\"2522\"><p data-start=\"2479\" data-end=\"2522\"><strong data-start=\"2479\" data-end=\"2499\">Crypto-monnaies<\/strong> \u2013 BTC, ETH, etc.<\/p><\/li><\/ul><h3 data-start=\"2524\" data-end=\"2555\">6. D\u00e9p\u00f4ts et retraits<\/h3><p data-start=\"2556\" data-end=\"2598\">Headway prend en charge plusieurs options de paiement\u00a0:<\/p><ul data-start=\"2599\" data-end=\"2750\"><li data-start=\"2599\" data-end=\"2621\"><p data-start=\"2601\" data-end=\"2621\"><strong data-start=\"2601\" data-end=\"2619\">Virements bancaires<\/strong><\/p><\/li><li data-start=\"2622\" data-end=\"2648\"><p data-start=\"2624\" data-end=\"2648\"><strong data-start=\"2624\" data-end=\"2646\">Cartes de cr\u00e9dit\/d\u00e9bit<\/strong><\/p><\/li><li data-start=\"2649\" data-end=\"2693\"><p data-start=\"2651\" data-end=\"2693\"><strong data-start=\"2651\" data-end=\"2664\">Portefeuilles \u00e9lectroniques<\/strong> comme Skrill ou Neteller<\/p><\/li><li data-start=\"2694\" data-end=\"2750\"><p data-start=\"2696\" data-end=\"2750\">D\u00e9lais de traitement des retraits rapides sans frais cach\u00e9s<\/p><\/li><\/ul><h3 data-start=\"2752\" data-end=\"2780\">7 \u00c9ducation et soutien<\/h3><p data-start=\"2781\" data-end=\"2818\">Headway Broker propose des ressources telles que\u00a0:<\/p><ul data-start=\"2819\" data-end=\"2943\"><li data-start=\"2819\" data-end=\"2857\"><p data-start=\"2821\" data-end=\"2857\"><strong data-start=\"2821\" data-end=\"2855\">Tutoriels de trading et webinaires<\/strong><\/p><\/li><li data-start=\"2858\" data-end=\"2904\"><p data-start=\"2860\" data-end=\"2904\"><strong data-start=\"2860\" data-end=\"2879\">Analyse de march\u00e9<\/strong> et calendriers \u00e9conomiques<\/p><\/li><li data-start=\"2905\" data-end=\"2943\"><p data-start=\"2907\" data-end=\"2943\">Assistance client multilingue 24\/24\/24\/5<\/p><\/li><\/ul><h3 data-start=\"2945\" data-end=\"2985\">8. Pourquoi les traders choisissent le courtier Headway<\/h3><ul data-start=\"2986\" data-end=\"3129\"><li data-start=\"2986\" data-end=\"3020\"><p data-start=\"2988\" data-end=\"3020\">Conditions de trading transparentes<\/p><\/li><li data-start=\"3021\" data-end=\"3058\"><p data-start=\"3023\" data-end=\"3058\">Des spreads serr\u00e9s et des commissions faibles<\/p><\/li><li data-start=\"3059\" data-end=\"3099\"><p data-start=\"3061\" data-end=\"3099\">Acc\u00e9der \u00e0 de puissantes plateformes de trading<\/p><\/li><li data-start=\"3100\" data-end=\"3129\"><p data-start=\"3102\" data-end=\"3129\">Service client fiable<\/p><\/li><\/ul>\t\t\t\t\t\t\t\t<\/div>\n\t\t\t\t<\/div>\n\t\t\t\t\t<\/div>\n\t\t<\/div>\n\t\t\t\t\t<\/div>\n\t\t<\/section>\n\t\t\t\t<\/div>","protected":false},"excerpt":{"rendered":"<p>About Headway Broker \u2013 Everything You Need to Know Before You Start Trading About Headway Broker \u2013 Everything You Need [&hellip;]<\/p>\n","protected":false},"author":1,"featured_media":142,"parent":0,"menu_order":0,"comment_status":"closed","ping_status":"closed","template":"elementor_header_footer","meta":{"site-sidebar-layout":"no-sidebar","site-content-layout":"","ast-site-content-layout":"full-width-container","site-content-style":"default","site-sidebar-style":"default","ast-global-header-display":"","ast-banner-title-visibility":"","ast-main-header-display":"","ast-hfb-above-header-display":"","ast-hfb-below-header-display":"","ast-hfb-mobile-header-display":"","site-post-title":"disabled","ast-breadcrumbs-content":"","ast-featured-img":"disabled","footer-sml-layout":"","ast-disable-related-posts":"","theme-transparent-header-meta":"default","adv-header-id-meta":"","stick-header-meta":"","header-above-stick-meta":"","header-main-stick-meta":"","header-below-stick-meta":"","astra-migrate-meta-layouts":"set","ast-page-background-enabled":"default","ast-page-background-meta":{"desktop":{"background-color":"var(--ast-global-color-5)","background-image":"","background-repeat":"repeat","background-position":"center center","background-size":"auto","background-attachment":"scroll","background-type":"","background-media":"","overlay-type":"","overlay-color":"","overlay-opacity":"","overlay-gradient":""},"tablet":{"background-color":"","background-image":"","background-repeat":"repeat","background-position":"center center","background-size":"auto","background-attachment":"scroll","background-type":"","background-media":"","overlay-type":"","overlay-color":"","overlay-opacity":"","overlay-gradient":""},"mobile":{"background-color":"","background-image":"","background-repeat":"repeat","background-position":"center center","background-size":"auto","background-attachment":"scroll","background-type":"","background-media":"","overlay-type":"","overlay-color":"","overlay-opacity":"","overlay-gradient":""}},"ast-content-background-meta":{"desktop":{"background-color":"var(--ast-global-color-4)","background-image":"","background-repeat":"repeat","background-position":"center center","background-size":"auto","background-attachment":"scroll","background-type":"","background-media":"","overlay-type":"","overlay-color":"","overlay-opacity":"","overlay-gradient":""},"tablet":{"background-color":"var(--ast-global-color-4)","background-image":"","background-repeat":"repeat","background-position":"center center","background-size":"auto","background-attachment":"scroll","background-type":"","background-media":"","overlay-type":"","overlay-color":"","overlay-opacity":"","overlay-gradient":""},"mobile":{"background-color":"var(--ast-global-color-4)","background-image":"","background-repeat":"repeat","background-position":"center center","background-size":"auto","background-attachment":"scroll","background-type":"","background-media":"","overlay-type":"","overlay-color":"","overlay-opacity":"","overlay-gradient":""}},"footnotes":""},"class_list":["post-737","page","type-page","status-publish","has-post-thumbnail","hentry"],"_links":{"self":[{"href":"https:\/\/headwaybrokers.com\/fr\/wp-json\/wp\/v2\/pages\/737","targetHints":{"allow":["GET"]}}],"collection":[{"href":"https:\/\/headwaybrokers.com\/fr\/wp-json\/wp\/v2\/pages"}],"about":[{"href":"https:\/\/headwaybrokers.com\/fr\/wp-json\/wp\/v2\/types\/page"}],"author":[{"embeddable":true,"href":"https:\/\/headwaybrokers.com\/fr\/wp-json\/wp\/v2\/users\/1"}],"replies":[{"embeddable":true,"href":"https:\/\/headwaybrokers.com\/fr\/wp-json\/wp\/v2\/comments?post=737"}],"version-history":[{"count":10,"href":"https:\/\/headwaybrokers.com\/fr\/wp-json\/wp\/v2\/pages\/737\/revisions"}],"predecessor-version":[{"id":956,"href":"https:\/\/headwaybrokers.com\/fr\/wp-json\/wp\/v2\/pages\/737\/revisions\/956"}],"wp:featuredmedia":[{"embeddable":true,"href":"https:\/\/headwaybrokers.com\/fr\/wp-json\/wp\/v2\/media\/142"}],"wp:attachment":[{"href":"https:\/\/headwaybrokers.com\/fr\/wp-json\/wp\/v2\/media?parent=737"}],"curies":[{"name":"WP","href":"https:\/\/api.w.org\/{rel}","templated":true}]}}