{"id":537,"date":"2025-04-27T13:33:01","date_gmt":"2025-04-27T13:33:01","guid":{"rendered":"https:\/\/headwaybrokers.com\/?page_id=537"},"modified":"2026-02-20T22:19:19","modified_gmt":"2026-02-20T22:19:19","slug":"headway-broker-review-2025-a-comprehensive-overview-of-services-features-and-user-experience-2","status":"publish","type":"page","link":"https:\/\/headwaybrokers.com\/it\/headway-broker-review-2025-a-comprehensive-overview-of-services-features-and-user-experience-2\/","title":{"rendered":"Recensione di Broker Headway 2026: una panoramica completa di servizi, funzionalit\u00e0 ed esperienza utente"},"content":{"rendered":"<div data-elementor-type=\"wp-page\" data-elementor-id=\"537\" class=\"elementor elementor-537\" data-elementor-post-type=\"page\">\n\t\t\t\t\t\t<section class=\"elementor-section elementor-top-section elementor-element elementor-element-457023b elementor-section-boxed elementor-section-height-default elementor-section-height-default jltma-glass-effect-no\" data-id=\"457023b\" data-element_type=\"section\" data-e-type=\"section\">\n\t\t\t\t\t\t<div class=\"elementor-container elementor-column-gap-default\">\n\t\t\t\t\t<div class=\"elementor-column elementor-col-100 elementor-top-column elementor-element elementor-element-6badd2a jltma-glass-effect-no\" data-id=\"6badd2a\" data-element_type=\"column\" data-e-type=\"column\">\n\t\t\t<div class=\"elementor-widget-wrap elementor-element-populated\">\n\t\t\t\t\t\t<div class=\"elementor-element elementor-element-c9b2c11 jltma-glass-effect-no elementor-widget elementor-widget-text-editor\" data-id=\"c9b2c11\" data-element_type=\"widget\" data-e-type=\"widget\" data-widget_type=\"text-editor.default\">\n\t\t\t\t<div class=\"elementor-widget-container\">\n\t\t\t\t\t\t\t\t\t<p class=\"\" data-start=\"293\" data-end=\"613\">Stai pensando di fare trading con broker di headway nel 2025? Questa revisione dettagliata fornir\u00e0 tutte le informazioni necessarie sulle offerte, sui vantaggi e sui potenziali inconvenienti di Headway. Che tu sia un trader esperto o un principiante, comprendere le caratteristiche chiave di questo broker \u00e8 essenziale per prendere una decisione informata.<\/p><h3 class=\"\" data-start=\"615\" data-end=\"656\">1. <strong data-start=\"622\" data-end=\"656\">Introduzione al broker di progressi<\/strong><\/h3><p class=\"\" data-start=\"658\" data-end=\"1061\"><a href=\"https:\/\/headway.partners\/user\/signup?hwp=a1b56a\" rel=\"nofollow noopener\" target=\"_blank\"><strong>Broker di progressione<\/strong><\/a> ha guadagnato terreno nel mondo del trading online per la sua interfaccia user-friendly e robusti prodotti finanziari. Fondata con l'obiettivo di semplificare il processo di trading, Headway mira a fornire una piattaforma che soddisfi le esigenze dei trader principianti ed esperti. Nel 2025, Headway continua ad evolversi con strumenti innovativi, ampia copertura di mercato e funzionalit\u00e0 incentrate sul cliente.<\/p><h3 class=\"\" data-start=\"1063\" data-end=\"1101\">2. <strong data-start=\"1070\" data-end=\"1101\">Piattaforme e strumenti di trading<\/strong><\/h3><p class=\"\" data-start=\"1103\" data-end=\"1246\">Headway offre una gamma di piattaforme di trading progettate per soddisfare le varie preferenze del trader. Ecco le piattaforme pi\u00f9 popolari disponibili:<\/p><ul data-start=\"1248\" data-end=\"2010\"><li class=\"\" data-start=\"1248\" data-end=\"1498\"><p class=\"\" data-start=\"1250\" data-end=\"1498\"><strong data-start=\"1250\" data-end=\"1272\">MetaTrader 4 (MT4)<\/strong>: Conosciuto per la sua semplicit\u00e0 e le sue ampie funzionalit\u00e0, MT4 rimane una delle migliori scelte tra i commercianti al dettaglio. Headway Broker offre supporto completo per MT4, garantendo un'esecuzione senza interruzioni, grafici in tempo reale e opzioni di trading automatizzate.<\/p><\/li><li class=\"\" data-start=\"1500\" data-end=\"1764\"><p class=\"\" data-start=\"1502\" data-end=\"1764\"><strong data-start=\"1502\" data-end=\"1524\">MetaTrader 5 (MT5)<\/strong>: MT5 \u00e8 la versione aggiornata di MT4, che offre funzionalit\u00e0 aggiuntive come pi\u00f9 tempo, un sistema di grafici pi\u00f9 avanzato e strumenti analitici pi\u00f9 profondi. I trader che cercano una piattaforma moderna e completa troveranno MT5 una scelta eccellente.<\/p><\/li><li class=\"\" data-start=\"1766\" data-end=\"2010\"><p class=\"\" data-start=\"1768\" data-end=\"2010\"><strong data-start=\"1768\" data-end=\"1792\">Piattaforma di trading web<\/strong>: Per coloro che preferiscono fare trading direttamente dal proprio browser, Headway fornisce una piattaforma basata sul web. Questa piattaforma \u00e8 leggera, accessibile e non richiede download, offrendo flessibilit\u00e0 ai trader in movimento.<\/p><\/li><\/ul><h3 class=\"\" data-start=\"2012\" data-end=\"2049\">3. <strong data-start=\"2019\" data-end=\"2049\">Tipi e funzionalit\u00e0 di account<\/strong><\/h3><p class=\"\" data-start=\"2051\" data-end=\"2201\">Headway offre diversi tipi di account progettati per accogliere i trader con diversi livelli di esperienza. Ecco una ripartizione delle opzioni disponibili:<\/p><ul data-start=\"2203\" data-end=\"3145\"><li class=\"\" data-start=\"2203\" data-end=\"2468\"><p class=\"\" data-start=\"2205\" data-end=\"2468\"><strong data-start=\"2205\" data-end=\"2225\">conto standard<\/strong>: Il conto entry-level progettato per i trader principianti. Offre l'accesso a una vasta gamma di mercati, inclusi Forex, materie prime e indici. Leva e spread sono competitivi, rendendolo adatto a coloro che iniziano il loro percorso di trading.<\/p><\/li><li class=\"\" data-start=\"2470\" data-end=\"2711\"><p class=\"\" data-start=\"2472\" data-end=\"2711\"><strong data-start=\"2472\" data-end=\"2487\">conto professionista<\/strong>: Questo account \u00e8 progettato per i trader pi\u00f9 esperti. Offre spread pi\u00f9 stretti, una maggiore leva finanziaria e l'accesso a strumenti di trading avanzati. I titolari di account Pro ottengono anche l'assistenza clienti prioritaria e l'esecuzione degli ordini pi\u00f9 rapida.<\/p><\/li><li class=\"\" data-start=\"2713\" data-end=\"2955\"><p class=\"\" data-start=\"2715\" data-end=\"2955\"><strong data-start=\"2715\" data-end=\"2730\">Conto ECN<\/strong>: Il conto ECN \u00e8 ideale per i trader professionisti che richiedono la migliore esecuzione e liquidit\u00e0 possibile. Con l'accesso diretto ai mercati interbancari, questo conto offre gli spread pi\u00f9 bassi, con una struttura di commissioni basata su commissioni.<\/p><\/li><li class=\"\" data-start=\"2957\" data-end=\"3145\"><p class=\"\" data-start=\"2959\" data-end=\"3145\"><strong data-start=\"2959\" data-end=\"2978\">Conto islamico<\/strong>: Il broker di headway fornisce anche un'opzione di conto islamico, che si rivolge ai trader che richiedono il trading senza swap, garantendo il rispetto dei principi finanziari islamici.<\/p><\/li><\/ul><h3 class=\"\" data-start=\"3147\" data-end=\"3182\">4. <strong data-start=\"3154\" data-end=\"3182\">Depositi e prelievi<\/strong><\/h3><p class=\"\" data-start=\"3184\" data-end=\"3290\">Il passo offre una variet\u00e0 di metodi di deposito e prelievo per rendere le transazioni il pi\u00f9 fluide possibile:<\/p><ul data-start=\"3292\" data-end=\"3851\"><li class=\"\" data-start=\"3292\" data-end=\"3497\"><p class=\"\" data-start=\"3294\" data-end=\"3497\"><strong data-start=\"3294\" data-end=\"3313\">Metodi di pagamento<\/strong>: I trader possono finanziare i propri conti utilizzando diverse opzioni di pagamento, tra cui carte di credito e di debito, bonifici bancari, portafogli elettronici come Skrill e Neteller e persino depositi di criptovaluta.<\/p><\/li><li class=\"\" data-start=\"3499\" data-end=\"3646\"><p class=\"\" data-start=\"3501\" data-end=\"3646\"><strong data-start=\"3501\" data-end=\"3517\">spese di deposito<\/strong>: La maggior parte dei metodi di deposito viene fornita senza costi aggiuntivi, sebbene ci\u00f2 possa dipendere dal metodo di pagamento e dal paese di residenza.<\/p><\/li><li class=\"\" data-start=\"3648\" data-end=\"3851\"><p class=\"\" data-start=\"3650\" data-end=\"3851\"><strong data-start=\"3650\" data-end=\"3665\">ritiri<\/strong>: I processi di prelievo sono in genere veloci, con la maggior parte dei metodi completati entro 24-48 ore. Tuttavia, \u00e8 importante notare che le commissioni di prelievo possono variare a seconda del metodo scelto.<\/p><\/li><\/ul><h3 class=\"\" data-start=\"3853\" data-end=\"3880\">5. <strong data-start=\"3860\" data-end=\"3880\">Assistenza clienti<\/strong><\/h3><p class=\"\" data-start=\"3882\" data-end=\"3999\">L'assistenza clienti \u00e8 un fattore essenziale nella scelta di un broker e Headway eccelle in quest'area. Il broker prevede:<\/p><ul data-start=\"4001\" data-end=\"4517\"><li class=\"\" data-start=\"4001\" data-end=\"4120\"><p class=\"\" data-start=\"4003\" data-end=\"4120\"><strong data-start=\"4003\" data-end=\"4019\">Supporto 24 ore su 24, 7 giorni su<\/strong>: Disponibile tramite chat dal vivo, e-mail e telefono, assicurandoti di poterti contattare ogni volta che hai bisogno di assistenza.<\/p><\/li><li class=\"\" data-start=\"4122\" data-end=\"4289\"><p class=\"\" data-start=\"4124\" data-end=\"4289\"><strong data-start=\"4124\" data-end=\"4148\">Supporto multilingue<\/strong>: Con una presenza globale, Headway offre supporto in pi\u00f9 lingue, assicurando che le barriere linguistiche non ostacolino la tua esperienza di trading.<\/p><\/li><li class=\"\" data-start=\"4291\" data-end=\"4517\"><p class=\"\" data-start=\"4293\" data-end=\"4517\"><strong data-start=\"4293\" data-end=\"4318\">Risorse educative<\/strong>: Headway fornisce anche un'ampia gamma di risorse educative, inclusi webinar, tutorial e articoli, aiutando i trader nuovi ed esperti a rimanere aggiornati e migliorare le loro strategie di trading.<\/p><\/li><\/ul><h3 class=\"\" data-start=\"4519\" data-end=\"4553\">6. <strong data-start=\"4526\" data-end=\"4553\">Regolamento e sicurezza<\/strong><\/h3><p class=\"\" data-start=\"4555\" data-end=\"4926\">In termini di regolamentazione, Headway Broker opera secondo rigorose normative finanziarie, garantendo sicurezza e protezione per tutti i trader. Utilizzano tecnologie di crittografia avanzate per proteggere i dati e i fondi degli utenti, assicurando che la tua esperienza di trading sia sicura. Tuttavia, controlla sempre se l'organismo di regolamentazione del broker si allinea con le leggi commerciali della tua regione prima di iniziare a fare trading.<\/p><h3 class=\"\" data-start=\"4928\" data-end=\"4970\">7. <strong data-start=\"4935\" data-end=\"4970\">Pro e contro di Broker di Headway<\/strong><\/h3><h4 class=\"\" data-start=\"4972\" data-end=\"4982\">Pro:<\/h4><ul data-start=\"4983\" data-end=\"5324\"><li class=\"\" data-start=\"4983\" data-end=\"5060\"><p class=\"\" data-start=\"4985\" data-end=\"5060\">Ampia gamma di piattaforme di trading, comprese le opzioni MT4, MT5 e basate sul Web.<\/p><\/li><li class=\"\" data-start=\"5061\" data-end=\"5127\"><p class=\"\" data-start=\"5063\" data-end=\"5127\">Spread competitivi e commissioni basse su determinati conti.<\/p><\/li><li class=\"\" data-start=\"5128\" data-end=\"5181\"><p class=\"\" data-start=\"5130\" data-end=\"5181\">Opzioni di leva alta per trader pi\u00f9 esperti.<\/p><\/li><li class=\"\" data-start=\"5182\" data-end=\"5227\"><p class=\"\" data-start=\"5184\" data-end=\"5227\">Ottima assistenza clienti, disponibile 24 ore su 24.<\/p><\/li><li class=\"\" data-start=\"5228\" data-end=\"5270\"><p class=\"\" data-start=\"5230\" data-end=\"5270\">Nessuna commissione di deposito sulla maggior parte dei metodi di pagamento.<\/p><\/li><li class=\"\" data-start=\"5271\" data-end=\"5324\"><p class=\"\" data-start=\"5273\" data-end=\"5324\">Conformit\u00e0 normativa e forti funzionalit\u00e0 di sicurezza.<\/p><\/li><\/ul><h4 class=\"\" data-start=\"5326\" data-end=\"5336\">Contro:<\/h4><ul data-start=\"5337\" data-end=\"5523\"><li class=\"\" data-start=\"5337\" data-end=\"5383\"><p class=\"\" data-start=\"5339\" data-end=\"5383\">Strumenti di ricerca limitati per i trader avanzati.<\/p><\/li><li class=\"\" data-start=\"5384\" data-end=\"5436\"><p class=\"\" data-start=\"5386\" data-end=\"5436\">Le spese di prelievo possono essere applicate a seconda del metodo.<\/p><\/li><li class=\"\" data-start=\"5437\" data-end=\"5523\"><p class=\"\" data-start=\"5439\" data-end=\"5523\">Le risorse educative del broker potrebbero essere pi\u00f9 complete per i trader principianti.<\/p><\/li><\/ul><h3 class=\"\" data-start=\"5525\" data-end=\"5596\">8. <strong data-start=\"5532\" data-end=\"5596\">Verdetto finale: dovresti scambiare con Broker Headway nel 2025?<\/strong><\/h3><p class=\"\" data-start=\"5598\" data-end=\"5938\">Headway Broker is an excellent option for traders in 2025, particularly those seeking a reliable and secure platform with a variety of account types, competitive spreads, and high-quality customer support. Whether you&#8217;re a beginner or an advanced trader, Headway provides the tools and services you need to succeed in the financial markets.<\/p><p class=\"\" data-start=\"5940\" data-end=\"6222\">Offrendo flessibilit\u00e0, trasparenza e sicurezza, Headway si posiziona come una scelta affidabile nel mondo del trading online. Tuttavia, come con qualsiasi broker, \u00e8 essenziale fare la tua due diligence e assicurarti che la piattaforma si allinei con i tuoi obiettivi di trading e la tolleranza al rischio.<\/p><p class=\"\" data-start=\"6224\" data-end=\"6308\"><strong data-start=\"6224\" data-end=\"6308\">Inizia oggi stesso a fare trading con Headway Broker e porta il tuo trading al livello successivo!<\/strong><\/p>\t\t\t\t\t\t\t\t<\/div>\n\t\t\t\t<\/div>\n\t\t\t\t\t<\/div>\n\t\t<\/div>\n\t\t\t\t\t<\/div>\n\t\t<\/section>\n\t\t\t\t<\/div>","protected":false},"excerpt":{"rendered":"<p>Are you considering trading with Headway broker in 2025? This detailed review will provide all the necessary insights into Headway&#8217;s [&hellip;]<\/p>\n","protected":false},"author":1,"featured_media":0,"parent":0,"menu_order":0,"comment_status":"closed","ping_status":"closed","template":"","meta":{"site-sidebar-layout":"default","site-content-layout":"","ast-site-content-layout":"default","site-content-style":"default","site-sidebar-style":"default","ast-global-header-display":"","ast-banner-title-visibility":"","ast-main-header-display":"","ast-hfb-above-header-display":"","ast-hfb-below-header-display":"","ast-hfb-mobile-header-display":"","site-post-title":"","ast-breadcrumbs-content":"","ast-featured-img":"","footer-sml-layout":"","ast-disable-related-posts":"","theme-transparent-header-meta":"","adv-header-id-meta":"","stick-header-meta":"","header-above-stick-meta":"","header-main-stick-meta":"","header-below-stick-meta":"","astra-migrate-meta-layouts":"default","ast-page-background-enabled":"default","ast-page-background-meta":{"desktop":{"background-color":"var(--ast-global-color-5)","background-image":"","background-repeat":"repeat","background-position":"center center","background-size":"auto","background-attachment":"scroll","background-type":"","background-media":"","overlay-type":"","overlay-color":"","overlay-opacity":"","overlay-gradient":""},"tablet":{"background-color":"","background-image":"","background-repeat":"repeat","background-position":"center center","background-size":"auto","background-attachment":"scroll","background-type":"","background-media":"","overlay-type":"","overlay-color":"","overlay-opacity":"","overlay-gradient":""},"mobile":{"background-color":"","background-image":"","background-repeat":"repeat","background-position":"center center","background-size":"auto","background-attachment":"scroll","background-type":"","background-media":"","overlay-type":"","overlay-color":"","overlay-opacity":"","overlay-gradient":""}},"ast-content-background-meta":{"desktop":{"background-color":"var(--ast-global-color-4)","background-image":"","background-repeat":"repeat","background-position":"center center","background-size":"auto","background-attachment":"scroll","background-type":"","background-media":"","overlay-type":"","overlay-color":"","overlay-opacity":"","overlay-gradient":""},"tablet":{"background-color":"var(--ast-global-color-4)","background-image":"","background-repeat":"repeat","background-position":"center center","background-size":"auto","background-attachment":"scroll","background-type":"","background-media":"","overlay-type":"","overlay-color":"","overlay-opacity":"","overlay-gradient":""},"mobile":{"background-color":"var(--ast-global-color-4)","background-image":"","background-repeat":"repeat","background-position":"center center","background-size":"auto","background-attachment":"scroll","background-type":"","background-media":"","overlay-type":"","overlay-color":"","overlay-opacity":"","overlay-gradient":""}},"footnotes":""},"class_list":["post-537","page","type-page","status-publish","hentry"],"_links":{"self":[{"href":"https:\/\/headwaybrokers.com\/it\/wp-json\/wp\/v2\/pages\/537","targetHints":{"allow":["GET"]}}],"collection":[{"href":"https:\/\/headwaybrokers.com\/it\/wp-json\/wp\/v2\/pages"}],"about":[{"href":"https:\/\/headwaybrokers.com\/it\/wp-json\/wp\/v2\/types\/page"}],"author":[{"embeddable":true,"href":"https:\/\/headwaybrokers.com\/it\/wp-json\/wp\/v2\/users\/1"}],"replies":[{"embeddable":true,"href":"https:\/\/headwaybrokers.com\/it\/wp-json\/wp\/v2\/comments?post=537"}],"version-history":[{"count":7,"href":"https:\/\/headwaybrokers.com\/it\/wp-json\/wp\/v2\/pages\/537\/revisions"}],"predecessor-version":[{"id":1120,"href":"https:\/\/headwaybrokers.com\/it\/wp-json\/wp\/v2\/pages\/537\/revisions\/1120"}],"wp:attachment":[{"href":"https:\/\/headwaybrokers.com\/it\/wp-json\/wp\/v2\/media?parent=537"}],"curies":[{"name":"wp","href":"https:\/\/api.w.org\/{rel}","templated":true}]}}