{"id":565,"date":"2025-06-04T18:35:47","date_gmt":"2025-06-04T18:35:47","guid":{"rendered":"https:\/\/headwaybrokers.com\/?page_id=565"},"modified":"2025-06-04T18:37:51","modified_gmt":"2025-06-04T18:37:51","slug":"negociacao-de-avanco-um-guia-abrangente-para-estrategias-de-negociacao-lucrativas","status":"publish","type":"page","link":"https:\/\/headwaybrokers.com\/pt\/headway-trading-a-comprehensive-guide-to-profitable-trading-strategies\/","title":{"rendered":"Headway Trading: um guia abrangente para estrat\u00e9gias de negocia\u00e7\u00e3o lucrativas"},"content":{"rendered":"<div data-elementor-type=\"wp-page\" data-elementor-id=\"565\" class=\"elementor elementor-565\" data-elementor-post-type=\"page\">\n\t\t\t\t\t\t<section class=\"elementor-section elementor-top-section elementor-element elementor-element-80e8e6a elementor-section-boxed elementor-section-height-default elementor-section-height-default jltma-glass-effect-no\" data-id=\"80e8e6a\" data-element_type=\"section\" data-e-type=\"section\">\n\t\t\t\t\t\t<div class=\"elementor-container elementor-column-gap-default\">\n\t\t\t\t\t<div class=\"elementor-column elementor-col-100 elementor-top-column elementor-element elementor-element-9fc714f jltma-glass-effect-no\" data-id=\"9fc714f\" data-element_type=\"column\" data-e-type=\"column\">\n\t\t\t<div class=\"elementor-widget-wrap elementor-element-populated\">\n\t\t\t\t\t\t<div class=\"elementor-element elementor-element-3fc9773 jltma-glass-effect-no elementor-widget elementor-widget-text-editor\" data-id=\"3fc9773\" data-element_type=\"widget\" data-e-type=\"widget\" data-widget_type=\"text-editor.default\">\n\t\t\t\t<div class=\"elementor-widget-container\">\n\t\t\t\t\t\t\t\t\t<p data-start=\"586\" data-end=\"949\">Headway Trading \u00e9 uma abordagem em evolu\u00e7\u00e3o para negociar nos mercados financeiros, combinando estrat\u00e9gias avan\u00e7adas, gerenciamento eficaz de risco e uso da tecnologia para obter uma vantagem competitiva. Seja voc\u00ea um iniciante ou um trader experiente, entender as nuances da Headway Trading pode ajud\u00e1-lo a navegar em condi\u00e7\u00f5es complexas de mercado com mais confian\u00e7a e sucesso.<\/p><p data-start=\"951\" data-end=\"1192\">Neste guia, exploraremos o que \u00e9 o Headway Trading, como funciona, seus benef\u00edcios e como voc\u00ea pode implementar essa estrat\u00e9gia em sua rotina de negocia\u00e7\u00e3o. Vamos mergulhar no mundo da negocia\u00e7\u00e3o e descobrir como a negocia\u00e7\u00e3o de avan\u00e7o pode ser um divisor de \u00e1guas.<\/p><hr data-start=\"1194\" data-end=\"1197\" \/><h3 data-start=\"1199\" data-end=\"1227\">O que \u00e9 o headway trading?<\/h3><p data-start=\"1229\" data-end=\"1566\"><a href=\"https:\/\/headwaybrokers.com\/pt\/\"><strong data-start=\"1229\" data-end=\"1248\">Negocia\u00e7\u00e3o de headway<\/strong><\/a> Refere-se a uma abordagem estrat\u00e9gica usada pelos traders para identificar oportunidades nos mercados financeiros com foco em movimentos de curto e longo prazo. Esse m\u00e9todo combina an\u00e1lises t\u00e9cnicas, an\u00e1lises fundamentais e estrat\u00e9gias de acompanhamento de tend\u00eancias para capitalizar as inefici\u00eancias do mercado e prever os movimentos dos pre\u00e7os.<\/p><p data-start=\"1568\" data-end=\"1865\">Ao contr\u00e1rio dos m\u00e9todos tradicionais de negocia\u00e7\u00e3o, a Headway Trading enfatiza a compreens\u00e3o das tend\u00eancias do mercado e a ado\u00e7\u00e3o de uma estrat\u00e9gia de negocia\u00e7\u00e3o flex\u00edvel que se adapta \u00e0s v\u00e1rias condi\u00e7\u00f5es do mercado. O objetivo \u00e9 tomar decis\u00f5es informadas com base em dados em tempo real e ferramentas sofisticadas, permitindo que os traders ajam de forma decisiva.<\/p><hr data-start=\"1867\" data-end=\"1870\" \/><h3 data-start=\"1872\" data-end=\"1906\">Como funciona o headway trading?<\/h3><p data-start=\"1908\" data-end=\"2037\">O headway trading envolve v\u00e1rios elementos-chave que a distinguem das estrat\u00e9gias de negocia\u00e7\u00e3o mais convencionais. Veja como funciona:<\/p><ol data-start=\"2039\" data-end=\"3162\"><li data-start=\"2039\" data-end=\"2345\"><p data-start=\"2042\" data-end=\"2345\"><strong data-start=\"2042\" data-end=\"2061\">an\u00e1lise de mercado<\/strong>: Os comerciantes que usam o m\u00e9todo de headway geralmente come\u00e7am com uma an\u00e1lise completa de fatores macroecon\u00f4micos (como taxas de juros e not\u00edcias globais) e dados de mercado de micron\u00edvel (como a\u00e7\u00e3o de pre\u00e7o, gr\u00e1ficos e sentimento de mercado). Essa abordagem dupla ajuda a identificar as principais tend\u00eancias e pontos de entrada.<\/p><\/li><li data-start=\"2347\" data-end=\"2574\"><p data-start=\"2350\" data-end=\"2574\"><strong data-start=\"2350\" data-end=\"2369\">Gerenciamento de riscos<\/strong>: Uma das principais caracter\u00edsticas da negocia\u00e7\u00e3o de headway \u00e9 sua \u00eanfase no gerenciamento de risco. Os traders usam pedidos de stop-loss, n\u00edveis de lucro e outras t\u00e9cnicas de redu\u00e7\u00e3o de risco para minimizar perdas e proteger os ganhos.<\/p><\/li><li data-start=\"2576\" data-end=\"2859\"><p data-start=\"2579\" data-end=\"2859\"><strong data-start=\"2579\" data-end=\"2603\">Ferramentas e tecnologia<\/strong>: O uso de tecnologia de ponta, como sistemas de negocia\u00e7\u00e3o automatizados, bots de negocia\u00e7\u00e3o e plataformas de gr\u00e1ficos sofisticados, \u00e9 comum na negocia\u00e7\u00e3o de headway. Essas ferramentas ajudam os traders a executar negocia\u00e7\u00f5es nos hor\u00e1rios ideais e gerenciar seus portf\u00f3lios de forma eficaz.<\/p><\/li><li data-start=\"2861\" data-end=\"3162\"><p data-start=\"2864\" data-end=\"3162\"><strong data-start=\"2864\" data-end=\"2897\">Adapta\u00e7\u00e3o \u00e0s condi\u00e7\u00f5es do mercado<\/strong>: Os traders de headway s\u00e3o adeptos de ajustar suas estrat\u00e9gias com base nas mudan\u00e7as nas condi\u00e7\u00f5es do mercado. Por exemplo, em mercados altamente vol\u00e1teis, eles podem usar estrat\u00e9gias mais conservadoras, enquanto em mercados est\u00e1veis ou de tend\u00eancias, podem assumir mais riscos para maximizar os lucros.<\/p><\/li><\/ol><hr data-start=\"3164\" data-end=\"3167\" \/><h3 data-start=\"3169\" data-end=\"3204\">Os benef\u00edcios da negocia\u00e7\u00e3o de headway<\/h3><p data-start=\"3206\" data-end=\"3310\">A negocia\u00e7\u00e3o de headway oferece v\u00e1rias vantagens em rela\u00e7\u00e3o a outros m\u00e9todos de negocia\u00e7\u00e3o. Aqui est\u00e3o alguns dos principais benef\u00edcios:<\/p><ul data-start=\"3312\" data-end=\"3951\"><li data-start=\"3312\" data-end=\"3486\"><p data-start=\"3314\" data-end=\"3486\"><strong data-start=\"3314\" data-end=\"3342\">Melhor tomada de decis\u00e3o<\/strong>: Usando uma combina\u00e7\u00e3o de an\u00e1lises t\u00e9cnicas e fundamentais, os traders podem tomar decis\u00f5es mais informadas e aumentar a probabilidade de sucesso.<\/p><\/li><li data-start=\"3490\" data-end=\"3627\"><p data-start=\"3492\" data-end=\"3627\"><strong data-start=\"3492\" data-end=\"3508\">adaptabilidade<\/strong>: A estrat\u00e9gia pode ser aplicada a diferentes condi\u00e7\u00f5es de mercado, tornando-a vers\u00e1til para mercados de alta e baixa.<\/p><\/li><li data-start=\"3629\" data-end=\"3786\"><p data-start=\"3631\" data-end=\"3786\"><strong data-start=\"3631\" data-end=\"3647\">Risco reduzido<\/strong>: Com um forte foco no gerenciamento de risco, a Headway Trading ajuda a reduzir as perdas potenciais, estabelecendo metas claras de stop-loss e lucros.<\/p><\/li><li data-start=\"3788\" data-end=\"3951\"><p data-start=\"3790\" data-end=\"3951\"><strong data-start=\"3790\" data-end=\"3819\">Potencial de lucro aprimora<\/strong>: Com as ferramentas e estrat\u00e9gias certas, os traders de headway podem aproveitar os pequenos movimentos do mercado e gerar lucros consistentes.<\/p><\/li><\/ul><hr data-start=\"3953\" data-end=\"3956\" \/><h3 data-start=\"3958\" data-end=\"3988\">Estrat\u00e9gias de negocia\u00e7\u00e3o de head<\/h3><p data-start=\"3990\" data-end=\"4113\">Existem v\u00e1rias estrat\u00e9gias que os traders empregam sob o m\u00e9todo de negocia\u00e7\u00e3o de headway. Abaixo est\u00e3o alguns dos mais populares:<\/p><h4 data-start=\"4115\" data-end=\"4151\">1. <strong data-start=\"4123\" data-end=\"4151\">Estrat\u00e9gia de acompanhamento de tend\u00eancias<\/strong><\/h4><ul data-start=\"4155\" data-end=\"4358\"><li data-start=\"4155\" data-end=\"4358\"><p data-start=\"4157\" data-end=\"4358\">Essa estrat\u00e9gia envolve a identifica\u00e7\u00e3o de tend\u00eancias de longo prazo e posicionamento de negocia\u00e7\u00f5es na dire\u00e7\u00e3o dessas tend\u00eancias. Seguindo o fluxo natural do mercado, os traders podem capitalizar os movimentos sustentados dos pre\u00e7os.<\/p><\/li><\/ul><h4 data-start=\"4360\" data-end=\"4385\">2. <strong data-start=\"4368\" data-end=\"4385\">negocia\u00e7\u00e3o de swing<\/strong><\/h4><ul data-start=\"4389\" data-end=\"4644\"><li data-start=\"4389\" data-end=\"4644\"><p data-start=\"4391\" data-end=\"4644\">Os traders de swing procuram capturar oscila\u00e7\u00f5es de pre\u00e7os dentro de uma tend\u00eancia. Esse m\u00e9todo \u00e9 ideal para traders que n\u00e3o t\u00eam tempo para monitorar os mercados continuamente. Os traders de swing normalmente ocupam posi\u00e7\u00f5es por v\u00e1rios dias ou semanas para se beneficiar das tend\u00eancias de m\u00e9dio prazo.<\/p><\/li><\/ul><h4 data-start=\"4646\" data-end=\"4666\">3. <strong data-start=\"4654\" data-end=\"4666\">escalpelamento<\/strong><\/h4><ul data-start=\"4670\" data-end=\"4857\"><li data-start=\"4670\" data-end=\"4857\"><p data-start=\"4672\" data-end=\"4857\">O escalpelamento \u00e9 uma estrat\u00e9gia de negocia\u00e7\u00e3o de alta frequ\u00eancia que envolve fazer muitos pequenos neg\u00f3cios para capturar movimentos menores de pre\u00e7os. Isso requer muita aten\u00e7\u00e3o aos detalhes e rapidez na tomada de decis\u00f5es.<\/p><\/li><\/ul><h4 data-start=\"4859\" data-end=\"4884\">4. <strong data-start=\"4867\" data-end=\"4884\">negocia\u00e7\u00e3o de alcance<\/strong><\/h4><ul data-start=\"4888\" data-end=\"5105\"><li data-start=\"4888\" data-end=\"5105\"><p data-start=\"4890\" data-end=\"5105\">A negocia\u00e7\u00e3o de alcance envolve a identifica\u00e7\u00e3o de faixas de pre\u00e7o em que se espera que um ativo seja negociado entre dois n\u00edveis. Os comerciantes compram no n\u00edvel de suporte e vendem em resist\u00eancia, obtendo lucros com esses movimentos de pre\u00e7os previs\u00edveis.<\/p><\/li><\/ul><hr data-start=\"5107\" data-end=\"5110\" \/><h3 data-start=\"5112\" data-end=\"5141\">Ferramentas para o com\u00e9rcio de headway<\/h3><p data-start=\"5143\" data-end=\"5309\">Para ter sucesso na negocia\u00e7\u00e3o, os traders usam uma variedade de ferramentas e plataformas projetadas para melhorar seu processo de tomada de decis\u00e3o. Algumas das ferramentas mais populares incluem:<\/p><ul data-start=\"5311\" data-end=\"5976\"><li data-start=\"5311\" data-end=\"5463\"><p data-start=\"5313\" data-end=\"5463\"><strong data-start=\"5313\" data-end=\"5331\">MetaTrader 4\/5<\/strong>: uma das plataformas mais utilizadas, oferecendo ferramentas avan\u00e7adas de gr\u00e1ficos, indicadores t\u00e9cnicos e recursos de negocia\u00e7\u00e3o automatizados.<\/p><\/li><li data-start=\"5467\" data-end=\"5600\"><p data-start=\"5469\" data-end=\"5600\"><strong data-start=\"5469\" data-end=\"5484\">Visualiza\u00e7\u00e3o de negocia\u00e7\u00e3o<\/strong>: uma plataforma de gr\u00e1ficos popular para an\u00e1lise t\u00e9cnica, oferecendo dados em tempo real e um robusto conjunto de recursos de gr\u00e1ficos.<\/p><\/li><li data-start=\"5602\" data-end=\"5807\"><p data-start=\"5604\" data-end=\"5807\"><strong data-start=\"5604\" data-end=\"5625\">bots de negocia\u00e7\u00e3o<\/strong>: Bots de negocia\u00e7\u00e3o automatizados que executam negocia\u00e7\u00f5es com base em regras predefinidas, ajudando os traders a aproveitar as oportunidades de mercado, mesmo quando n\u00e3o est\u00e3o monitorando ativamente os mercados.<\/p><\/li><li data-start=\"5809\" data-end=\"5976\"><p data-start=\"5811\" data-end=\"5976\"><strong data-start=\"5811\" data-end=\"5833\">calend\u00e1rios econ\u00f4micos<\/strong>: eles fornecem dados importantes sobre eventos econ\u00f4micos e comunicados \u00e0 imprensa que podem impactar os mercados, ajudando os traders a planejar seus neg\u00f3cios de acordo.<\/p><\/li><\/ul><hr data-start=\"5978\" data-end=\"5981\" \/><h3 data-start=\"5983\" data-end=\"6021\">Gerenciamento de riscos na negocia\u00e7\u00e3o de headway<\/h3><p data-start=\"6023\" data-end=\"6159\">O gerenciamento eficaz de riscos \u00e9 crucial para qualquer trader, especialmente ao aplicar a estrat\u00e9gia de negocia\u00e7\u00e3o de headway. Algumas t\u00e9cnicas importantes incluem:<\/p><ul data-start=\"6161\" data-end=\"6776\"><li data-start=\"6161\" data-end=\"6312\"><p data-start=\"6163\" data-end=\"6312\"><strong data-start=\"6163\" data-end=\"6182\">dimensionamento de posi\u00e7\u00e3o<\/strong>: Determinar a quantidade certa de capital para alocar por negocia\u00e7\u00e3o \u00e9 vital para controlar o risco e proteger o saldo da sua conta.<\/p><\/li><li data-start=\"6314\" data-end=\"6450\"><p data-start=\"6316\" data-end=\"6450\"><strong data-start=\"6316\" data-end=\"6336\">Pedidos de stop-loss<\/strong>: Esses pedidos fecham automaticamente sua posi\u00e7\u00e3o assim que um determinado n\u00edvel de pre\u00e7o \u00e9 atingido, evitando mais perdas.<\/p><\/li><li data-start=\"6452\" data-end=\"6578\"><p data-start=\"6454\" data-end=\"6578\"><strong data-start=\"6454\" data-end=\"6476\">Pedidos de lucro<\/strong>: Como pedidos de stop-loss, pedidos de lucros bloqueiam os lucros quando uma negocia\u00e7\u00e3o atinge um n\u00edvel de pre\u00e7o especificado.<\/p><\/li><li data-start=\"6580\" data-end=\"6776\"><p data-start=\"6582\" data-end=\"6776\"><strong data-start=\"6582\" data-end=\"6606\">rela\u00e7\u00e3o risco-recompensa<\/strong>: Uma regra comum na negocia\u00e7\u00e3o \u00e9 buscar uma rela\u00e7\u00e3o risco-recompensa de 1:2 ou superior, o que significa que voc\u00ea pretende ganhar o dobro do valor que deseja arriscar em cada negocia\u00e7\u00e3o.<\/p><\/li><\/ul><hr data-start=\"6778\" data-end=\"6781\" \/><h3 data-start=\"6783\" data-end=\"6832\">Conclus\u00e3o: a negocia\u00e7\u00e3o de headway \u00e9 certa para voc\u00ea?<\/h3><p data-start=\"6834\" data-end=\"7135\">A Headway Trading oferece uma abordagem estruturada e adapt\u00e1vel aos mercados, tornando-se uma excelente op\u00e7\u00e3o para os comerciantes de todos os n\u00edveis de experi\u00eancia. Com foco no gerenciamento de riscos, an\u00e1lise de tend\u00eancias e uso de ferramentas avan\u00e7adas, essa estrat\u00e9gia pode ser uma maneira poderosa de gerar lucros, ao mesmo tempo em que mitiga o risco.<\/p><p data-start=\"7137\" data-end=\"7424\">No entanto, como qualquer estrat\u00e9gia de negocia\u00e7\u00e3o, o sucesso na negocia\u00e7\u00e3o de headway depende de sua capacidade de analisar o mercado, desenvolver um plano de negocia\u00e7\u00e3o disciplinado e gerenciar o risco de forma eficaz. Se voc\u00ea \u00e9 novo na negocia\u00e7\u00e3o, considere come\u00e7ar com uma conta demo e praticar antes de negociar com o capital real.<\/p><hr data-start=\"7426\" data-end=\"7429\" \/><h3 data-start=\"7431\" data-end=\"7439\">Perguntas frequentes<\/h3><p data-start=\"7441\" data-end=\"7490\"><strong data-start=\"7441\" data-end=\"7490\">1. O headway trading \u00e9 adequado para iniciantes?<\/strong><\/p><p data-start=\"7492\" data-end=\"7685\">Sim, a negocia\u00e7\u00e3o de headway pode ser adequada para iniciantes se voc\u00ea dedicar um tempo para aprender e entender a an\u00e1lise de mercado, gerenciamento de risco e ferramentas de negocia\u00e7\u00e3o. Come\u00e7ar com uma conta demo \u00e9 uma boa ideia.<\/p><p data-start=\"7687\" data-end=\"7742\"><strong data-start=\"7687\" data-end=\"7742\">2. Qual \u00e9 o melhor prazo para a negocia\u00e7\u00e3o de headway?<\/strong><\/p><p data-start=\"7744\" data-end=\"7904\">O melhor prazo depende da estrat\u00e9gia escolhida. Por exemplo, os cambistas usam prazos mais curtos, enquanto os seguidores de tend\u00eancias podem ser negociados em gr\u00e1ficos di\u00e1rios ou semanais.<\/p><p data-start=\"7906\" data-end=\"7959\"><strong data-start=\"7906\" data-end=\"7959\">3. Posso usar o avan\u00e7o da Forex para Forex ou a\u00e7\u00f5es?<\/strong><\/p><p data-start=\"7961\" data-end=\"8069\">Sim, as estrat\u00e9gias de negocia\u00e7\u00e3o de headway podem ser aplicadas a v\u00e1rios mercados, incluindo Forex, a\u00e7\u00f5es e commodities.<\/p><p data-start=\"8071\" data-end=\"8116\"><strong data-start=\"8071\" data-end=\"8116\">4. Quais s\u00e3o os riscos da negocia\u00e7\u00e3o de headway?<\/strong><\/p><p data-start=\"8118\" data-end=\"8272\">O principal risco \u00e9 a volatilidade do mercado, mas com um gerenciamento de risco eficaz, como ordens de stop-loss e dimensionamento adequado de posi\u00e7\u00f5es, esses riscos podem ser minimizados.<\/p><hr data-start=\"8274\" data-end=\"8277\" \/><p data-start=\"8279\" data-end=\"8476\">Ao implementar os princ\u00edpios e estrat\u00e9gias de negocia\u00e7\u00e3o de headway, voc\u00ea pode potencialmente aprimorar seu desempenho comercial e obter lucros mais consistentes no mundo din\u00e2mico dos mercados financeiros.<\/p><hr data-start=\"8478\" data-end=\"8481\" \/><h3 data-start=\"8483\" data-end=\"8498\">Palavras-chave:<\/h3><ul data-start=\"8499\" data-end=\"8700\"><li data-start=\"8499\" data-end=\"8518\"><p data-start=\"8501\" data-end=\"8518\">Negocia\u00e7\u00e3o de headway<\/p><\/li><li data-start=\"8519\" data-end=\"8541\"><p data-start=\"8521\" data-end=\"8541\">Estrat\u00e9gias de<\/p><\/li><li data-start=\"8542\" data-end=\"8559\"><p data-start=\"8544\" data-end=\"8559\">negocia\u00e7\u00e3o forex<\/p><\/li><li data-start=\"8560\" data-end=\"8579\"><p data-start=\"8562\" data-end=\"8579\">Gerenciamento de riscos<\/p><\/li><li data-start=\"8580\" data-end=\"8597\"><p data-start=\"8582\" data-end=\"8597\">Ferramentas de negocia\u00e7\u00e3o<\/p><\/li><li data-start=\"8598\" data-end=\"8626\"><p data-start=\"8600\" data-end=\"8626\">Estrat\u00e9gia de acompanhamento de tend\u00eancias<\/p><\/li><li data-start=\"8627\" data-end=\"8644\"><p data-start=\"8629\" data-end=\"8644\">negocia\u00e7\u00e3o de swing<\/p><\/li><li data-start=\"8645\" data-end=\"8657\"><p data-start=\"8647\" data-end=\"8657\">escalpelamento<\/p><\/li><li data-start=\"8658\" data-end=\"8678\"><p data-start=\"8660\" data-end=\"8678\">plataforma de negociacao<\/p><\/li><li data-start=\"8679\" data-end=\"8700\"><p data-start=\"8681\" data-end=\"8700\">mercados financeiros<\/p><\/li><\/ul>\t\t\t\t\t\t\t\t<\/div>\n\t\t\t\t<\/div>\n\t\t\t\t\t<\/div>\n\t\t<\/div>\n\t\t\t\t\t<\/div>\n\t\t<\/section>\n\t\t\t\t<\/div>","protected":false},"excerpt":{"rendered":"<p>Headway Trading is an evolving approach to trading in financial markets, combining advanced strategies, effective risk management, and the use [&hellip;]<\/p>\n","protected":false},"author":1,"featured_media":0,"parent":0,"menu_order":0,"comment_status":"closed","ping_status":"closed","template":"","meta":{"site-sidebar-layout":"default","site-content-layout":"","ast-site-content-layout":"default","site-content-style":"default","site-sidebar-style":"default","ast-global-header-display":"","ast-banner-title-visibility":"","ast-main-header-display":"","ast-hfb-above-header-display":"","ast-hfb-below-header-display":"","ast-hfb-mobile-header-display":"","site-post-title":"","ast-breadcrumbs-content":"","ast-featured-img":"","footer-sml-layout":"","ast-disable-related-posts":"","theme-transparent-header-meta":"","adv-header-id-meta":"","stick-header-meta":"","header-above-stick-meta":"","header-main-stick-meta":"","header-below-stick-meta":"","astra-migrate-meta-layouts":"default","ast-page-background-enabled":"default","ast-page-background-meta":{"desktop":{"background-color":"var(--ast-global-color-5)","background-image":"","background-repeat":"repeat","background-position":"center center","background-size":"auto","background-attachment":"scroll","background-type":"","background-media":"","overlay-type":"","overlay-color":"","overlay-opacity":"","overlay-gradient":""},"tablet":{"background-color":"","background-image":"","background-repeat":"repeat","background-position":"center center","background-size":"auto","background-attachment":"scroll","background-type":"","background-media":"","overlay-type":"","overlay-color":"","overlay-opacity":"","overlay-gradient":""},"mobile":{"background-color":"","background-image":"","background-repeat":"repeat","background-position":"center center","background-size":"auto","background-attachment":"scroll","background-type":"","background-media":"","overlay-type":"","overlay-color":"","overlay-opacity":"","overlay-gradient":""}},"ast-content-background-meta":{"desktop":{"background-color":"var(--ast-global-color-4)","background-image":"","background-repeat":"repeat","background-position":"center center","background-size":"auto","background-attachment":"scroll","background-type":"","background-media":"","overlay-type":"","overlay-color":"","overlay-opacity":"","overlay-gradient":""},"tablet":{"background-color":"var(--ast-global-color-4)","background-image":"","background-repeat":"repeat","background-position":"center center","background-size":"auto","background-attachment":"scroll","background-type":"","background-media":"","overlay-type":"","overlay-color":"","overlay-opacity":"","overlay-gradient":""},"mobile":{"background-color":"var(--ast-global-color-4)","background-image":"","background-repeat":"repeat","background-position":"center center","background-size":"auto","background-attachment":"scroll","background-type":"","background-media":"","overlay-type":"","overlay-color":"","overlay-opacity":"","overlay-gradient":""}},"footnotes":""},"class_list":["post-565","page","type-page","status-publish","hentry"],"_links":{"self":[{"href":"https:\/\/headwaybrokers.com\/pt\/wp-json\/wp\/v2\/pages\/565","targetHints":{"allow":["GET"]}}],"collection":[{"href":"https:\/\/headwaybrokers.com\/pt\/wp-json\/wp\/v2\/pages"}],"about":[{"href":"https:\/\/headwaybrokers.com\/pt\/wp-json\/wp\/v2\/types\/page"}],"author":[{"embeddable":true,"href":"https:\/\/headwaybrokers.com\/pt\/wp-json\/wp\/v2\/users\/1"}],"replies":[{"embeddable":true,"href":"https:\/\/headwaybrokers.com\/pt\/wp-json\/wp\/v2\/comments?post=565"}],"version-history":[{"count":7,"href":"https:\/\/headwaybrokers.com\/pt\/wp-json\/wp\/v2\/pages\/565\/revisions"}],"predecessor-version":[{"id":574,"href":"https:\/\/headwaybrokers.com\/pt\/wp-json\/wp\/v2\/pages\/565\/revisions\/574"}],"wp:attachment":[{"href":"https:\/\/headwaybrokers.com\/pt\/wp-json\/wp\/v2\/media?parent=565"}],"curies":[{"name":"wp","href":"https:\/\/api.w.org\/{rel}","templated":true}]}}