{"id":737,"date":"2025-08-08T09:04:06","date_gmt":"2025-08-08T09:04:06","guid":{"rendered":"https:\/\/headwaybrokers.com\/?page_id=737"},"modified":"2025-10-16T11:13:07","modified_gmt":"2025-10-16T11:13:07","slug":"sobre-o-corretor-de-headway","status":"publish","type":"page","link":"https:\/\/headwaybrokers.com\/pt\/about-headway-broker\/","title":{"rendered":"Sobre o Headway Broker \u2013 tudo o que voc\u00ea precisa saber antes de come\u00e7ar a negociar"},"content":{"rendered":"<div data-elementor-type=\"wp-page\" data-elementor-id=\"737\" class=\"elementor elementor-737\" data-elementor-post-type=\"page\">\n\t\t\t\t\t\t<section class=\"elementor-section elementor-top-section elementor-element elementor-element-f133194 elementor-section-boxed elementor-section-height-default elementor-section-height-default jltma-glass-effect-no\" data-id=\"f133194\" data-element_type=\"section\" data-e-type=\"section\">\n\t\t\t\t\t\t<div class=\"elementor-container elementor-column-gap-default\">\n\t\t\t\t\t<div class=\"elementor-column elementor-col-100 elementor-top-column elementor-element elementor-element-8799008 jltma-glass-effect-no\" data-id=\"8799008\" data-element_type=\"column\" data-e-type=\"column\">\n\t\t\t<div class=\"elementor-widget-wrap\">\n\t\t\t\t\t\t\t<\/div>\n\t\t<\/div>\n\t\t\t\t\t<\/div>\n\t\t<\/section>\n\t\t\t\t<section class=\"elementor-section elementor-top-section elementor-element elementor-element-b1e2d72 elementor-section-boxed elementor-section-height-default elementor-section-height-default jltma-glass-effect-no\" data-id=\"b1e2d72\" data-element_type=\"section\" data-e-type=\"section\">\n\t\t\t\t\t\t<div class=\"elementor-container elementor-column-gap-default\">\n\t\t\t\t\t<div class=\"elementor-column elementor-col-100 elementor-top-column elementor-element elementor-element-a1e39f6 jltma-glass-effect-no\" data-id=\"a1e39f6\" data-element_type=\"column\" data-e-type=\"column\">\n\t\t\t<div class=\"elementor-widget-wrap\">\n\t\t\t\t\t\t\t<\/div>\n\t\t<\/div>\n\t\t\t\t\t<\/div>\n\t\t<\/section>\n\t\t\t\t<section class=\"elementor-section elementor-top-section elementor-element elementor-element-73f449d elementor-section-boxed elementor-section-height-default elementor-section-height-default jltma-glass-effect-no\" data-id=\"73f449d\" data-element_type=\"section\" data-e-type=\"section\">\n\t\t\t\t\t\t<div class=\"elementor-container elementor-column-gap-default\">\n\t\t\t\t\t<div class=\"elementor-column elementor-col-100 elementor-top-column elementor-element elementor-element-071fba9 jltma-glass-effect-no\" data-id=\"071fba9\" data-element_type=\"column\" data-e-type=\"column\">\n\t\t\t<div class=\"elementor-widget-wrap elementor-element-populated\">\n\t\t\t\t\t\t<div class=\"elementor-element elementor-element-46d5149 jltma-glass-effect-no elementor-widget elementor-widget-image\" data-id=\"46d5149\" data-element_type=\"widget\" data-e-type=\"widget\" data-widget_type=\"image.default\">\n\t\t\t\t<div class=\"elementor-widget-container\">\n\t\t\t\t\t\t\t\t\t\t\t\t\t\t\t<img decoding=\"async\" width=\"204\" height=\"192\" src=\"https:\/\/headwaybrokers.com\/wp-content\/uploads\/2024\/01\/download-9.png\" class=\"attachment-large size-large wp-image-142\" alt=\"Corretores de headway\" \/>\t\t\t\t\t\t\t\t\t\t\t\t\t\t\t<\/div>\n\t\t\t\t<\/div>\n\t\t\t\t\t<\/div>\n\t\t<\/div>\n\t\t\t\t\t<\/div>\n\t\t<\/section>\n\t\t\t\t<section class=\"elementor-section elementor-top-section elementor-element elementor-element-9cf4ec1 elementor-section-boxed elementor-section-height-default elementor-section-height-default jltma-glass-effect-no\" data-id=\"9cf4ec1\" data-element_type=\"section\" data-e-type=\"section\">\n\t\t\t\t\t\t<div class=\"elementor-container elementor-column-gap-default\">\n\t\t\t\t\t<div class=\"elementor-column elementor-col-100 elementor-top-column elementor-element elementor-element-768b132 jltma-glass-effect-no\" data-id=\"768b132\" data-element_type=\"column\" data-e-type=\"column\">\n\t\t\t<div class=\"elementor-widget-wrap elementor-element-populated\">\n\t\t\t\t\t\t<div class=\"elementor-element elementor-element-c27cad8 jltma-glass-effect-no elementor-widget elementor-widget-heading\" data-id=\"c27cad8\" data-element_type=\"widget\" data-e-type=\"widget\" data-widget_type=\"heading.default\">\n\t\t\t\t<div class=\"elementor-widget-container\">\n\t\t\t\t\t<h1 class=\"elementor-heading-title elementor-size-default\">Sobre o Headway Broker \u2013 tudo o que voc\u00ea precisa saber antes de come\u00e7ar a negociar<\/h1>\t\t\t\t<\/div>\n\t\t\t\t<\/div>\n\t\t\t\t\t<\/div>\n\t\t<\/div>\n\t\t\t\t\t<\/div>\n\t\t<\/section>\n\t\t\t\t<section class=\"elementor-section elementor-top-section elementor-element elementor-element-9e6c3e5 elementor-section-boxed elementor-section-height-default elementor-section-height-default jltma-glass-effect-no\" data-id=\"9e6c3e5\" data-element_type=\"section\" data-e-type=\"section\">\n\t\t\t\t\t\t<div class=\"elementor-container elementor-column-gap-default\">\n\t\t\t\t\t<div class=\"elementor-column elementor-col-100 elementor-top-column elementor-element elementor-element-17ee729 jltma-glass-effect-no\" data-id=\"17ee729\" data-element_type=\"column\" data-e-type=\"column\">\n\t\t\t<div class=\"elementor-widget-wrap elementor-element-populated\">\n\t\t\t\t\t\t<div class=\"elementor-element elementor-element-afcfc27 jltma-glass-effect-no elementor-widget elementor-widget-spacer\" data-id=\"afcfc27\" data-element_type=\"widget\" data-e-type=\"widget\" data-widget_type=\"spacer.default\">\n\t\t\t\t<div class=\"elementor-widget-container\">\n\t\t\t\t\t\t\t<div class=\"elementor-spacer\">\n\t\t\t<div class=\"elementor-spacer-inner\"><\/div>\n\t\t<\/div>\n\t\t\t\t\t\t<\/div>\n\t\t\t\t<\/div>\n\t\t\t\t\t<\/div>\n\t\t<\/div>\n\t\t\t\t\t<\/div>\n\t\t<\/section>\n\t\t\t\t<section class=\"elementor-section elementor-top-section elementor-element elementor-element-5da67ee elementor-section-boxed elementor-section-height-default elementor-section-height-default jltma-glass-effect-no\" data-id=\"5da67ee\" data-element_type=\"section\" data-e-type=\"section\">\n\t\t\t\t\t\t<div class=\"elementor-container elementor-column-gap-default\">\n\t\t\t\t\t<div class=\"elementor-column elementor-col-100 elementor-top-column elementor-element elementor-element-10cf77c jltma-glass-effect-no\" data-id=\"10cf77c\" data-element_type=\"column\" data-e-type=\"column\">\n\t\t\t<div class=\"elementor-widget-wrap elementor-element-populated\">\n\t\t\t\t\t\t<div class=\"elementor-element elementor-element-96839f8 jltma-glass-effect-no elementor-widget elementor-widget-text-editor\" data-id=\"96839f8\" data-element_type=\"widget\" data-e-type=\"widget\" data-widget_type=\"text-editor.default\">\n\t\t\t\t<div class=\"elementor-widget-container\">\n\t\t\t\t\t\t\t\t\t<h2 data-start=\"465\" data-end=\"518\">Sobre o Headway Broker \u2013 tudo o que voc\u00ea precisa saber<\/h2><p data-start=\"520\" data-end=\"864\"><strong data-start=\"520\" data-end=\"538\">Corretor de headway<\/strong> \u00c9 uma plataforma de negocia\u00e7\u00e3o online crescente que fornece acesso a mercados financeiros globais, incluindo <strong data-start=\"636\" data-end=\"645\">forex<\/strong>, <strong data-start=\"647\" data-end=\"662\">mercadoria<\/strong>, <strong data-start=\"664\" data-end=\"675\">\u00edndices<\/strong>, e <strong data-start=\"681\" data-end=\"701\">criptomoedas<\/strong>. Projetado para iniciantes e traders experientes, o Headway se concentra em oferecer condi\u00e7\u00f5es de negocia\u00e7\u00e3o competitivas, ferramentas avan\u00e7adas e suporte ao cliente responsivo.<\/p><h3 data-start=\"866\" data-end=\"889\">1. Vis\u00e3o geral da empresa<\/h3><p data-start=\"890\" data-end=\"1214\">A Headway Broker opera como um <strong data-start=\"920\" data-end=\"958\">CFD internacional e corretor de Forex<\/strong>, com o objetivo de criar um ambiente de negocia\u00e7\u00e3o justo e transparente. A empresa fornece seus servi\u00e7os a traders em todo o mundo, exceto em jurisdi\u00e7\u00f5es restritas. Com foco na inova\u00e7\u00e3o, a Headway oferece solu\u00e7\u00f5es baseadas em tecnologia para acesso eficiente ao mercado.<\/p><h3 data-start=\"1216\" data-end=\"1246\">2 . regulamenta\u00e7\u00e3o e seguran\u00e7a<\/h3><p data-start=\"1247\" data-end=\"1452\">Seguran\u00e7a e confian\u00e7a s\u00e3o essenciais para qualquer corretor. A Headway Broker est\u00e1 comprometida em cumprir <strong data-start=\"1342\" data-end=\"1381\">Regulamentos Financeiros<\/strong> e implementa\u00e7\u00e3o de medidas fortes para proteger os fundos dos clientes, incluindo:<\/p><ul data-start=\"1453\" data-end=\"1608\"><li data-start=\"1453\" data-end=\"1500\"><p data-start=\"1455\" data-end=\"1500\"><strong data-start=\"1455\" data-end=\"1478\">contas segregadas<\/strong> Para dep\u00f3sitos de clientes<\/p><\/li><li data-start=\"1501\" data-end=\"1547\"><p data-start=\"1503\" data-end=\"1547\"><strong data-start=\"1503\" data-end=\"1521\">Criptografia SSL<\/strong> Para transa\u00e7\u00f5es seguras<\/p><\/li><li data-start=\"1548\" data-end=\"1608\"><p data-start=\"1550\" data-end=\"1608\">cumprimento de <strong data-start=\"1566\" data-end=\"1597\">AML (lavagem antimoeda)<\/strong> pol\u00edticas<\/p><\/li><\/ul><h3 data-start=\"1610\" data-end=\"1634\">3. Plataformas de negocia\u00e7\u00e3o<\/h3><p data-start=\"1635\" data-end=\"1691\">A Headway oferece plataformas populares e f\u00e1ceis de usar, como:<\/p><ul data-start=\"1692\" data-end=\"1847\"><li data-start=\"1692\" data-end=\"1764\"><p data-start=\"1694\" data-end=\"1764\"><strong data-start=\"1694\" data-end=\"1716\">MetaTrader 4 (MT4)<\/strong> \u2013 Ideal para iniciantes e traders algor\u00edtmicos<\/p><\/li><li data-start=\"1765\" data-end=\"1847\"><p data-start=\"1767\" data-end=\"1847\"><strong data-start=\"1767\" data-end=\"1789\">MetaTrader 5 (MT5)<\/strong> - Gr\u00e1ficos avan\u00e7ados, mais tipos de pedidos e profundidade de mercado<\/p><\/li><\/ul><p data-start=\"1849\" data-end=\"1959\">Essas plataformas est\u00e3o dispon\u00edveis em dispositivos de desktop, web e dispositivos m\u00f3veis, garantindo flexibilidade para os traders em qualquer lugar.<\/p><h3 data-start=\"1961\" data-end=\"1981\">4. Tipos de conta<\/h3><p data-start=\"1982\" data-end=\"2062\">O Headway Broker fornece diferentes tipos de conta para combinar com v\u00e1rios estilos de negocia\u00e7\u00e3o:<\/p><ul data-start=\"2063\" data-end=\"2267\"><li data-start=\"2063\" data-end=\"2124\"><p data-start=\"2065\" data-end=\"2124\"><strong data-start=\"2065\" data-end=\"2085\">conta padr\u00e3o<\/strong> \u2013 Sem comiss\u00e3o, spreads competitivos<\/p><\/li><li data-start=\"2125\" data-end=\"2209\"><p data-start=\"2127\" data-end=\"2209\"><strong data-start=\"2127\" data-end=\"2142\">conta ECN<\/strong> \u2013 Spreads brutos, pre\u00e7os baseados em comiss\u00f5es para traders profissionais<\/p><\/li><li data-start=\"2210\" data-end=\"2267\"><p data-start=\"2212\" data-end=\"2267\"><strong data-start=\"2212\" data-end=\"2228\">conta demo<\/strong> \u2013 Ambiente sem riscos para a pr\u00e1tica<\/p><\/li><\/ul><h3 data-start=\"2269\" data-end=\"2292\">5. Produtos oferecidos<\/h3><p data-start=\"2293\" data-end=\"2337\">Os traders podem diversificar seus portf\u00f3lios com:<\/p><ul data-start=\"2338\" data-end=\"2522\"><li data-start=\"2338\" data-end=\"2387\"><p data-start=\"2340\" data-end=\"2387\"><strong data-start=\"2340\" data-end=\"2355\">pares de forex<\/strong> - Majors, Menores e Ex\u00f3ticos<\/p><\/li><li data-start=\"2388\" data-end=\"2427\"><p data-start=\"2390\" data-end=\"2427\"><strong data-start=\"2390\" data-end=\"2405\">mercadoria<\/strong> \u2013 ouro, prata, \u00f3leo<\/p><\/li><li data-start=\"2428\" data-end=\"2476\"><p data-start=\"2430\" data-end=\"2476\"><strong data-start=\"2430\" data-end=\"2441\">\u00edndices<\/strong> - Benchmarks globais do mercado de a\u00e7\u00f5es<\/p><\/li><li data-start=\"2477\" data-end=\"2522\"><p data-start=\"2479\" data-end=\"2522\"><strong data-start=\"2479\" data-end=\"2499\">criptomoedas<\/strong> \u2013 BTC, ETH e muito mais<\/p><\/li><\/ul><h3 data-start=\"2524\" data-end=\"2555\">6. Dep\u00f3sitos e saques<\/h3><p data-start=\"2556\" data-end=\"2598\">O Headway oferece suporte a v\u00e1rias op\u00e7\u00f5es de pagamento:<\/p><ul data-start=\"2599\" data-end=\"2750\"><li data-start=\"2599\" data-end=\"2621\"><p data-start=\"2601\" data-end=\"2621\"><strong data-start=\"2601\" data-end=\"2619\">transfer\u00eancias banc\u00e1rias<\/strong><\/p><\/li><li data-start=\"2622\" data-end=\"2648\"><p data-start=\"2624\" data-end=\"2648\"><strong data-start=\"2624\" data-end=\"2646\">Cart\u00f5es de cr\u00e9dito\/d\u00e9bito<\/strong><\/p><\/li><li data-start=\"2649\" data-end=\"2693\"><p data-start=\"2651\" data-end=\"2693\"><strong data-start=\"2651\" data-end=\"2664\">carteiras eletr\u00f4nicas<\/strong> como Skrill ou Neteller<\/p><\/li><li data-start=\"2694\" data-end=\"2750\"><p data-start=\"2696\" data-end=\"2750\">Tempos de processamento de retirada r\u00e1pidos sem taxas ocultas<\/p><\/li><\/ul><h3 data-start=\"2752\" data-end=\"2780\">7 . Educa\u00e7\u00e3o e suporte<\/h3><p data-start=\"2781\" data-end=\"2818\">O Headway Broker oferece recursos como:<\/p><ul data-start=\"2819\" data-end=\"2943\"><li data-start=\"2819\" data-end=\"2857\"><p data-start=\"2821\" data-end=\"2857\"><strong data-start=\"2821\" data-end=\"2855\">Tutoriais e webinars de negocia\u00e7\u00e3o<\/strong><\/p><\/li><li data-start=\"2858\" data-end=\"2904\"><p data-start=\"2860\" data-end=\"2904\"><strong data-start=\"2860\" data-end=\"2879\">an\u00e1lise de mercado<\/strong> e calend\u00e1rios econ\u00f4micos<\/p><\/li><li data-start=\"2905\" data-end=\"2943\"><p data-start=\"2907\" data-end=\"2943\">24 horas por dia, 5 dias por semana, suporte ao cliente multil\u00edngue<\/p><\/li><\/ul><h3 data-start=\"2945\" data-end=\"2985\">8. Por que os traders escolhem o Headway Broker<\/h3><ul data-start=\"2986\" data-end=\"3129\"><li data-start=\"2986\" data-end=\"3020\"><p data-start=\"2988\" data-end=\"3020\">Condi\u00e7\u00f5es de negocia\u00e7\u00e3o transparentes<\/p><\/li><li data-start=\"3021\" data-end=\"3058\"><p data-start=\"3023\" data-end=\"3058\">Spreads apertados e baixas comiss\u00f5es<\/p><\/li><li data-start=\"3059\" data-end=\"3099\"><p data-start=\"3061\" data-end=\"3099\">Acesso a plataformas de negocia\u00e7\u00e3o poderosas<\/p><\/li><li data-start=\"3100\" data-end=\"3129\"><p data-start=\"3102\" data-end=\"3129\">Atendimento ao cliente confi\u00e1vel<\/p><\/li><\/ul>\t\t\t\t\t\t\t\t<\/div>\n\t\t\t\t<\/div>\n\t\t\t\t\t<\/div>\n\t\t<\/div>\n\t\t\t\t\t<\/div>\n\t\t<\/section>\n\t\t\t\t<\/div>","protected":false},"excerpt":{"rendered":"<p>About Headway Broker \u2013 Everything You Need to Know Before You Start Trading About Headway Broker \u2013 Everything You Need [&hellip;]<\/p>\n","protected":false},"author":1,"featured_media":142,"parent":0,"menu_order":0,"comment_status":"closed","ping_status":"closed","template":"elementor_header_footer","meta":{"site-sidebar-layout":"no-sidebar","site-content-layout":"","ast-site-content-layout":"full-width-container","site-content-style":"default","site-sidebar-style":"default","ast-global-header-display":"","ast-banner-title-visibility":"","ast-main-header-display":"","ast-hfb-above-header-display":"","ast-hfb-below-header-display":"","ast-hfb-mobile-header-display":"","site-post-title":"disabled","ast-breadcrumbs-content":"","ast-featured-img":"disabled","footer-sml-layout":"","ast-disable-related-posts":"","theme-transparent-header-meta":"default","adv-header-id-meta":"","stick-header-meta":"","header-above-stick-meta":"","header-main-stick-meta":"","header-below-stick-meta":"","astra-migrate-meta-layouts":"set","ast-page-background-enabled":"default","ast-page-background-meta":{"desktop":{"background-color":"var(--ast-global-color-5)","background-image":"","background-repeat":"repeat","background-position":"center center","background-size":"auto","background-attachment":"scroll","background-type":"","background-media":"","overlay-type":"","overlay-color":"","overlay-opacity":"","overlay-gradient":""},"tablet":{"background-color":"","background-image":"","background-repeat":"repeat","background-position":"center center","background-size":"auto","background-attachment":"scroll","background-type":"","background-media":"","overlay-type":"","overlay-color":"","overlay-opacity":"","overlay-gradient":""},"mobile":{"background-color":"","background-image":"","background-repeat":"repeat","background-position":"center center","background-size":"auto","background-attachment":"scroll","background-type":"","background-media":"","overlay-type":"","overlay-color":"","overlay-opacity":"","overlay-gradient":""}},"ast-content-background-meta":{"desktop":{"background-color":"var(--ast-global-color-4)","background-image":"","background-repeat":"repeat","background-position":"center center","background-size":"auto","background-attachment":"scroll","background-type":"","background-media":"","overlay-type":"","overlay-color":"","overlay-opacity":"","overlay-gradient":""},"tablet":{"background-color":"var(--ast-global-color-4)","background-image":"","background-repeat":"repeat","background-position":"center center","background-size":"auto","background-attachment":"scroll","background-type":"","background-media":"","overlay-type":"","overlay-color":"","overlay-opacity":"","overlay-gradient":""},"mobile":{"background-color":"var(--ast-global-color-4)","background-image":"","background-repeat":"repeat","background-position":"center center","background-size":"auto","background-attachment":"scroll","background-type":"","background-media":"","overlay-type":"","overlay-color":"","overlay-opacity":"","overlay-gradient":""}},"footnotes":""},"class_list":["post-737","page","type-page","status-publish","has-post-thumbnail","hentry"],"_links":{"self":[{"href":"https:\/\/headwaybrokers.com\/pt\/wp-json\/wp\/v2\/pages\/737","targetHints":{"allow":["GET"]}}],"collection":[{"href":"https:\/\/headwaybrokers.com\/pt\/wp-json\/wp\/v2\/pages"}],"about":[{"href":"https:\/\/headwaybrokers.com\/pt\/wp-json\/wp\/v2\/types\/page"}],"author":[{"embeddable":true,"href":"https:\/\/headwaybrokers.com\/pt\/wp-json\/wp\/v2\/users\/1"}],"replies":[{"embeddable":true,"href":"https:\/\/headwaybrokers.com\/pt\/wp-json\/wp\/v2\/comments?post=737"}],"version-history":[{"count":10,"href":"https:\/\/headwaybrokers.com\/pt\/wp-json\/wp\/v2\/pages\/737\/revisions"}],"predecessor-version":[{"id":956,"href":"https:\/\/headwaybrokers.com\/pt\/wp-json\/wp\/v2\/pages\/737\/revisions\/956"}],"wp:featuredmedia":[{"embeddable":true,"href":"https:\/\/headwaybrokers.com\/pt\/wp-json\/wp\/v2\/media\/142"}],"wp:attachment":[{"href":"https:\/\/headwaybrokers.com\/pt\/wp-json\/wp\/v2\/media?parent=737"}],"curies":[{"name":"wp","href":"https:\/\/api.w.org\/{rel}","templated":true}]}}