{"id":773,"date":"2025-08-09T18:47:29","date_gmt":"2025-08-09T18:47:29","guid":{"rendered":"https:\/\/headwaybrokers.com\/?page_id=773"},"modified":"2025-08-09T18:49:15","modified_gmt":"2025-08-09T18:49:15","slug":"headway-forex","status":"publish","type":"page","link":"https:\/\/headwaybrokers.com\/pt\/headway-forex\/","title":{"rendered":"headway forex"},"content":{"rendered":"<div data-elementor-type=\"wp-page\" data-elementor-id=\"773\" class=\"elementor elementor-773\" data-elementor-post-type=\"page\">\n\t\t\t\t\t\t<section class=\"elementor-section elementor-top-section elementor-element elementor-element-6582c8f elementor-section-boxed elementor-section-height-default elementor-section-height-default jltma-glass-effect-no\" data-id=\"6582c8f\" data-element_type=\"section\" data-e-type=\"section\">\n\t\t\t\t\t\t<div class=\"elementor-container elementor-column-gap-default\">\n\t\t\t\t\t<div class=\"elementor-column elementor-col-100 elementor-top-column elementor-element elementor-element-9dec7f9 jltma-glass-effect-no\" data-id=\"9dec7f9\" data-element_type=\"column\" data-e-type=\"column\">\n\t\t\t<div class=\"elementor-widget-wrap elementor-element-populated\">\n\t\t\t\t\t\t<div class=\"elementor-element elementor-element-353792e jltma-glass-effect-no elementor-widget elementor-widget-html\" data-id=\"353792e\" data-element_type=\"widget\" data-e-type=\"widget\" data-widget_type=\"html.default\">\n\t\t\t\t<div class=\"elementor-widget-container\">\n\t\t\t\t\t<!DOCTYPE html>\r\n<html lang=\"en\">\r\n<head>\r\n    <meta charset=\"UTF-8\">\r\n    <meta name=\"viewport\" content=\"width=device-width, initial-scale=1.0\">\r\n    <meta name=\"title\" content=\"Headway Forex - Trade Smarter with Multiple Account Types\">\r\n    <meta name=\"description\" content=\"Junte-se \u00e0 Headway Forex \u2013 um corretor de Forex confi\u00e1vel que oferece v\u00e1rios tipos de conta, dep\u00f3sitos e retiradas r\u00e1pidas, plataformas poderosas e diversos instrumentos de negocia\u00e7\u00e3o.\">\r\n    <title>Headway Forex - Negocie mais inteligente<\/title>\r\n    <style>\r\n        body {\r\n            font-family: 'Segoe UI', sans-serif;\r\n            margin: 0;\r\n            padding: 0;\r\n            background: linear-gradient(135deg, #0f2027, #203a43, #2c5364);\r\n            color: #fff;\r\n            line-height: 1.6;\r\n        }\r\n        header {\r\n            text-align: center;\r\n            padding: 50px 20px;\r\n        }\r\n        header h1 {\r\n            font-size: 2.8em;\r\n            margin-bottom: 10px;\r\n            text-shadow: 2px 2px 8px rgba(0,0,0,0.5);\r\n        }\r\n        header p {\r\n            font-size: 1.2em;\r\n            opacity: 0.9;\r\n        }\r\n        .btn {\r\n            display: inline-block;\r\n            padding: 12px 25px;\r\n            background: linear-gradient(90deg, #ff7e5f, #feb47b);\r\n            color: #fff;\r\n            text-decoration: none;\r\n            border-radius: 30px;\r\n            font-weight: bold;\r\n            box-shadow: 0 4px 15px rgba(0,0,0,0.3);\r\n            transition: all 0.3s ease;\r\n        }\r\n        .btn:hover {\r\n            transform: scale(1.05);\r\n            box-shadow: 0 6px 20px rgba(0,0,0,0.5);\r\n        }\r\n        section {\r\n            max-width: 1100px;\r\n            margin: auto;\r\n            padding: 40px 20px;\r\n        }\r\n        h2 {\r\n            border-left: 5px solid #feb47b;\r\n            padding-left: 10px;\r\n            margin-bottom: 20px;\r\n        }\r\n        table {\r\n            width: 100%;\r\n            border-collapse: collapse;\r\n            background: rgba(255,255,255,0.05);\r\n            border-radius: 10px;\r\n            overflow: hidden;\r\n            box-shadow: 0 4px 15px rgba(0,0,0,0.3);\r\n        }\r\n        th, td {\r\n            padding: 15px;\r\n            text-align: center;\r\n        }\r\n        th {\r\n            background: rgba(0,0,0,0.3);\r\n        }\r\n        tr:nth-child(even) {\r\n            background: rgba(255,255,255,0.05);\r\n        }\r\n        .deposit-icons img {\r\n            width: 50px;\r\n            margin: 10px;\r\n            filter: drop-shadow(0 4px 6px rgba(0,0,0,0.3));\r\n            transition: transform 0.3s;\r\n        }\r\n        .deposit-icons img:hover {\r\n            transform: scale(1.1);\r\n        }\r\n        footer {\r\n            text-align: center;\r\n            padding: 20px;\r\n            background: rgba(0,0,0,0.4);\r\n            margin-top: 40px;\r\n            font-size: 0.9em;\r\n        }\r\n    <\/style>\r\n<\/head>\r\n<body>\r\n\r\n<header>\r\n    <h1>headway forex<\/h1>\r\n    <p>Negocie de forma mais inteligente com um corretor de Forex confi\u00e1vel<\/p>\r\n    <a href=\"https:\/\/headway.partners\/user\/signup?hwp=a1b56a\" class=\"btn\" rel=\"nofollow noopener\" target=\"_blank\">abrir uma conta<\/a>\r\n<\/header>\r\n\r\n<section>\r\n    <h2>Sobre o Headway Forex<\/h2>\r\n    <p>A Headway Forex \u00e9 uma corretora reconhecida globalmente, fornecendo aos traders ferramentas avan\u00e7adas, baixos spreads e v\u00e1rias op\u00e7\u00f5es de conta. Seja voc\u00ea iniciante ou profissional, o Headway oferece um ambiente de negocia\u00e7\u00e3o que atenda \u00e0s suas necessidades, com acesso a Forex, commodities, \u00edndices, criptomoedas e muito mais.<\/p>\r\n<\/section>\r\n\r\n<section>\r\n    <h2>Tipos de conta<\/h2>\r\n    <table>\r\n        <tr>\r\n            <th>Tipo de conta<\/th>\r\n            <th>dep\u00f3sito m\u00ednimo<\/th>\r\n            <th>espalhar<\/th>\r\n            <th>alavanca<\/th>\r\n            <th>encomenda<\/th>\r\n        <\/tr>\r\n        <tr>\r\n            <td>centavo<\/td>\r\n            <td>$1<\/td>\r\n            <td>de 1,2 pips<\/td>\r\n            <td>at\u00e9 1:1000<\/td>\r\n            <td>n\u00e3o<\/td>\r\n        <\/tr>\r\n        <tr>\r\n            <td>padr\u00e3o<\/td>\r\n            <td>$10<\/td>\r\n            <td>de 0,8 pips<\/td>\r\n            <td>at\u00e9 1:1000<\/td>\r\n            <td>n\u00e3o<\/td>\r\n        <\/tr>\r\n        <tr>\r\n            <td>pr\u00f3<\/td>\r\n            <td>$100<\/td>\r\n            <td>de 0,1 pips<\/td>\r\n            <td>at\u00e9 1:1000<\/td>\r\n            <td>sim<\/td>\r\n        <\/tr>\r\n    <\/table>\r\n    <br>\r\n    <a href=\"https:\/\/headway.partners\/user\/signup?hwp=a1b56a\" class=\"btn\" rel=\"nofollow noopener\" target=\"_blank\">Escolha sua conta<\/a>\r\n<\/section>\r\n\r\n<section>\r\n    <h2>M\u00e9todos de dep\u00f3sito e retirada<\/h2>\r\n    <div class=\"deposit-icons\">\r\n        <img decoding=\"async\" src=\"https:\/\/upload.wikimedia.org\/wikipedia\/commons\/0\/04\/Visa.svg\" alt=\"visto\">\r\n        <img decoding=\"async\" src=\"https:\/\/upload.wikimedia.org\/wikipedia\/commons\/b\/b7\/MasterCard_Logo.svg\" alt=\"Mastercard\">\r\n        <img decoding=\"async\" src=\"https:\/\/upload.wikimedia.org\/wikipedia\/commons\/5\/5a\/Bitcoin.png\" alt=\"Bitcoin\">\r\n        <img decoding=\"async\" src=\"https:\/\/upload.wikimedia.org\/wikipedia\/commons\/f\/f2\/Bank_icon.svg\" alt=\"transfer\u00eancia banc\u00e1ria\">\r\n    <\/div>\r\n    <p>A Headway oferece dep\u00f3sitos e retiradas r\u00e1pidos e seguros por meio de v\u00e1rios m\u00e9todos, incluindo cart\u00f5es de cr\u00e9dito\/d\u00e9bito, transfer\u00eancias banc\u00e1rias, carteiras eletr\u00f4nicas e criptomoedas.<\/p>\r\n<\/section>\r\n\r\n<section>\r\n    <h2>Plataformas de negocia\u00e7\u00e3o<\/h2>\r\n    <p>Negocie com as plataformas mais populares do mundo \u2013 MetaTrader 4 (MT4) e MetaTrader 5 (MT5). Desfrute de ferramentas avan\u00e7adas de gr\u00e1ficos, negocia\u00e7\u00e3o automatizada e aplicativos m\u00f3veis para negociar a qualquer hora e em qualquer lugar.<\/p>\r\n<\/section>\r\n\r\n<section>\r\n    <h2>instrumentos dispon\u00edveis<\/h2>\r\n    <p>A Headway fornece acesso a uma ampla gama de instrumentos, incluindo:<\/p>\r\n    <ul>\r\n        <li>Pares de moedas Forex (Maior, Menor, Ex\u00f3tico)<\/li>\r\n        <li>Commodities como ouro, prata e \u00f3leo<\/li>\r\n        <li>\u00cdndices de mercados globais<\/li>\r\n        <li>Criptomoedas como Bitcoin, Ethereum e mais<\/li>\r\n        <li>CFDs de a\u00e7\u00f5es e outros derivativos<\/li>\r\n    <\/ul>\r\n    <a href=\"https:\/\/headway.partners\/user\/signup?hwp=a1b56a\" class=\"btn\" rel=\"nofollow noopener\" target=\"_blank\">Comece a negociar agora<\/a>\r\n<\/section>\r\n\r\n<footer>\r\n    \u00a9 2025 Headway Forex. Todos os direitos reservados.\r\n<\/footer>\r\n\r\n<\/body>\r\n<\/html>\r\n\t\t\t\t<\/div>\n\t\t\t\t<\/div>\n\t\t\t\t\t<\/div>\n\t\t<\/div>\n\t\t\t\t\t<\/div>\n\t\t<\/section>\n\t\t\t\t<\/div>","protected":false},"excerpt":{"rendered":"<p>&nbsp; &nbsp; Headway Forex Trade Smarter with a Trusted Forex Broker Open an Account About Headway Forex Headway Forex is [&hellip;]<\/p>\n","protected":false},"author":1,"featured_media":0,"parent":0,"menu_order":0,"comment_status":"closed","ping_status":"closed","template":"","meta":{"site-sidebar-layout":"no-sidebar","site-content-layout":"","ast-site-content-layout":"full-width-container","site-content-style":"default","site-sidebar-style":"default","ast-global-header-display":"","ast-banner-title-visibility":"","ast-main-header-display":"","ast-hfb-above-header-display":"","ast-hfb-below-header-display":"","ast-hfb-mobile-header-display":"","site-post-title":"disabled","ast-breadcrumbs-content":"","ast-featured-img":"disabled","footer-sml-layout":"","ast-disable-related-posts":"","theme-transparent-header-meta":"default","adv-header-id-meta":"","stick-header-meta":"","header-above-stick-meta":"","header-main-stick-meta":"","header-below-stick-meta":"","astra-migrate-meta-layouts":"set","ast-page-background-enabled":"default","ast-page-background-meta":{"desktop":{"background-color":"var(--ast-global-color-5)","background-image":"","background-repeat":"repeat","background-position":"center center","background-size":"auto","background-attachment":"scroll","background-type":"","background-media":"","overlay-type":"","overlay-color":"","overlay-opacity":"","overlay-gradient":""},"tablet":{"background-color":"","background-image":"","background-repeat":"repeat","background-position":"center center","background-size":"auto","background-attachment":"scroll","background-type":"","background-media":"","overlay-type":"","overlay-color":"","overlay-opacity":"","overlay-gradient":""},"mobile":{"background-color":"","background-image":"","background-repeat":"repeat","background-position":"center center","background-size":"auto","background-attachment":"scroll","background-type":"","background-media":"","overlay-type":"","overlay-color":"","overlay-opacity":"","overlay-gradient":""}},"ast-content-background-meta":{"desktop":{"background-color":"var(--ast-global-color-4)","background-image":"","background-repeat":"repeat","background-position":"center center","background-size":"auto","background-attachment":"scroll","background-type":"","background-media":"","overlay-type":"","overlay-color":"","overlay-opacity":"","overlay-gradient":""},"tablet":{"background-color":"var(--ast-global-color-4)","background-image":"","background-repeat":"repeat","background-position":"center center","background-size":"auto","background-attachment":"scroll","background-type":"","background-media":"","overlay-type":"","overlay-color":"","overlay-opacity":"","overlay-gradient":""},"mobile":{"background-color":"var(--ast-global-color-4)","background-image":"","background-repeat":"repeat","background-position":"center center","background-size":"auto","background-attachment":"scroll","background-type":"","background-media":"","overlay-type":"","overlay-color":"","overlay-opacity":"","overlay-gradient":""}},"footnotes":""},"class_list":["post-773","page","type-page","status-publish","hentry"],"_links":{"self":[{"href":"https:\/\/headwaybrokers.com\/pt\/wp-json\/wp\/v2\/pages\/773","targetHints":{"allow":["GET"]}}],"collection":[{"href":"https:\/\/headwaybrokers.com\/pt\/wp-json\/wp\/v2\/pages"}],"about":[{"href":"https:\/\/headwaybrokers.com\/pt\/wp-json\/wp\/v2\/types\/page"}],"author":[{"embeddable":true,"href":"https:\/\/headwaybrokers.com\/pt\/wp-json\/wp\/v2\/users\/1"}],"replies":[{"embeddable":true,"href":"https:\/\/headwaybrokers.com\/pt\/wp-json\/wp\/v2\/comments?post=773"}],"version-history":[{"count":6,"href":"https:\/\/headwaybrokers.com\/pt\/wp-json\/wp\/v2\/pages\/773\/revisions"}],"predecessor-version":[{"id":779,"href":"https:\/\/headwaybrokers.com\/pt\/wp-json\/wp\/v2\/pages\/773\/revisions\/779"}],"wp:attachment":[{"href":"https:\/\/headwaybrokers.com\/pt\/wp-json\/wp\/v2\/media?parent=773"}],"curies":[{"name":"wp","href":"https:\/\/api.w.org\/{rel}","templated":true}]}}