{"id":537,"date":"2025-04-27T13:33:01","date_gmt":"2025-04-27T13:33:01","guid":{"rendered":"https:\/\/headwaybrokers.com\/?page_id=537"},"modified":"2026-02-20T22:19:19","modified_gmt":"2026-02-20T22:19:19","slug":"headway-broker-incelemesi-2025-hizmet-ozelliklerine-ve-kullanici-deneyimine-kapsamli-bir-genel-bakis-2","status":"publish","type":"page","link":"https:\/\/headwaybrokers.com\/tr\/headway-broker-review-2025-a-comprehensive-overview-of-services-features-and-user-experience-2\/","title":{"rendered":"Headway Broker \u0130ncelemesi 2026: Hizmetler, \u00f6zellikler ve kullan\u0131c\u0131 deneyimine kapsaml\u0131 bir genel bak\u0131\u015f"},"content":{"rendered":"<div data-elementor-type=\"wp-page\" data-elementor-id=\"537\" class=\"elementor elementor-537\" data-elementor-post-type=\"page\">\n\t\t\t\t\t\t<section class=\"elementor-section elementor-top-section elementor-element elementor-element-457023b elementor-section-boxed elementor-section-height-default elementor-section-height-default jltma-glass-effect-no\" data-id=\"457023b\" data-element_type=\"section\" data-e-type=\"section\">\n\t\t\t\t\t\t<div class=\"elementor-container elementor-column-gap-default\">\n\t\t\t\t\t<div class=\"elementor-column elementor-col-100 elementor-top-column elementor-element elementor-element-6badd2a jltma-glass-effect-no\" data-id=\"6badd2a\" data-element_type=\"column\" data-e-type=\"column\">\n\t\t\t<div class=\"elementor-widget-wrap elementor-element-populated\">\n\t\t\t\t\t\t<div class=\"elementor-element elementor-element-c9b2c11 jltma-glass-effect-no elementor-widget elementor-widget-text-editor\" data-id=\"c9b2c11\" data-element_type=\"widget\" data-e-type=\"widget\" data-widget_type=\"text-editor.default\">\n\t\t\t\t<div class=\"elementor-widget-container\">\n\t\t\t\t\t\t\t\t\t<p class=\"\" data-start=\"293\" data-end=\"613\">2025'te Headway Broker ile i\u015flem yapmay\u0131 d\u00fc\u015f\u00fcn\u00fcyor musunuz? Bu ayr\u0131nt\u0131l\u0131 inceleme, Headway'in teklifleri, avantajlar\u0131 ve olas\u0131 dezavantajlar\u0131 hakk\u0131nda gerekli t\u00fcm bilgileri sa\u011flayacakt\u0131r. \u0130ster deneyimli bir t\u00fcccar olun, ister yeni ba\u015flayan biri olun, bu broker\u0131n temel \u00f6zelliklerini anlamak, bilin\u00e7li bir karar vermek i\u00e7in \u00e7ok \u00f6nemlidir.<\/p><h3 class=\"\" data-start=\"615\" data-end=\"656\">1. <strong data-start=\"622\" data-end=\"656\">Headway Broker'a Giri\u015f<\/strong><\/h3><p class=\"\" data-start=\"658\" data-end=\"1061\"><a href=\"https:\/\/headway.partners\/user\/signup?hwp=a1b56a\" rel=\"nofollow noopener\" target=\"_blank\"><strong>ilk ad\u0131m<\/strong><\/a> kullan\u0131c\u0131 dostu aray\u00fcz\u00fc ve sa\u011flam finansal \u00fcr\u00fcnleri ile \u00e7evrimi\u00e7i ticaret d\u00fcnyas\u0131nda ilgi g\u00f6r\u00fcyor. Ticaret s\u00fcrecini basitle\u015ftirmek amac\u0131yla kurulan Headway, hem acemi hem de deneyimli t\u00fcccarlar\u0131n ihtiya\u00e7lar\u0131n\u0131 kar\u015f\u0131layan bir platform sa\u011flamay\u0131 hedefliyor. 2025 y\u0131l\u0131nda Headway, yenilik\u00e7i ara\u00e7lar, kapsaml\u0131 pazar kapsam\u0131 ve m\u00fc\u015fteri merkezli \u00f6zelliklerle geli\u015fmeye devam ediyor.<\/p><h3 class=\"\" data-start=\"1063\" data-end=\"1101\">2. <strong data-start=\"1070\" data-end=\"1101\">Ticaret platformlar\u0131 ve ara\u00e7lar\u0131<\/strong><\/h3><p class=\"\" data-start=\"1103\" data-end=\"1246\">Headway, \u00e7e\u015fitli t\u00fcccar tercihlerine uyacak \u015fekilde tasarlanm\u0131\u015f bir dizi ticaret platformu sunar. \u0130\u015fte mevcut en pop\u00fcler platformlara bir g\u00f6z at\u0131n:<\/p><ul data-start=\"1248\" data-end=\"2010\"><li class=\"\" data-start=\"1248\" data-end=\"1498\"><p class=\"\" data-start=\"1250\" data-end=\"1498\"><strong data-start=\"1250\" data-end=\"1272\">MetaTrader 4 (MT4)<\/strong>: Sadeli\u011fi ve kapsaml\u0131 i\u015flevleriyle tan\u0131nan MT4, perakende t\u00fcccarlar aras\u0131nda en iyi se\u00e7im olmaya devam ediyor. Headway Broker, sorunsuz y\u00fcr\u00fctme, ger\u00e7ek zamanl\u0131 grafikler ve otomatik i\u015flem se\u00e7enekleri sa\u011flayan MT4 i\u00e7in tam destek sunar.<\/p><\/li><li class=\"\" data-start=\"1500\" data-end=\"1764\"><p class=\"\" data-start=\"1502\" data-end=\"1764\"><strong data-start=\"1502\" data-end=\"1524\">MetaTrader 5 (MT5)<\/strong>: MT5, daha fazla zaman dilimi, daha geli\u015fmi\u015f bir grafik sistemi ve daha derin analitik ara\u00e7lar gibi ek \u00f6zellikler sunan MT4'\u00fcn y\u00fckseltilmi\u015f s\u00fcr\u00fcm\u00fcd\u00fcr. Modern ve kapsaml\u0131 bir platform arayan t\u00fcccarlar, MT5'i m\u00fckemmel bir se\u00e7im olarak g\u00f6recekler.<\/p><\/li><li class=\"\" data-start=\"1766\" data-end=\"2010\"><p class=\"\" data-start=\"1768\" data-end=\"2010\"><strong data-start=\"1768\" data-end=\"1792\">Web Ticaret Platformu<\/strong>: Do\u011frudan taray\u0131c\u0131lar\u0131ndan ticaret yapmay\u0131 tercih edenler i\u00e7in Headway, web tabanl\u0131 bir platform sa\u011flar. Bu platform hafiftir, eri\u015filebilirdir ve hareket halindeyken t\u00fcccarlara esneklik sunan herhangi bir indirme gerektirmez.<\/p><\/li><\/ul><h3 class=\"\" data-start=\"2012\" data-end=\"2049\">3. <strong data-start=\"2019\" data-end=\"2049\">Hesap t\u00fcrleri ve \u00f6zellikleri<\/strong><\/h3><p class=\"\" data-start=\"2051\" data-end=\"2201\">Headway, farkl\u0131 deneyim seviyelerine sahip t\u00fcccarlar\u0131 bar\u0131nd\u0131rmak i\u00e7in tasarlanm\u0131\u015f \u00e7e\u015fitli hesap t\u00fcrleri sunar. \u0130\u015fte mevcut se\u00e7eneklerin bir d\u00f6k\u00fcm\u00fc:<\/p><ul data-start=\"2203\" data-end=\"3145\"><li class=\"\" data-start=\"2203\" data-end=\"2468\"><p class=\"\" data-start=\"2205\" data-end=\"2468\"><strong data-start=\"2205\" data-end=\"2225\">standart hesap<\/strong>: Yeni ba\u015flayan t\u00fcccarlar i\u00e7in tasarlanm\u0131\u015f giri\u015f seviyesi hesap. Forex, emtia ve endeksler dahil olmak \u00fczere \u00e7ok \u00e7e\u015fitli pazarlara eri\u015fim sa\u011flar. Kald\u0131ra\u00e7 ve spreadler rekabet\u00e7idir, bu da onu ticaret yolculu\u011funa ba\u015flayanlar i\u00e7in uygun hale getirir.<\/p><\/li><li class=\"\" data-start=\"2470\" data-end=\"2711\"><p class=\"\" data-start=\"2472\" data-end=\"2711\"><strong data-start=\"2472\" data-end=\"2487\">profesyonel hesap<\/strong>: Bu hesap daha deneyimli t\u00fcccarlar i\u00e7in tasarlanm\u0131\u015ft\u0131r. Daha s\u0131k\u0131 yay\u0131l\u0131mlar, daha fazla kald\u0131ra\u00e7 ve geli\u015fmi\u015f ticaret ara\u00e7lar\u0131na eri\u015fim sunar. Pro hesap sahipleri ayr\u0131ca \u00f6ncelikli m\u00fc\u015fteri deste\u011fi ve daha h\u0131zl\u0131 sipari\u015f y\u00fcr\u00fctme al\u0131r.<\/p><\/li><li class=\"\" data-start=\"2713\" data-end=\"2955\"><p class=\"\" data-start=\"2715\" data-end=\"2955\"><strong data-start=\"2715\" data-end=\"2730\">ECN hesab\u0131<\/strong>: ECN hesab\u0131, m\u00fcmk\u00fcn olan en iyi uygulama ve likiditeyi talep eden profesyonel t\u00fcccarlar i\u00e7in idealdir. Bankalararas\u0131 pazarlara do\u011frudan eri\u015fime sahip olan bu hesap, komisyona dayal\u0131 bir \u00fccret yap\u0131s\u0131 ile en d\u00fc\u015f\u00fck spreadleri sunmaktad\u0131r.<\/p><\/li><li class=\"\" data-start=\"2957\" data-end=\"3145\"><p class=\"\" data-start=\"2959\" data-end=\"3145\"><strong data-start=\"2959\" data-end=\"2978\">\u0130slam hesab\u0131<\/strong>: Headway Broker ayr\u0131ca, takass\u0131z ticarete ihtiya\u00e7 duyan t\u00fcccarlara hizmet vererek \u0130slami finansal ilkelere uyumu sa\u011flayan \u0130slami bir hesap se\u00e7ene\u011fi sunar.<\/p><\/li><\/ul><h3 class=\"\" data-start=\"3147\" data-end=\"3182\">4. <strong data-start=\"3154\" data-end=\"3182\">Para yat\u0131rma ve para \u00e7ekme i\u015flemleri<\/strong><\/h3><p class=\"\" data-start=\"3184\" data-end=\"3290\">Headway, i\u015flemleri olabildi\u011fince sorunsuz hale getirmek i\u00e7in \u00e7e\u015fitli para yat\u0131rma ve \u00e7ekme y\u00f6ntemleri sa\u011flar:<\/p><ul data-start=\"3292\" data-end=\"3851\"><li class=\"\" data-start=\"3292\" data-end=\"3497\"><p class=\"\" data-start=\"3294\" data-end=\"3497\"><strong data-start=\"3294\" data-end=\"3313\">\u00d6deme Y\u00f6ntemleri<\/strong>: T\u00fcccarlar, kredi ve banka kartlar\u0131, banka havaleleri, Skrill ve Neteller gibi e-c\u00fczdanlar ve hatta kripto para yat\u0131rmalar\u0131 dahil olmak \u00fczere \u00e7e\u015fitli \u00f6deme se\u00e7eneklerini kullanarak hesaplar\u0131n\u0131 finanse edebilirler.<\/p><\/li><li class=\"\" data-start=\"3499\" data-end=\"3646\"><p class=\"\" data-start=\"3501\" data-end=\"3646\"><strong data-start=\"3501\" data-end=\"3517\">mevduat \u00fccreti<\/strong>: \u00c7o\u011fu para yat\u0131rma y\u00f6ntemi ek \u00fccret \u00f6demeden gelir, ancak bu \u00f6deme y\u00f6ntemine ve ikamet etti\u011finiz \u00fclkeye ba\u011fl\u0131 olabilir.<\/p><\/li><li class=\"\" data-start=\"3648\" data-end=\"3851\"><p class=\"\" data-start=\"3650\" data-end=\"3851\"><strong data-start=\"3650\" data-end=\"3665\">para \u00e7ekme<\/strong>: Para \u00e7ekme i\u015flemleri genellikle h\u0131zl\u0131d\u0131r ve \u00e7o\u011fu y\u00f6ntem 24-48 saat i\u00e7inde tamamlan\u0131r. Ancak, para \u00e7ekme \u00fccretlerinin se\u00e7ilen y\u00f6nteme ba\u011fl\u0131 olarak de\u011fi\u015febilece\u011fini belirtmek \u00f6nemlidir.<\/p><\/li><\/ul><h3 class=\"\" data-start=\"3853\" data-end=\"3880\">5. <strong data-start=\"3860\" data-end=\"3880\">m\u00fc\u015fteri deste\u011fi<\/strong><\/h3><p class=\"\" data-start=\"3882\" data-end=\"3999\">M\u00fc\u015fteri deste\u011fi, bir komisyoncu se\u00e7erken \u00f6nemli bir fakt\u00f6rd\u00fcr ve bu alanda ilerleme \u00e7ok ba\u015far\u0131l\u0131d\u0131r. Broker \u015funlar\u0131 sa\u011flar:<\/p><ul data-start=\"4001\" data-end=\"4517\"><li class=\"\" data-start=\"4001\" data-end=\"4120\"><p class=\"\" data-start=\"4003\" data-end=\"4120\"><strong data-start=\"4003\" data-end=\"4019\">7\/24 destek<\/strong>: Canl\u0131 sohbet, e-posta ve telefon yoluyla, yard\u0131ma ihtiyac\u0131n\u0131z oldu\u011funda ula\u015fabilmenizi sa\u011flar.<\/p><\/li><li class=\"\" data-start=\"4122\" data-end=\"4289\"><p class=\"\" data-start=\"4124\" data-end=\"4289\"><strong data-start=\"4124\" data-end=\"4148\">\u00c7ok dilli destek<\/strong>: K\u00fcresel bir varl\u0131kla Headway, dil engellerinin ticaret deneyiminizi engellememesini sa\u011flayarak birden fazla dilde destek sunar.<\/p><\/li><li class=\"\" data-start=\"4291\" data-end=\"4517\"><p class=\"\" data-start=\"4293\" data-end=\"4517\"><strong data-start=\"4293\" data-end=\"4318\">e\u011fitim kaynaklar\u0131<\/strong>: Headway ayr\u0131ca web seminerleri, \u00f6\u011freticiler ve makaleler dahil olmak \u00fczere \u00e7ok \u00e7e\u015fitli e\u011fitim kaynaklar\u0131 sunarak hem yeni hem de deneyimli t\u00fcccarlar\u0131n g\u00fcncel kalmas\u0131na ve ticaret stratejilerini geli\u015ftirmesine yard\u0131mc\u0131 olur.<\/p><\/li><\/ul><h3 class=\"\" data-start=\"4519\" data-end=\"4553\">6. <strong data-start=\"4526\" data-end=\"4553\">D\u00fczenleme ve g\u00fcvenlik<\/strong><\/h3><p class=\"\" data-start=\"4555\" data-end=\"4926\">D\u00fczenleme a\u00e7\u0131s\u0131ndan, Headway Broker, t\u00fcm t\u00fcccarlar i\u00e7in g\u00fcvenlik ve g\u00fcvenlik sa\u011flayan s\u0131k\u0131 mali d\u00fczenlemeler alt\u0131nda \u00e7al\u0131\u015f\u0131r. Kullan\u0131c\u0131 verilerini ve fonlar\u0131 korumak i\u00e7in geli\u015fmi\u015f \u015fifreleme teknolojilerini kullan\u0131rlar ve ticaret deneyiminizin g\u00fcvenli olmas\u0131n\u0131 sa\u011flarlar. Ancak, i\u015flem yapmaya ba\u015flamadan \u00f6nce, komisyoncunun d\u00fczenleyici organ\u0131n\u0131n b\u00f6lgenizin ticaret yasalar\u0131na uygun olup olmad\u0131\u011f\u0131n\u0131 kontrol edin.<\/p><h3 class=\"\" data-start=\"4928\" data-end=\"4970\">7. <strong data-start=\"4935\" data-end=\"4970\">Headway Broker'\u0131n Art\u0131lar\u0131 ve Eksileri<\/strong><\/h3><h4 class=\"\" data-start=\"4972\" data-end=\"4982\">Art\u0131lar:<\/h4><ul data-start=\"4983\" data-end=\"5324\"><li class=\"\" data-start=\"4983\" data-end=\"5060\"><p class=\"\" data-start=\"4985\" data-end=\"5060\">MT4, MT5 ve web tabanl\u0131 se\u00e7enekler dahil olmak \u00fczere \u00e7ok \u00e7e\u015fitli ticaret platformlar\u0131.<\/p><\/li><li class=\"\" data-start=\"5061\" data-end=\"5127\"><p class=\"\" data-start=\"5063\" data-end=\"5127\">belirli hesaplarda rekabet\u00e7i spreadler ve d\u00fc\u015f\u00fck komisyon \u00fccretleri.<\/p><\/li><li class=\"\" data-start=\"5128\" data-end=\"5181\"><p class=\"\" data-start=\"5130\" data-end=\"5181\">Daha deneyimli t\u00fcccarlar i\u00e7in y\u00fcksek kald\u0131ra\u00e7 se\u00e7enekleri.<\/p><\/li><li class=\"\" data-start=\"5182\" data-end=\"5227\"><p class=\"\" data-start=\"5184\" data-end=\"5227\">M\u00fckemmel m\u00fc\u015fteri deste\u011fi, 7\/24 mevcuttur.<\/p><\/li><li class=\"\" data-start=\"5228\" data-end=\"5270\"><p class=\"\" data-start=\"5230\" data-end=\"5270\">\u00c7o\u011fu \u00f6deme y\u00f6nteminde depozito \u00fccreti yok.<\/p><\/li><li class=\"\" data-start=\"5271\" data-end=\"5324\"><p class=\"\" data-start=\"5273\" data-end=\"5324\">Mevzuata uygunluk ve g\u00fc\u00e7l\u00fc g\u00fcvenlik \u00f6zellikleri.<\/p><\/li><\/ul><h4 class=\"\" data-start=\"5326\" data-end=\"5336\">Eksileri:<\/h4><ul data-start=\"5337\" data-end=\"5523\"><li class=\"\" data-start=\"5337\" data-end=\"5383\"><p class=\"\" data-start=\"5339\" data-end=\"5383\">Geli\u015fmi\u015f t\u00fcccarlar i\u00e7in s\u0131n\u0131rl\u0131 ara\u015ft\u0131rma ara\u00e7lar\u0131.<\/p><\/li><li class=\"\" data-start=\"5384\" data-end=\"5436\"><p class=\"\" data-start=\"5386\" data-end=\"5436\">Y\u00f6nteme ba\u011fl\u0131 olarak para \u00e7ekme \u00fccretleri uygulanabilir.<\/p><\/li><li class=\"\" data-start=\"5437\" data-end=\"5523\"><p class=\"\" data-start=\"5439\" data-end=\"5523\">Broker\u0131n e\u011fitim kaynaklar\u0131, yeni ba\u015flayan t\u00fcccarlar i\u00e7in daha kapsaml\u0131 olabilir.<\/p><\/li><\/ul><h3 class=\"\" data-start=\"5525\" data-end=\"5596\">8. <strong data-start=\"5532\" data-end=\"5596\">Nihai Karar: 2025'te Headway Broker ile Ticaret Yapmal\u0131 m\u0131s\u0131n\u0131z?<\/strong><\/h3><p class=\"\" data-start=\"5598\" data-end=\"5938\">Headway Broker, 2025'te, \u00f6zellikle \u00e7e\u015fitli hesap t\u00fcrleri, rekabet\u00e7i spreadler ve y\u00fcksek kaliteli m\u00fc\u015fteri deste\u011fi ile g\u00fcvenilir ve g\u00fcvenli bir platform arayanlar i\u00e7in m\u00fckemmel bir se\u00e7enektir. \u0130ster acemi ister ileri d\u00fczey bir t\u00fcccar olun, Headway finansal piyasalarda ba\u015far\u0131l\u0131 olmak i\u00e7in ihtiya\u00e7 duydu\u011funuz ara\u00e7lar\u0131 ve hizmetleri sa\u011flar.<\/p><p class=\"\" data-start=\"5940\" data-end=\"6222\">Esneklik, \u015feffafl\u0131k ve g\u00fcvenlik sunarak, Headway, \u00e7evrimi\u00e7i ticaret d\u00fcnyas\u0131nda kendisini g\u00fcvenilir bir se\u00e7im olarak konumland\u0131r\u0131r. Ancak, herhangi bir brokerde oldu\u011fu gibi, gerekli \u00f6zeni g\u00f6stermeniz ve platformun ticaret hedefleriniz ve risk tolerans\u0131 ile uyumlu olmas\u0131n\u0131 sa\u011flaman\u0131z \u00f6nemlidir.<\/p><p class=\"\" data-start=\"6224\" data-end=\"6308\"><strong data-start=\"6224\" data-end=\"6308\">Headway Broker ile bug\u00fcn ticarete ba\u015flay\u0131n ve ticaretinizi bir sonraki seviyeye ta\u015f\u0131y\u0131n!<\/strong><\/p>\t\t\t\t\t\t\t\t<\/div>\n\t\t\t\t<\/div>\n\t\t\t\t\t<\/div>\n\t\t<\/div>\n\t\t\t\t\t<\/div>\n\t\t<\/section>\n\t\t\t\t<\/div>","protected":false},"excerpt":{"rendered":"<p>Are you considering trading with Headway broker in 2025? This detailed review will provide all the necessary insights into Headway&#8217;s [&hellip;]<\/p>\n","protected":false},"author":1,"featured_media":0,"parent":0,"menu_order":0,"comment_status":"closed","ping_status":"closed","template":"","meta":{"site-sidebar-layout":"default","site-content-layout":"","ast-site-content-layout":"default","site-content-style":"default","site-sidebar-style":"default","ast-global-header-display":"","ast-banner-title-visibility":"","ast-main-header-display":"","ast-hfb-above-header-display":"","ast-hfb-below-header-display":"","ast-hfb-mobile-header-display":"","site-post-title":"","ast-breadcrumbs-content":"","ast-featured-img":"","footer-sml-layout":"","ast-disable-related-posts":"","theme-transparent-header-meta":"","adv-header-id-meta":"","stick-header-meta":"","header-above-stick-meta":"","header-main-stick-meta":"","header-below-stick-meta":"","astra-migrate-meta-layouts":"default","ast-page-background-enabled":"default","ast-page-background-meta":{"desktop":{"background-color":"var(--ast-global-color-5)","background-image":"","background-repeat":"repeat","background-position":"center center","background-size":"auto","background-attachment":"scroll","background-type":"","background-media":"","overlay-type":"","overlay-color":"","overlay-opacity":"","overlay-gradient":""},"tablet":{"background-color":"","background-image":"","background-repeat":"repeat","background-position":"center center","background-size":"auto","background-attachment":"scroll","background-type":"","background-media":"","overlay-type":"","overlay-color":"","overlay-opacity":"","overlay-gradient":""},"mobile":{"background-color":"","background-image":"","background-repeat":"repeat","background-position":"center center","background-size":"auto","background-attachment":"scroll","background-type":"","background-media":"","overlay-type":"","overlay-color":"","overlay-opacity":"","overlay-gradient":""}},"ast-content-background-meta":{"desktop":{"background-color":"var(--ast-global-color-4)","background-image":"","background-repeat":"repeat","background-position":"center center","background-size":"auto","background-attachment":"scroll","background-type":"","background-media":"","overlay-type":"","overlay-color":"","overlay-opacity":"","overlay-gradient":""},"tablet":{"background-color":"var(--ast-global-color-4)","background-image":"","background-repeat":"repeat","background-position":"center center","background-size":"auto","background-attachment":"scroll","background-type":"","background-media":"","overlay-type":"","overlay-color":"","overlay-opacity":"","overlay-gradient":""},"mobile":{"background-color":"var(--ast-global-color-4)","background-image":"","background-repeat":"repeat","background-position":"center center","background-size":"auto","background-attachment":"scroll","background-type":"","background-media":"","overlay-type":"","overlay-color":"","overlay-opacity":"","overlay-gradient":""}},"footnotes":""},"class_list":["post-537","page","type-page","status-publish","hentry"],"_links":{"self":[{"href":"https:\/\/headwaybrokers.com\/tr\/wp-json\/wp\/v2\/pages\/537","targetHints":{"allow":["GET"]}}],"collection":[{"href":"https:\/\/headwaybrokers.com\/tr\/wp-json\/wp\/v2\/pages"}],"about":[{"href":"https:\/\/headwaybrokers.com\/tr\/wp-json\/wp\/v2\/types\/page"}],"author":[{"embeddable":true,"href":"https:\/\/headwaybrokers.com\/tr\/wp-json\/wp\/v2\/users\/1"}],"replies":[{"embeddable":true,"href":"https:\/\/headwaybrokers.com\/tr\/wp-json\/wp\/v2\/comments?post=537"}],"version-history":[{"count":7,"href":"https:\/\/headwaybrokers.com\/tr\/wp-json\/wp\/v2\/pages\/537\/revisions"}],"predecessor-version":[{"id":1120,"href":"https:\/\/headwaybrokers.com\/tr\/wp-json\/wp\/v2\/pages\/537\/revisions\/1120"}],"wp:attachment":[{"href":"https:\/\/headwaybrokers.com\/tr\/wp-json\/wp\/v2\/media?parent=537"}],"curies":[{"name":"wp","href":"https:\/\/api.w.org\/{rel}","templated":true}]}}