{"id":565,"date":"2025-06-04T18:35:47","date_gmt":"2025-06-04T18:35:47","guid":{"rendered":"https:\/\/headwaybrokers.com\/?page_id=565"},"modified":"2025-06-04T18:37:51","modified_gmt":"2025-06-04T18:37:51","slug":"headway-trading-karli-ticaret-stratejileri-icin-kapsamli-bir-kilavuz","status":"publish","type":"page","link":"https:\/\/headwaybrokers.com\/tr\/headway-trading-a-comprehensive-guide-to-profitable-trading-strategies\/","title":{"rendered":"Headway Trading: Karl\u0131 Ticaret Stratejileri \u0130\u00e7in Kapsaml\u0131 Bir K\u0131lavuz"},"content":{"rendered":"<div data-elementor-type=\"wp-page\" data-elementor-id=\"565\" class=\"elementor elementor-565\" data-elementor-post-type=\"page\">\n\t\t\t\t\t\t<section class=\"elementor-section elementor-top-section elementor-element elementor-element-80e8e6a elementor-section-boxed elementor-section-height-default elementor-section-height-default jltma-glass-effect-no\" data-id=\"80e8e6a\" data-element_type=\"section\" data-e-type=\"section\">\n\t\t\t\t\t\t<div class=\"elementor-container elementor-column-gap-default\">\n\t\t\t\t\t<div class=\"elementor-column elementor-col-100 elementor-top-column elementor-element elementor-element-9fc714f jltma-glass-effect-no\" data-id=\"9fc714f\" data-element_type=\"column\" data-e-type=\"column\">\n\t\t\t<div class=\"elementor-widget-wrap elementor-element-populated\">\n\t\t\t\t\t\t<div class=\"elementor-element elementor-element-3fc9773 jltma-glass-effect-no elementor-widget elementor-widget-text-editor\" data-id=\"3fc9773\" data-element_type=\"widget\" data-e-type=\"widget\" data-widget_type=\"text-editor.default\">\n\t\t\t\t<div class=\"elementor-widget-container\">\n\t\t\t\t\t\t\t\t\t<p data-start=\"586\" data-end=\"949\">Headway Trading, rekabet avantaj\u0131 elde etmek i\u00e7in geli\u015fmi\u015f stratejileri, etkin risk y\u00f6netimini ve teknoloji kullan\u0131m\u0131n\u0131 birle\u015ftirerek finansal piyasalarda ticaret yapmak i\u00e7in geli\u015fen bir yakla\u015f\u0131md\u0131r. \u0130ster acemi ister deneyimli bir t\u00fcccar olun, ilerleme ticaretinin n\u00fcanslar\u0131n\u0131 anlamak, karma\u015f\u0131k piyasa ko\u015fullar\u0131nda daha fazla g\u00fcven ve ba\u015far\u0131 ile gezinmenize yard\u0131mc\u0131 olabilir.<\/p><p data-start=\"951\" data-end=\"1192\">Bu k\u0131lavuzda, Headway Trading'in ne oldu\u011funu, nas\u0131l \u00e7al\u0131\u015ft\u0131\u011f\u0131n\u0131, faydalar\u0131n\u0131 ve bu stratejiyi ticaret rutininize nas\u0131l uygulayabilece\u011finizi ke\u015ffedece\u011fiz. Ticaret d\u00fcnyas\u0131na dalal\u0131m ve Headway Trading'in nas\u0131l bir oyun de\u011fi\u015ftirici olabilece\u011fini ke\u015ffedelim.<\/p><hr data-start=\"1194\" data-end=\"1197\" \/><h3 data-start=\"1199\" data-end=\"1227\">ihra\u00e7 ticareti nedir?<\/h3><p data-start=\"1229\" data-end=\"1566\"><a href=\"https:\/\/headwaybrokers.com\/tr\/\"><strong data-start=\"1229\" data-end=\"1248\">pe\u015fin para ticareti<\/strong><\/a> Hem k\u0131sa hem de uzun vadeli hareketlere odaklanarak, t\u00fcccarlar taraf\u0131ndan finansal piyasalardaki f\u0131rsatlar\u0131 belirlemek i\u00e7in kullan\u0131lan stratejik bir yakla\u015f\u0131ma at\u0131fta bulunur. Bu y\u00f6ntem, piyasa verimsizliklerinden ve fiyat hareketlerini tahmin etmek i\u00e7in teknik analiz, temel analiz ve trendi takip eden stratejileri birle\u015ftirir.<\/p><p data-start=\"1568\" data-end=\"1865\">Geleneksel ticaret y\u00f6ntemlerinden farkl\u0131 olarak, ileriye d\u00f6n\u00fck ticaret, piyasa trendlerini anlamay\u0131 ve \u00e7e\u015fitli piyasa ko\u015fullar\u0131na uyum sa\u011flayan esnek bir ticaret stratejisi benimsemeyi vurgular. Ama\u00e7, ger\u00e7ek zamanl\u0131 verilere ve karma\u015f\u0131k ara\u00e7lara dayal\u0131 olarak bilin\u00e7li kararlar vermek, t\u00fcccarlar\u0131n kararl\u0131 bir \u015fekilde hareket etmelerini sa\u011flamakt\u0131r.<\/p><hr data-start=\"1867\" data-end=\"1870\" \/><h3 data-start=\"1872\" data-end=\"1906\">Headway Trading nas\u0131l \u00e7al\u0131\u015f\u0131r?<\/h3><p data-start=\"1908\" data-end=\"2037\">\u0130leri ticaret, onu daha geleneksel ticaret stratejilerinden ay\u0131ran birka\u00e7 \u00f6nemli unsur i\u00e7erir. \u0130\u015fte nas\u0131l \u00e7al\u0131\u015f\u0131r:<\/p><ol data-start=\"2039\" data-end=\"3162\"><li data-start=\"2039\" data-end=\"2345\"><p data-start=\"2042\" data-end=\"2345\"><strong data-start=\"2042\" data-end=\"2061\">pazar analizi<\/strong>: Headway y\u00f6ntemini kullanan t\u00fcccarlar genellikle hem makroekonomik fakt\u00f6rlerin (faiz oranlar\u0131 ve k\u00fcresel haberler gibi) hem de mikro d\u00fczeydeki piyasa verilerinin (fiyat hareketi, grafikler ve piyasa duyarl\u0131l\u0131\u011f\u0131 gibi) kapsaml\u0131 bir analiziyle ba\u015flar. Bu ikili yakla\u015f\u0131m, temel e\u011filimleri ve giri\u015f noktalar\u0131n\u0131 belirlemeye yard\u0131mc\u0131 olur.<\/p><\/li><li data-start=\"2347\" data-end=\"2574\"><p data-start=\"2350\" data-end=\"2574\"><strong data-start=\"2350\" data-end=\"2369\">risk y\u00f6netimi<\/strong>: Headway Trading'in ana \u00f6zelliklerinden biri, risk y\u00f6netimine yapt\u0131\u011f\u0131 vurgudur. T\u00fcccarlar, kay\u0131plar\u0131 en aza indirmek ve kazan\u00e7lar\u0131 korumak i\u00e7in zarar stop-loss emirleri, k\u00e2r alma d\u00fczeyleri ve di\u011fer risk azaltma tekniklerini kullan\u0131r.<\/p><\/li><li data-start=\"2576\" data-end=\"2859\"><p data-start=\"2579\" data-end=\"2859\"><strong data-start=\"2579\" data-end=\"2603\">Ara\u00e7lar ve teknoloji<\/strong>: Otomatik ticaret sistemleri, ticaret botlar\u0131 ve sofistike grafik platformlar\u0131 gibi en son teknolojinin kullan\u0131m\u0131, ilerleme ticaretinde yayg\u0131nd\u0131r. Bu ara\u00e7lar, t\u00fcccarlar\u0131n en uygun zamanlarda i\u015flem yapmalar\u0131na ve portf\u00f6ylerini etkin bir \u015fekilde y\u00f6netmelerine yard\u0131mc\u0131 olur.<\/p><\/li><li data-start=\"2861\" data-end=\"3162\"><p data-start=\"2864\" data-end=\"3162\"><strong data-start=\"2864\" data-end=\"2897\">Piyasa ko\u015fullar\u0131na uyum sa\u011flamak<\/strong>: Headway Traders, de\u011fi\u015fen piyasa ko\u015fullar\u0131na g\u00f6re stratejilerini ayarlama konusunda ustad\u0131r. \u00d6rne\u011fin, son derece de\u011fi\u015fken piyasalarda, istikrarl\u0131 veya trend olan piyasalarda daha muhafazakar stratejiler kullanabilirler, karlar\u0131 maksimize etmek i\u00e7in daha fazla risk alabilirler.<\/p><\/li><\/ol><hr data-start=\"3164\" data-end=\"3167\" \/><h3 data-start=\"3169\" data-end=\"3204\">\u0130hti\u015fam ticaretinin faydalar\u0131<\/h3><p data-start=\"3206\" data-end=\"3310\">Headway Trading, di\u011fer ticaret y\u00f6ntemlerine g\u00f6re \u00e7e\u015fitli avantajlar sunar. \u0130\u015fte \u00f6nemli avantajlardan baz\u0131lar\u0131:<\/p><ul data-start=\"3312\" data-end=\"3951\"><li data-start=\"3312\" data-end=\"3486\"><p data-start=\"3314\" data-end=\"3486\"><strong data-start=\"3314\" data-end=\"3342\">\u0130yile\u015ftirilmi\u015f karar verme<\/strong>: T\u00fcccarlar teknik ve temel analizin bir kombinasyonunu kullanarak daha bilin\u00e7li kararlar verebilir ve ba\u015far\u0131 olas\u0131l\u0131\u011f\u0131n\u0131 art\u0131rabilirler.<\/p><\/li><li data-start=\"3490\" data-end=\"3627\"><p data-start=\"3492\" data-end=\"3627\"><strong data-start=\"3492\" data-end=\"3508\">uygun olma<\/strong>: Strateji, farkl\u0131 piyasa ko\u015fullar\u0131na uygulanabilir, bu da onu hem y\u00fckseli\u015f hem de d\u00fc\u015f\u00fc\u015f e\u011filimi pazarlar\u0131 i\u00e7in \u00e7ok y\u00f6nl\u00fc hale getirir.<\/p><\/li><li data-start=\"3629\" data-end=\"3786\"><p data-start=\"3631\" data-end=\"3786\"><strong data-start=\"3631\" data-end=\"3647\">azalt\u0131lm\u0131\u015f risk<\/strong>: Risk y\u00f6netimine g\u00fc\u00e7l\u00fc bir \u015fekilde odaklanan Headway Trading, net zarar stop-loss ve k\u00e2r al-kazan\u00e7lar\u0131 belirleyerek potansiyel kay\u0131plar\u0131 azaltmaya yard\u0131mc\u0131 olur.<\/p><\/li><li data-start=\"3788\" data-end=\"3951\"><p data-start=\"3790\" data-end=\"3951\"><strong data-start=\"3790\" data-end=\"3819\">Artan kar potansiyeli<\/strong>: Do\u011fru ara\u00e7lar ve stratejilerle, ilerleme t\u00fcccarlar\u0131 k\u00fc\u00e7\u00fck piyasa hareketlerinden yararlanabilir ve tutarl\u0131 karlar elde edebilir.<\/p><\/li><\/ul><hr data-start=\"3953\" data-end=\"3956\" \/><h3 data-start=\"3958\" data-end=\"3988\">\u0130leri Ticaret Stratejileri<\/h3><p data-start=\"3990\" data-end=\"4113\">Yat\u0131r\u0131mc\u0131lar\u0131n Headway Trading Metodu alt\u0131nda uygulad\u0131klar\u0131 birka\u00e7 strateji vard\u0131r. A\u015fa\u011f\u0131da en pop\u00fcler olanlardan baz\u0131lar\u0131:<\/p><h4 data-start=\"4115\" data-end=\"4151\">1. <strong data-start=\"4123\" data-end=\"4151\">Trend takip stratejisi<\/strong><\/h4><ul data-start=\"4155\" data-end=\"4358\"><li data-start=\"4155\" data-end=\"4358\"><p data-start=\"4157\" data-end=\"4358\">Bu strateji, uzun vadeli e\u011filimleri belirlemeyi ve ticaretleri bu e\u011filimler do\u011frultusunda konumland\u0131rmay\u0131 i\u00e7erir. Piyasan\u0131n do\u011fal ak\u0131\u015f\u0131n\u0131 takip ederek, t\u00fcccarlar s\u00fcrd\u00fcr\u00fclebilir fiyat hareketlerinden yararlanabilirler.<\/p><\/li><\/ul><h4 data-start=\"4360\" data-end=\"4385\">2. <strong data-start=\"4368\" data-end=\"4385\">sal\u0131n\u0131m ticareti<\/strong><\/h4><ul data-start=\"4389\" data-end=\"4644\"><li data-start=\"4389\" data-end=\"4644\"><p data-start=\"4391\" data-end=\"4644\">Swing t\u00fcccarlar\u0131, bir trend i\u00e7inde fiyat dalgalanmalar\u0131n\u0131 yakalamaya \u00e7al\u0131\u015f\u0131yor. Bu y\u00f6ntem, piyasalar\u0131 s\u00fcrekli olarak izlemek i\u00e7in zamana sahip olmayan t\u00fcccarlar i\u00e7in idealdir. Swing t\u00fcccarlar\u0131, orta vadeli trendlerden yararlanmak i\u00e7in tipik olarak birka\u00e7 g\u00fcn veya hafta boyunca pozisyon al\u0131rlar.<\/p><\/li><\/ul><h4 data-start=\"4646\" data-end=\"4666\">3. <strong data-start=\"4654\" data-end=\"4666\">deride birle\u015fme<\/strong><\/h4><ul data-start=\"4670\" data-end=\"4857\"><li data-start=\"4670\" data-end=\"4857\"><p data-start=\"4672\" data-end=\"4857\">Scalping, k\u00fc\u00e7\u00fck fiyat hareketlerini yakalamak i\u00e7in bir\u00e7ok k\u00fc\u00e7\u00fck i\u015flem yapmay\u0131 i\u00e7eren y\u00fcksek frekansl\u0131 bir ticaret stratejisidir. Detaylara \u00e7ok dikkat ve h\u0131zl\u0131 karar verme gerektirir.<\/p><\/li><\/ul><h4 data-start=\"4859\" data-end=\"4884\">4. <strong data-start=\"4867\" data-end=\"4884\">menzil ticareti<\/strong><\/h4><ul data-start=\"4888\" data-end=\"5105\"><li data-start=\"4888\" data-end=\"5105\"><p data-start=\"4890\" data-end=\"5105\">Menzil ticareti, bir varl\u0131\u011f\u0131n iki seviye aras\u0131nda i\u015flem g\u00f6rmesi beklenen fiyat aral\u0131klar\u0131n\u0131n belirlenmesini i\u00e7erir. T\u00fcccarlar destek seviyesinde sat\u0131n al\u0131r ve diren\u00e7li olarak satar, bu \u00f6ng\u00f6r\u00fclebilir fiyat hareketlerinden kar elde eder.<\/p><\/li><\/ul><hr data-start=\"5107\" data-end=\"5110\" \/><h3 data-start=\"5112\" data-end=\"5141\">\u0130htiya\u00e7 i\u00e7in ara\u00e7lar<\/h3><p data-start=\"5143\" data-end=\"5309\">\u0130hti\u015fam ticaretinde ba\u015far\u0131l\u0131 olmak i\u00e7in t\u00fcccarlar, karar verme s\u00fcre\u00e7lerini geli\u015ftirmek i\u00e7in tasarlanm\u0131\u015f \u00e7e\u015fitli ara\u00e7lar ve platformlar kullan\u0131rlar. En pop\u00fcler ara\u00e7lardan baz\u0131lar\u0131 \u015funlard\u0131r:<\/p><ul data-start=\"5311\" data-end=\"5976\"><li data-start=\"5311\" data-end=\"5463\"><p data-start=\"5313\" data-end=\"5463\"><strong data-start=\"5313\" data-end=\"5331\">MetaTrader 4\/5<\/strong>: Geli\u015fmi\u015f grafik ara\u00e7lar\u0131, teknik g\u00f6stergeler ve otomatik ticaret yetenekleri sunan en yayg\u0131n kullan\u0131lan platformlardan biri.<\/p><\/li><li data-start=\"5467\" data-end=\"5600\"><p data-start=\"5469\" data-end=\"5600\"><strong data-start=\"5469\" data-end=\"5484\">T\u0130CARET G<\/strong>: Ger\u00e7ek zamanl\u0131 veriler ve sa\u011flam bir grafik \u00f6zellikleri seti sunan teknik analiz i\u00e7in pop\u00fcler bir grafik platformu.<\/p><\/li><li data-start=\"5602\" data-end=\"5807\"><p data-start=\"5604\" data-end=\"5807\"><strong data-start=\"5604\" data-end=\"5625\">Algo-Ticaret Botlar\u0131<\/strong>: \u0130\u015flemleri \u00f6nceden tan\u0131mlanm\u0131\u015f kurallara g\u00f6re y\u00fcr\u00fcten otomatik ticaret botlar\u0131, t\u00fcccarlar\u0131n piyasalar\u0131 aktif olarak izlemeseler bile pazar f\u0131rsatlar\u0131ndan yararlanmalar\u0131na yard\u0131mc\u0131 olur.<\/p><\/li><li data-start=\"5809\" data-end=\"5976\"><p data-start=\"5811\" data-end=\"5976\"><strong data-start=\"5811\" data-end=\"5833\">Ekonomik Takvimler<\/strong>: Bunlar, piyasalar\u0131 etkileyebilecek ekonomik olaylar ve haber b\u00fcltenleri hakk\u0131nda \u00f6nemli veriler sa\u011flayarak t\u00fcccarlar\u0131n i\u015flemlerini buna g\u00f6re planlamalar\u0131na yard\u0131mc\u0131 olur.<\/p><\/li><\/ul><hr data-start=\"5978\" data-end=\"5981\" \/><h3 data-start=\"5983\" data-end=\"6021\">Yol ticaretinde risk y\u00f6netimi<\/h3><p data-start=\"6023\" data-end=\"6159\">Etkili risk y\u00f6netimi, \u00f6zellikle ileri ticaret stratejisini uygularken, herhangi bir t\u00fcccar i\u00e7in \u00e7ok \u00f6nemlidir. Baz\u0131 \u00f6nemli teknikler \u015funlar\u0131 i\u00e7erir:<\/p><ul data-start=\"6161\" data-end=\"6776\"><li data-start=\"6161\" data-end=\"6312\"><p data-start=\"6163\" data-end=\"6312\"><strong data-start=\"6163\" data-end=\"6182\">Pozisyon Boyutland\u0131rma<\/strong>: Ticaret ba\u015f\u0131na tahsis edilecek do\u011fru sermaye miktar\u0131n\u0131 belirlemek, riski kontrol etmek ve hesap bakiyenizi korumak i\u00e7in hayati \u00f6nem ta\u015f\u0131r.<\/p><\/li><li data-start=\"6314\" data-end=\"6450\"><p data-start=\"6316\" data-end=\"6450\"><strong data-start=\"6316\" data-end=\"6336\">S\u0131\u011f\u0131nma Emirleri<\/strong>: Bu sipari\u015fler, belirli bir fiyat seviyesine ula\u015f\u0131ld\u0131\u011f\u0131nda pozisyonunuzu otomatik olarak kapat\u0131r ve daha fazla kay\u0131p \u00f6nlenir.<\/p><\/li><li data-start=\"6452\" data-end=\"6578\"><p data-start=\"6454\" data-end=\"6578\"><strong data-start=\"6454\" data-end=\"6476\">Kar Al Emirleri<\/strong>: Stop-loss emirleri gibi, bir i\u015flem belirli bir fiyat seviyesine ula\u015ft\u0131\u011f\u0131nda k\u00e2r elde etme emirleri k\u00e2rlar\u0131 kilitler.<\/p><\/li><li data-start=\"6580\" data-end=\"6776\"><p data-start=\"6582\" data-end=\"6776\"><strong data-start=\"6582\" data-end=\"6606\">Risk-\u00d6d\u00fcl Oran\u0131<\/strong>: Ticarette ortak bir kural, 1:2 veya daha y\u00fcksek bir risk-\u00f6d\u00fcl oran\u0131 hedeflemektir, yani her i\u015flemde riske atmaya haz\u0131r oldu\u011funuz miktar\u0131n iki kat\u0131n\u0131 yapmay\u0131 hedeflersiniz.<\/p><\/li><\/ul><hr data-start=\"6778\" data-end=\"6781\" \/><h3 data-start=\"6783\" data-end=\"6832\">Sonu\u00e7: Headway Trading sizin i\u00e7in uygun mu?<\/h3><p data-start=\"6834\" data-end=\"7135\">Headway Trading, piyasalara yap\u0131land\u0131r\u0131lm\u0131\u015f ve uyarlanabilir bir yakla\u015f\u0131m sunarak, onu t\u00fcm deneyim seviyelerindeki t\u00fcccarlar i\u00e7in m\u00fckemmel bir se\u00e7enek haline getirir. Risk y\u00f6netimine, trend analizine ve geli\u015fmi\u015f ara\u00e7lar\u0131n kullan\u0131m\u0131na odaklanan bu strateji, riski azalt\u0131rken kar elde etmenin g\u00fc\u00e7l\u00fc bir yolu olabilir.<\/p><p data-start=\"7137\" data-end=\"7424\">Bununla birlikte, herhangi bir ticaret stratejisi gibi, ilerleme ticaretindeki ba\u015far\u0131, piyasay\u0131 analiz etme, disiplinli bir ticaret plan\u0131 geli\u015ftirme ve riski etkin bir \u015fekilde y\u00f6netme yetene\u011finize ba\u011fl\u0131d\u0131r. Ticarette yeniyseniz, bir demo hesab\u0131yla ba\u015flamay\u0131 ve ger\u00e7ek sermaye ile i\u015flem yapmadan \u00f6nce pratik yapmay\u0131 d\u00fc\u015f\u00fcn\u00fcn.<\/p><hr data-start=\"7426\" data-end=\"7429\" \/><h3 data-start=\"7431\" data-end=\"7439\">SSS<\/h3><p data-start=\"7441\" data-end=\"7490\"><strong data-start=\"7441\" data-end=\"7490\">1. Headway Trading yeni ba\u015flayanlar i\u00e7in uygun mu?<\/strong><\/p><p data-start=\"7492\" data-end=\"7685\">Evet, pazar analizini, risk y\u00f6netimini ve ticaret ara\u00e7lar\u0131n\u0131 \u00f6\u011frenmek ve anlamak i\u00e7in zaman ay\u0131r\u0131rsan\u0131z, ilerlemeye yeni ba\u015flayanlar i\u00e7in uygun olabilir. Bir demo hesab\u0131yla ba\u015flamak iyi bir fikirdir.<\/p><p data-start=\"7687\" data-end=\"7742\"><strong data-start=\"7687\" data-end=\"7742\">2. \u0130leride ticaret i\u00e7in en iyi zaman dilimi nedir?<\/strong><\/p><p data-start=\"7744\" data-end=\"7904\">En iyi zaman dilimi, se\u00e7ti\u011finiz stratejiye ba\u011fl\u0131d\u0131r. \u00d6rne\u011fin, scalpers daha k\u0131sa zaman dilimleri kullan\u0131rken, trend takip\u00e7ileri g\u00fcnl\u00fck veya haftal\u0131k grafiklerde i\u015flem yapabilir.<\/p><p data-start=\"7906\" data-end=\"7959\"><strong data-start=\"7906\" data-end=\"7959\">3. Forex veya hisse senetleri i\u00e7in ileri ticaret kullanabilir miyim?<\/strong><\/p><p data-start=\"7961\" data-end=\"8069\">Evet, Forex, hisse senetleri ve emtialar dahil olmak \u00fczere \u00e7e\u015fitli pazarlara ilerleme ticareti stratejileri uygulanabilir.<\/p><p data-start=\"8071\" data-end=\"8116\"><strong data-start=\"8071\" data-end=\"8116\">4. \u0130htiya\u00e7 ticaretinin riskleri nelerdir?<\/strong><\/p><p data-start=\"8118\" data-end=\"8272\">Ana risk piyasa oynakl\u0131\u011f\u0131d\u0131r, ancak zarara u\u011frama emirleri ve uygun pozisyon boyutland\u0131rma gibi etkili risk y\u00f6netimi ile bu riskler en aza indirilebilir.<\/p><hr data-start=\"8274\" data-end=\"8277\" \/><p data-start=\"8279\" data-end=\"8476\">\u0130leride ticaretin ilkelerini ve stratejilerini uygulayarak, potansiyel olarak ticaret performans\u0131n\u0131z\u0131 art\u0131rabilir ve finansal piyasalar\u0131n dinamik d\u00fcnyas\u0131nda daha tutarl\u0131 karlar elde edebilirsiniz.<\/p><hr data-start=\"8478\" data-end=\"8481\" \/><h3 data-start=\"8483\" data-end=\"8498\">Anahtar Kelimeler:<\/h3><ul data-start=\"8499\" data-end=\"8700\"><li data-start=\"8499\" data-end=\"8518\"><p data-start=\"8501\" data-end=\"8518\">pe\u015fin para ticareti<\/p><\/li><li data-start=\"8519\" data-end=\"8541\"><p data-start=\"8521\" data-end=\"8541\">Ticaret Stratejileri<\/p><\/li><li data-start=\"8542\" data-end=\"8559\"><p data-start=\"8544\" data-end=\"8559\">forex ticareti<\/p><\/li><li data-start=\"8560\" data-end=\"8579\"><p data-start=\"8562\" data-end=\"8579\">risk y\u00f6netimi<\/p><\/li><li data-start=\"8580\" data-end=\"8597\"><p data-start=\"8582\" data-end=\"8597\">Ticaret Ara\u00e7lar\u0131<\/p><\/li><li data-start=\"8598\" data-end=\"8626\"><p data-start=\"8600\" data-end=\"8626\">Trend takip stratejisi<\/p><\/li><li data-start=\"8627\" data-end=\"8644\"><p data-start=\"8629\" data-end=\"8644\">sal\u0131n\u0131m ticareti<\/p><\/li><li data-start=\"8645\" data-end=\"8657\"><p data-start=\"8647\" data-end=\"8657\">deride birle\u015fme<\/p><\/li><li data-start=\"8658\" data-end=\"8678\"><p data-start=\"8660\" data-end=\"8678\">ticaret platformu<\/p><\/li><li data-start=\"8679\" data-end=\"8700\"><p data-start=\"8681\" data-end=\"8700\">Finans Piyasalar\u0131<\/p><\/li><\/ul>\t\t\t\t\t\t\t\t<\/div>\n\t\t\t\t<\/div>\n\t\t\t\t\t<\/div>\n\t\t<\/div>\n\t\t\t\t\t<\/div>\n\t\t<\/section>\n\t\t\t\t<\/div>","protected":false},"excerpt":{"rendered":"<p>Headway Trading is an evolving approach to trading in financial markets, combining advanced strategies, effective risk management, and the use [&hellip;]<\/p>\n","protected":false},"author":1,"featured_media":0,"parent":0,"menu_order":0,"comment_status":"closed","ping_status":"closed","template":"","meta":{"site-sidebar-layout":"default","site-content-layout":"","ast-site-content-layout":"default","site-content-style":"default","site-sidebar-style":"default","ast-global-header-display":"","ast-banner-title-visibility":"","ast-main-header-display":"","ast-hfb-above-header-display":"","ast-hfb-below-header-display":"","ast-hfb-mobile-header-display":"","site-post-title":"","ast-breadcrumbs-content":"","ast-featured-img":"","footer-sml-layout":"","ast-disable-related-posts":"","theme-transparent-header-meta":"","adv-header-id-meta":"","stick-header-meta":"","header-above-stick-meta":"","header-main-stick-meta":"","header-below-stick-meta":"","astra-migrate-meta-layouts":"default","ast-page-background-enabled":"default","ast-page-background-meta":{"desktop":{"background-color":"var(--ast-global-color-5)","background-image":"","background-repeat":"repeat","background-position":"center center","background-size":"auto","background-attachment":"scroll","background-type":"","background-media":"","overlay-type":"","overlay-color":"","overlay-opacity":"","overlay-gradient":""},"tablet":{"background-color":"","background-image":"","background-repeat":"repeat","background-position":"center center","background-size":"auto","background-attachment":"scroll","background-type":"","background-media":"","overlay-type":"","overlay-color":"","overlay-opacity":"","overlay-gradient":""},"mobile":{"background-color":"","background-image":"","background-repeat":"repeat","background-position":"center center","background-size":"auto","background-attachment":"scroll","background-type":"","background-media":"","overlay-type":"","overlay-color":"","overlay-opacity":"","overlay-gradient":""}},"ast-content-background-meta":{"desktop":{"background-color":"var(--ast-global-color-4)","background-image":"","background-repeat":"repeat","background-position":"center center","background-size":"auto","background-attachment":"scroll","background-type":"","background-media":"","overlay-type":"","overlay-color":"","overlay-opacity":"","overlay-gradient":""},"tablet":{"background-color":"var(--ast-global-color-4)","background-image":"","background-repeat":"repeat","background-position":"center center","background-size":"auto","background-attachment":"scroll","background-type":"","background-media":"","overlay-type":"","overlay-color":"","overlay-opacity":"","overlay-gradient":""},"mobile":{"background-color":"var(--ast-global-color-4)","background-image":"","background-repeat":"repeat","background-position":"center center","background-size":"auto","background-attachment":"scroll","background-type":"","background-media":"","overlay-type":"","overlay-color":"","overlay-opacity":"","overlay-gradient":""}},"footnotes":""},"class_list":["post-565","page","type-page","status-publish","hentry"],"_links":{"self":[{"href":"https:\/\/headwaybrokers.com\/tr\/wp-json\/wp\/v2\/pages\/565","targetHints":{"allow":["GET"]}}],"collection":[{"href":"https:\/\/headwaybrokers.com\/tr\/wp-json\/wp\/v2\/pages"}],"about":[{"href":"https:\/\/headwaybrokers.com\/tr\/wp-json\/wp\/v2\/types\/page"}],"author":[{"embeddable":true,"href":"https:\/\/headwaybrokers.com\/tr\/wp-json\/wp\/v2\/users\/1"}],"replies":[{"embeddable":true,"href":"https:\/\/headwaybrokers.com\/tr\/wp-json\/wp\/v2\/comments?post=565"}],"version-history":[{"count":7,"href":"https:\/\/headwaybrokers.com\/tr\/wp-json\/wp\/v2\/pages\/565\/revisions"}],"predecessor-version":[{"id":574,"href":"https:\/\/headwaybrokers.com\/tr\/wp-json\/wp\/v2\/pages\/565\/revisions\/574"}],"wp:attachment":[{"href":"https:\/\/headwaybrokers.com\/tr\/wp-json\/wp\/v2\/media?parent=565"}],"curies":[{"name":"wp","href":"https:\/\/api.w.org\/{rel}","templated":true}]}}