{"id":737,"date":"2025-08-08T09:04:06","date_gmt":"2025-08-08T09:04:06","guid":{"rendered":"https:\/\/headwaybrokers.com\/?page_id=737"},"modified":"2025-10-16T11:13:07","modified_gmt":"2025-10-16T11:13:07","slug":"headway-broker-hakkinda","status":"publish","type":"page","link":"https:\/\/headwaybrokers.com\/tr\/about-headway-broker\/","title":{"rendered":"Headway Broker Hakk\u0131nda - Ticarete ba\u015flamadan \u00f6nce bilmeniz gereken her \u015fey"},"content":{"rendered":"<div data-elementor-type=\"wp-page\" data-elementor-id=\"737\" class=\"elementor elementor-737\" data-elementor-post-type=\"page\">\n\t\t\t\t\t\t<section class=\"elementor-section elementor-top-section elementor-element elementor-element-f133194 elementor-section-boxed elementor-section-height-default elementor-section-height-default jltma-glass-effect-no\" data-id=\"f133194\" data-element_type=\"section\" data-e-type=\"section\">\n\t\t\t\t\t\t<div class=\"elementor-container elementor-column-gap-default\">\n\t\t\t\t\t<div class=\"elementor-column elementor-col-100 elementor-top-column elementor-element elementor-element-8799008 jltma-glass-effect-no\" data-id=\"8799008\" data-element_type=\"column\" data-e-type=\"column\">\n\t\t\t<div class=\"elementor-widget-wrap\">\n\t\t\t\t\t\t\t<\/div>\n\t\t<\/div>\n\t\t\t\t\t<\/div>\n\t\t<\/section>\n\t\t\t\t<section class=\"elementor-section elementor-top-section elementor-element elementor-element-b1e2d72 elementor-section-boxed elementor-section-height-default elementor-section-height-default jltma-glass-effect-no\" data-id=\"b1e2d72\" data-element_type=\"section\" data-e-type=\"section\">\n\t\t\t\t\t\t<div class=\"elementor-container elementor-column-gap-default\">\n\t\t\t\t\t<div class=\"elementor-column elementor-col-100 elementor-top-column elementor-element elementor-element-a1e39f6 jltma-glass-effect-no\" data-id=\"a1e39f6\" data-element_type=\"column\" data-e-type=\"column\">\n\t\t\t<div class=\"elementor-widget-wrap\">\n\t\t\t\t\t\t\t<\/div>\n\t\t<\/div>\n\t\t\t\t\t<\/div>\n\t\t<\/section>\n\t\t\t\t<section class=\"elementor-section elementor-top-section elementor-element elementor-element-73f449d elementor-section-boxed elementor-section-height-default elementor-section-height-default jltma-glass-effect-no\" data-id=\"73f449d\" data-element_type=\"section\" data-e-type=\"section\">\n\t\t\t\t\t\t<div class=\"elementor-container elementor-column-gap-default\">\n\t\t\t\t\t<div class=\"elementor-column elementor-col-100 elementor-top-column elementor-element elementor-element-071fba9 jltma-glass-effect-no\" data-id=\"071fba9\" data-element_type=\"column\" data-e-type=\"column\">\n\t\t\t<div class=\"elementor-widget-wrap elementor-element-populated\">\n\t\t\t\t\t\t<div class=\"elementor-element elementor-element-46d5149 jltma-glass-effect-no elementor-widget elementor-widget-image\" data-id=\"46d5149\" data-element_type=\"widget\" data-e-type=\"widget\" data-widget_type=\"image.default\">\n\t\t\t\t<div class=\"elementor-widget-container\">\n\t\t\t\t\t\t\t\t\t\t\t\t\t\t\t<img decoding=\"async\" width=\"204\" height=\"192\" src=\"https:\/\/headwaybrokers.com\/wp-content\/uploads\/2024\/01\/download-9.png\" class=\"attachment-large size-large wp-image-142\" alt=\"Engelliler\" \/>\t\t\t\t\t\t\t\t\t\t\t\t\t\t\t<\/div>\n\t\t\t\t<\/div>\n\t\t\t\t\t<\/div>\n\t\t<\/div>\n\t\t\t\t\t<\/div>\n\t\t<\/section>\n\t\t\t\t<section class=\"elementor-section elementor-top-section elementor-element elementor-element-9cf4ec1 elementor-section-boxed elementor-section-height-default elementor-section-height-default jltma-glass-effect-no\" data-id=\"9cf4ec1\" data-element_type=\"section\" data-e-type=\"section\">\n\t\t\t\t\t\t<div class=\"elementor-container elementor-column-gap-default\">\n\t\t\t\t\t<div class=\"elementor-column elementor-col-100 elementor-top-column elementor-element elementor-element-768b132 jltma-glass-effect-no\" data-id=\"768b132\" data-element_type=\"column\" data-e-type=\"column\">\n\t\t\t<div class=\"elementor-widget-wrap elementor-element-populated\">\n\t\t\t\t\t\t<div class=\"elementor-element elementor-element-c27cad8 jltma-glass-effect-no elementor-widget elementor-widget-heading\" data-id=\"c27cad8\" data-element_type=\"widget\" data-e-type=\"widget\" data-widget_type=\"heading.default\">\n\t\t\t\t<div class=\"elementor-widget-container\">\n\t\t\t\t\t<h1 class=\"elementor-heading-title elementor-size-default\">Headway Broker Hakk\u0131nda - Ticarete ba\u015flamadan \u00f6nce bilmeniz gereken her \u015fey<\/h1>\t\t\t\t<\/div>\n\t\t\t\t<\/div>\n\t\t\t\t\t<\/div>\n\t\t<\/div>\n\t\t\t\t\t<\/div>\n\t\t<\/section>\n\t\t\t\t<section class=\"elementor-section elementor-top-section elementor-element elementor-element-9e6c3e5 elementor-section-boxed elementor-section-height-default elementor-section-height-default jltma-glass-effect-no\" data-id=\"9e6c3e5\" data-element_type=\"section\" data-e-type=\"section\">\n\t\t\t\t\t\t<div class=\"elementor-container elementor-column-gap-default\">\n\t\t\t\t\t<div class=\"elementor-column elementor-col-100 elementor-top-column elementor-element elementor-element-17ee729 jltma-glass-effect-no\" data-id=\"17ee729\" data-element_type=\"column\" data-e-type=\"column\">\n\t\t\t<div class=\"elementor-widget-wrap elementor-element-populated\">\n\t\t\t\t\t\t<div class=\"elementor-element elementor-element-afcfc27 jltma-glass-effect-no elementor-widget elementor-widget-spacer\" data-id=\"afcfc27\" data-element_type=\"widget\" data-e-type=\"widget\" data-widget_type=\"spacer.default\">\n\t\t\t\t<div class=\"elementor-widget-container\">\n\t\t\t\t\t\t\t<div class=\"elementor-spacer\">\n\t\t\t<div class=\"elementor-spacer-inner\"><\/div>\n\t\t<\/div>\n\t\t\t\t\t\t<\/div>\n\t\t\t\t<\/div>\n\t\t\t\t\t<\/div>\n\t\t<\/div>\n\t\t\t\t\t<\/div>\n\t\t<\/section>\n\t\t\t\t<section class=\"elementor-section elementor-top-section elementor-element elementor-element-5da67ee elementor-section-boxed elementor-section-height-default elementor-section-height-default jltma-glass-effect-no\" data-id=\"5da67ee\" data-element_type=\"section\" data-e-type=\"section\">\n\t\t\t\t\t\t<div class=\"elementor-container elementor-column-gap-default\">\n\t\t\t\t\t<div class=\"elementor-column elementor-col-100 elementor-top-column elementor-element elementor-element-10cf77c jltma-glass-effect-no\" data-id=\"10cf77c\" data-element_type=\"column\" data-e-type=\"column\">\n\t\t\t<div class=\"elementor-widget-wrap elementor-element-populated\">\n\t\t\t\t\t\t<div class=\"elementor-element elementor-element-96839f8 jltma-glass-effect-no elementor-widget elementor-widget-text-editor\" data-id=\"96839f8\" data-element_type=\"widget\" data-e-type=\"widget\" data-widget_type=\"text-editor.default\">\n\t\t\t\t<div class=\"elementor-widget-container\">\n\t\t\t\t\t\t\t\t\t<h2 data-start=\"465\" data-end=\"518\">Headway Broker hakk\u0131nda \u2013 bilmeniz gereken her \u015fey<\/h2><p data-start=\"520\" data-end=\"864\"><strong data-start=\"520\" data-end=\"538\">ilk ad\u0131m<\/strong> dahil olmak \u00fczere k\u00fcresel finansal piyasalara eri\u015fim sa\u011flayan b\u00fcy\u00fcyen bir \u00e7evrimi\u00e7i ticaret platformudur. <strong data-start=\"636\" data-end=\"645\">forex<\/strong>, <strong data-start=\"647\" data-end=\"662\">mal<\/strong>, <strong data-start=\"664\" data-end=\"675\">tahkik<\/strong>, ve <strong data-start=\"681\" data-end=\"701\">Kripto para birimleri<\/strong>. Hem yeni ba\u015flayanlar hem de deneyimli t\u00fcccarlar i\u00e7in tasarlanan Headway, rekabet\u00e7i ticaret ko\u015fullar\u0131, geli\u015fmi\u015f ara\u00e7lar ve duyarl\u0131 m\u00fc\u015fteri deste\u011fi sunmaya odaklan\u0131r.<\/p><h3 data-start=\"866\" data-end=\"889\">1. \u015eirkete genel bak\u0131\u015f<\/h3><p data-start=\"890\" data-end=\"1214\">Headway Broker olarak \u00e7al\u0131\u015f\u0131r <strong data-start=\"920\" data-end=\"958\">Uluslararas\u0131 CFD ve Forex Broker<\/strong>, adil ve \u015feffaf bir ticaret ortam\u0131 yaratmay\u0131 hedefliyor. \u015eirket, hizmetlerini k\u0131s\u0131tl\u0131 yarg\u0131 alanlar\u0131 d\u0131\u015f\u0131nda d\u00fcnya \u00e7ap\u0131ndaki t\u00fcccarlara sunmaktad\u0131r. Yenili\u011fe odaklanan Headway, verimli pazar eri\u015fimi i\u00e7in teknoloji odakl\u0131 \u00e7\u00f6z\u00fcmler sunar.<\/p><h3 data-start=\"1216\" data-end=\"1246\">2 . D\u00fczenleme ve g\u00fcvenlik<\/h3><p data-start=\"1247\" data-end=\"1452\">G\u00fcvenlik ve g\u00fcven her broker i\u00e7in gereklidir. Headway Broker, uymaya kararl\u0131d\u0131r <strong data-start=\"1342\" data-end=\"1381\">Uluslararas\u0131 mali d\u00fczenlemeler<\/strong> ve a\u015fa\u011f\u0131dakiler dahil olmak \u00fczere m\u00fc\u015fteri fonlar\u0131n\u0131 korumak i\u00e7in g\u00fc\u00e7l\u00fc \u00f6nlemler uygulamak:<\/p><ul data-start=\"1453\" data-end=\"1608\"><li data-start=\"1453\" data-end=\"1500\"><p data-start=\"1455\" data-end=\"1500\"><strong data-start=\"1455\" data-end=\"1478\">Ayr\u0131lan Hesaplar<\/strong> M\u00fc\u015fteri mevduatlar\u0131 i\u00e7in<\/p><\/li><li data-start=\"1501\" data-end=\"1547\"><p data-start=\"1503\" data-end=\"1547\"><strong data-start=\"1503\" data-end=\"1521\">SSL \u015fifreleme<\/strong> G\u00fcvenli i\u015flemler i\u00e7in<\/p><\/li><li data-start=\"1548\" data-end=\"1608\"><p data-start=\"1550\" data-end=\"1608\">uyma <strong data-start=\"1566\" data-end=\"1597\">AML (Kara Para Aklama)<\/strong> siyasal<\/p><\/li><\/ul><h3 data-start=\"1610\" data-end=\"1634\">3. Ticaret Platformlar\u0131<\/h3><p data-start=\"1635\" data-end=\"1691\">Headway, a\u015fa\u011f\u0131dakiler gibi pop\u00fcler, kullan\u0131c\u0131 dostu platformlar sunar:<\/p><ul data-start=\"1692\" data-end=\"1847\"><li data-start=\"1692\" data-end=\"1764\"><p data-start=\"1694\" data-end=\"1764\"><strong data-start=\"1694\" data-end=\"1716\">MetaTrader 4 (MT4)<\/strong> - Yeni ba\u015flayanlar ve algoritmik t\u00fcccarlar i\u00e7in ideal<\/p><\/li><li data-start=\"1765\" data-end=\"1847\"><p data-start=\"1767\" data-end=\"1847\"><strong data-start=\"1767\" data-end=\"1789\">MetaTrader 5 (MT5)<\/strong> - Geli\u015fmi\u015f grafik, daha fazla sipari\u015f t\u00fcr\u00fc ve pazar derinli\u011fi<\/p><\/li><\/ul><p data-start=\"1849\" data-end=\"1959\">Bu platformlar masa\u00fcst\u00fc, web ve mobil cihazlarda mevcuttur ve hareket halindeyken t\u00fcccarlar i\u00e7in esneklik sa\u011flar.<\/p><h3 data-start=\"1961\" data-end=\"1981\">4. Hesap T\u00fcrleri<\/h3><p data-start=\"1982\" data-end=\"2062\">Headway Broker, \u00e7e\u015fitli i\u015flem stillerine uygun farkl\u0131 hesap t\u00fcrleri sunar:<\/p><ul data-start=\"2063\" data-end=\"2267\"><li data-start=\"2063\" data-end=\"2124\"><p data-start=\"2065\" data-end=\"2124\"><strong data-start=\"2065\" data-end=\"2085\">standart hesap<\/strong> - Komisyon yok, rekabet\u00e7i spreadler<\/p><\/li><li data-start=\"2125\" data-end=\"2209\"><p data-start=\"2127\" data-end=\"2209\"><strong data-start=\"2127\" data-end=\"2142\">ECN hesab\u0131<\/strong> - Profesyonel t\u00fcccarlar i\u00e7in ham spreadler, komisyona dayal\u0131 fiyatland\u0131rma<\/p><\/li><li data-start=\"2210\" data-end=\"2267\"><p data-start=\"2212\" data-end=\"2267\"><strong data-start=\"2212\" data-end=\"2228\">Demo hesab\u0131<\/strong> - Uygulama i\u00e7in risksiz ortam<\/p><\/li><\/ul><h3 data-start=\"2269\" data-end=\"2292\">5. Sunulan \u00dcr\u00fcnler<\/h3><p data-start=\"2293\" data-end=\"2337\">T\u00fcccarlar portf\u00f6ylerini \u015fu \u015fekilde \u00e7e\u015fitlendirebilir:<\/p><ul data-start=\"2338\" data-end=\"2522\"><li data-start=\"2338\" data-end=\"2387\"><p data-start=\"2340\" data-end=\"2387\"><strong data-start=\"2340\" data-end=\"2355\">Forex \u00c7iftleri<\/strong> - Maj\u00f6rler, k\u00fc\u00e7\u00fckler ve egzotikler<\/p><\/li><li data-start=\"2388\" data-end=\"2427\"><p data-start=\"2390\" data-end=\"2427\"><strong data-start=\"2390\" data-end=\"2405\">mal<\/strong> - Alt\u0131n, g\u00fcm\u00fc\u015f, ya\u011f<\/p><\/li><li data-start=\"2428\" data-end=\"2476\"><p data-start=\"2430\" data-end=\"2476\"><strong data-start=\"2430\" data-end=\"2441\">tahkik<\/strong> - K\u00fcresel borsa kriterleri<\/p><\/li><li data-start=\"2477\" data-end=\"2522\"><p data-start=\"2479\" data-end=\"2522\"><strong data-start=\"2479\" data-end=\"2499\">Kripto para birimleri<\/strong> - BTC, ETH ve daha fazlas\u0131<\/p><\/li><\/ul><h3 data-start=\"2524\" data-end=\"2555\">6. Para yat\u0131rma ve para \u00e7ekme i\u015flemleri<\/h3><p data-start=\"2556\" data-end=\"2598\">Headway birden fazla \u00f6deme se\u00e7ene\u011fini destekler:<\/p><ul data-start=\"2599\" data-end=\"2750\"><li data-start=\"2599\" data-end=\"2621\"><p data-start=\"2601\" data-end=\"2621\"><strong data-start=\"2601\" data-end=\"2619\">banka havaleleri<\/strong><\/p><\/li><li data-start=\"2622\" data-end=\"2648\"><p data-start=\"2624\" data-end=\"2648\"><strong data-start=\"2624\" data-end=\"2646\">Kredi\/Banka Kartlar\u0131<\/strong><\/p><\/li><li data-start=\"2649\" data-end=\"2693\"><p data-start=\"2651\" data-end=\"2693\"><strong data-start=\"2651\" data-end=\"2664\">e-c\u00fczdanlar<\/strong> skrill veya netteller gibi<\/p><\/li><li data-start=\"2694\" data-end=\"2750\"><p data-start=\"2696\" data-end=\"2750\">Gizli \u00fccret olmadan h\u0131zl\u0131 para \u00e7ekme i\u015flem s\u00fcreleri<\/p><\/li><\/ul><h3 data-start=\"2752\" data-end=\"2780\">7 . E\u011fitim ve destek<\/h3><p data-start=\"2781\" data-end=\"2818\">Headway Broker gibi kaynaklar sunar:<\/p><ul data-start=\"2819\" data-end=\"2943\"><li data-start=\"2819\" data-end=\"2857\"><p data-start=\"2821\" data-end=\"2857\"><strong data-start=\"2821\" data-end=\"2855\">Ticaret \u00f6\u011freticileri ve web seminerleri<\/strong><\/p><\/li><li data-start=\"2858\" data-end=\"2904\"><p data-start=\"2860\" data-end=\"2904\"><strong data-start=\"2860\" data-end=\"2879\">pazar analizi<\/strong> ve ekonomik takvimler<\/p><\/li><li data-start=\"2905\" data-end=\"2943\"><p data-start=\"2907\" data-end=\"2943\">24\/5 \u00e7ok dilli m\u00fc\u015fteri deste\u011fi<\/p><\/li><\/ul><h3 data-start=\"2945\" data-end=\"2985\">8. T\u00fcccarlar Neden Headway Broker'\u0131 Se\u00e7iyor?<\/h3><ul data-start=\"2986\" data-end=\"3129\"><li data-start=\"2986\" data-end=\"3020\"><p data-start=\"2988\" data-end=\"3020\">\u015eeffaf ticaret ko\u015fullar\u0131<\/p><\/li><li data-start=\"3021\" data-end=\"3058\"><p data-start=\"3023\" data-end=\"3058\">S\u0131k\u0131 spreadler ve d\u00fc\u015f\u00fck komisyonlar<\/p><\/li><li data-start=\"3059\" data-end=\"3099\"><p data-start=\"3061\" data-end=\"3099\">G\u00fc\u00e7l\u00fc ticaret platformlar\u0131na eri\u015fim<\/p><\/li><li data-start=\"3100\" data-end=\"3129\"><p data-start=\"3102\" data-end=\"3129\">G\u00fcvenilir m\u00fc\u015fteri hizmetleri<\/p><\/li><\/ul>\t\t\t\t\t\t\t\t<\/div>\n\t\t\t\t<\/div>\n\t\t\t\t\t<\/div>\n\t\t<\/div>\n\t\t\t\t\t<\/div>\n\t\t<\/section>\n\t\t\t\t<\/div>","protected":false},"excerpt":{"rendered":"<p>About Headway Broker \u2013 Everything You Need to Know Before You Start Trading About Headway Broker \u2013 Everything You Need [&hellip;]<\/p>\n","protected":false},"author":1,"featured_media":142,"parent":0,"menu_order":0,"comment_status":"closed","ping_status":"closed","template":"elementor_header_footer","meta":{"site-sidebar-layout":"no-sidebar","site-content-layout":"","ast-site-content-layout":"full-width-container","site-content-style":"default","site-sidebar-style":"default","ast-global-header-display":"","ast-banner-title-visibility":"","ast-main-header-display":"","ast-hfb-above-header-display":"","ast-hfb-below-header-display":"","ast-hfb-mobile-header-display":"","site-post-title":"disabled","ast-breadcrumbs-content":"","ast-featured-img":"disabled","footer-sml-layout":"","ast-disable-related-posts":"","theme-transparent-header-meta":"default","adv-header-id-meta":"","stick-header-meta":"","header-above-stick-meta":"","header-main-stick-meta":"","header-below-stick-meta":"","astra-migrate-meta-layouts":"set","ast-page-background-enabled":"default","ast-page-background-meta":{"desktop":{"background-color":"var(--ast-global-color-5)","background-image":"","background-repeat":"repeat","background-position":"center center","background-size":"auto","background-attachment":"scroll","background-type":"","background-media":"","overlay-type":"","overlay-color":"","overlay-opacity":"","overlay-gradient":""},"tablet":{"background-color":"","background-image":"","background-repeat":"repeat","background-position":"center center","background-size":"auto","background-attachment":"scroll","background-type":"","background-media":"","overlay-type":"","overlay-color":"","overlay-opacity":"","overlay-gradient":""},"mobile":{"background-color":"","background-image":"","background-repeat":"repeat","background-position":"center center","background-size":"auto","background-attachment":"scroll","background-type":"","background-media":"","overlay-type":"","overlay-color":"","overlay-opacity":"","overlay-gradient":""}},"ast-content-background-meta":{"desktop":{"background-color":"var(--ast-global-color-4)","background-image":"","background-repeat":"repeat","background-position":"center center","background-size":"auto","background-attachment":"scroll","background-type":"","background-media":"","overlay-type":"","overlay-color":"","overlay-opacity":"","overlay-gradient":""},"tablet":{"background-color":"var(--ast-global-color-4)","background-image":"","background-repeat":"repeat","background-position":"center center","background-size":"auto","background-attachment":"scroll","background-type":"","background-media":"","overlay-type":"","overlay-color":"","overlay-opacity":"","overlay-gradient":""},"mobile":{"background-color":"var(--ast-global-color-4)","background-image":"","background-repeat":"repeat","background-position":"center center","background-size":"auto","background-attachment":"scroll","background-type":"","background-media":"","overlay-type":"","overlay-color":"","overlay-opacity":"","overlay-gradient":""}},"footnotes":""},"class_list":["post-737","page","type-page","status-publish","has-post-thumbnail","hentry"],"_links":{"self":[{"href":"https:\/\/headwaybrokers.com\/tr\/wp-json\/wp\/v2\/pages\/737","targetHints":{"allow":["GET"]}}],"collection":[{"href":"https:\/\/headwaybrokers.com\/tr\/wp-json\/wp\/v2\/pages"}],"about":[{"href":"https:\/\/headwaybrokers.com\/tr\/wp-json\/wp\/v2\/types\/page"}],"author":[{"embeddable":true,"href":"https:\/\/headwaybrokers.com\/tr\/wp-json\/wp\/v2\/users\/1"}],"replies":[{"embeddable":true,"href":"https:\/\/headwaybrokers.com\/tr\/wp-json\/wp\/v2\/comments?post=737"}],"version-history":[{"count":10,"href":"https:\/\/headwaybrokers.com\/tr\/wp-json\/wp\/v2\/pages\/737\/revisions"}],"predecessor-version":[{"id":956,"href":"https:\/\/headwaybrokers.com\/tr\/wp-json\/wp\/v2\/pages\/737\/revisions\/956"}],"wp:featuredmedia":[{"embeddable":true,"href":"https:\/\/headwaybrokers.com\/tr\/wp-json\/wp\/v2\/media\/142"}],"wp:attachment":[{"href":"https:\/\/headwaybrokers.com\/tr\/wp-json\/wp\/v2\/media?parent=737"}],"curies":[{"name":"wp","href":"https:\/\/api.w.org\/{rel}","templated":true}]}}