{"id":537,"date":"2025-04-27T13:33:01","date_gmt":"2025-04-27T13:33:01","guid":{"rendered":"https:\/\/headwaybrokers.com\/?page_id=537"},"modified":"2026-02-20T22:19:19","modified_gmt":"2026-02-20T22:19:19","slug":"danh-gia-moi-gioi-cua-headway-2025-tong-quan-toan-dien-ve-cac-tinh-nang-dich-vu-va-trai-nghiem-nguoi-dung-2","status":"publish","type":"page","link":"https:\/\/headwaybrokers.com\/vi\/headway-broker-review-2025-a-comprehensive-overview-of-services-features-and-user-experience-2\/","title":{"rendered":"\u0110\u00e1nh gi\u00e1 m\u00f4i gi\u1edbi c\u1ee7a Headway 2026: T\u1ed5ng quan to\u00e0n di\u1ec7n v\u1ec1 c\u00e1c d\u1ecbch v\u1ee5, t\u00ednh n\u0103ng v\u00e0 tr\u1ea3i nghi\u1ec7m ng\u01b0\u1eddi d\u00f9ng"},"content":{"rendered":"<div data-elementor-type=\"wp-page\" data-elementor-id=\"537\" class=\"elementor elementor-537\" data-elementor-post-type=\"page\">\n\t\t\t\t\t\t<section class=\"elementor-section elementor-top-section elementor-element elementor-element-457023b elementor-section-boxed elementor-section-height-default elementor-section-height-default jltma-glass-effect-no\" data-id=\"457023b\" data-element_type=\"section\" data-e-type=\"section\">\n\t\t\t\t\t\t<div class=\"elementor-container elementor-column-gap-default\">\n\t\t\t\t\t<div class=\"elementor-column elementor-col-100 elementor-top-column elementor-element elementor-element-6badd2a jltma-glass-effect-no\" data-id=\"6badd2a\" data-element_type=\"column\" data-e-type=\"column\">\n\t\t\t<div class=\"elementor-widget-wrap elementor-element-populated\">\n\t\t\t\t\t\t<div class=\"elementor-element elementor-element-c9b2c11 jltma-glass-effect-no elementor-widget elementor-widget-text-editor\" data-id=\"c9b2c11\" data-element_type=\"widget\" data-e-type=\"widget\" data-widget_type=\"text-editor.default\">\n\t\t\t\t<div class=\"elementor-widget-container\">\n\t\t\t\t\t\t\t\t\t<p class=\"\" data-start=\"293\" data-end=\"613\">B\u1ea1n \u0111ang c\u00e2n nh\u1eafc giao d\u1ecbch v\u1edbi Headway Broker v\u00e0o n\u0103m 2025? B\u00e0i \u0111\u00e1nh gi\u00e1 chi ti\u1ebft n\u00e0y s\u1ebd cung c\u1ea5p t\u1ea5t c\u1ea3 nh\u1eefng hi\u1ec3u bi\u1ebft c\u1ea7n thi\u1ebft v\u1ec1 c\u00e1c d\u1ecbch v\u1ee5, l\u1ee3i th\u1ebf v\u00e0 ti\u1ec1m n\u0103ng c\u1ee7a Headway. Cho d\u00f9 b\u1ea1n l\u00e0 m\u1ed9t nh\u00e0 giao d\u1ecbch d\u00e0y d\u1ea1n hay ng\u01b0\u1eddi m\u1edbi b\u1eaft \u0111\u1ea7u, vi\u1ec7c hi\u1ec3u c\u00e1c \u0111\u1eb7c \u0111i\u1ec3m ch\u00ednh c\u1ee7a nh\u00e0 m\u00f4i gi\u1edbi n\u00e0y l\u00e0 \u0111i\u1ec1u c\u1ea7n thi\u1ebft \u0111\u1ec3 \u0111\u01b0a ra quy\u1ebft \u0111\u1ecbnh s\u00e1ng su\u1ed1t.<\/p><h3 class=\"\" data-start=\"615\" data-end=\"656\">1. <strong data-start=\"622\" data-end=\"656\">Gi\u1edbi thi\u1ec7u v\u1ec1 m\u00f4i gi\u1edbi Headway<\/strong><\/h3><p class=\"\" data-start=\"658\" data-end=\"1061\"><a href=\"https:\/\/headway.partners\/user\/signup?hwp=a1b56a\" rel=\"nofollow noopener\" target=\"_blank\"><strong>m\u00f4i gi\u1edbi \u0111i \u0111\u1ea7u<\/strong><\/a> \u0111\u00e3 v\u00e0 \u0111ang \u0111\u1ea1t \u0111\u01b0\u1ee3c s\u1ee9c h\u00fat trong th\u1ebf gi\u1edbi giao d\u1ecbch tr\u1ef1c tuy\u1ebfn v\u00ec giao di\u1ec7n th\u00e2n thi\u1ec7n v\u1edbi ng\u01b0\u1eddi d\u00f9ng v\u00e0 c\u00e1c s\u1ea3n ph\u1ea9m t\u00e0i ch\u00ednh m\u1ea1nh m\u1ebd. \u0110\u01b0\u1ee3c th\u00e0nh l\u1eadp v\u1edbi m\u1ee5c ti\u00eau \u0111\u01a1n gi\u1ea3n h\u00f3a quy tr\u00ecnh giao d\u1ecbch, Headway nh\u1eb1m m\u1ee5c \u0111\u00edch cung c\u1ea5p m\u1ed9t n\u1ec1n t\u1ea3ng \u0111\u00e1p \u1ee9ng nhu c\u1ea7u c\u1ee7a c\u1ea3 nh\u1eefng ng\u01b0\u1eddi m\u1edbi l\u00e0m quen v\u00e0 c\u00e1c nh\u00e0 giao d\u1ecbch c\u00f3 kinh nghi\u1ec7m. V\u00e0o n\u0103m 2025, Headway ti\u1ebfp t\u1ee5c ph\u00e1t tri\u1ec3n v\u1edbi c\u00e1c c\u00f4ng c\u1ee5 s\u00e1ng t\u1ea1o, ph\u1ea1m vi th\u1ecb tr\u01b0\u1eddng r\u1ed9ng r\u00e3i v\u00e0 c\u00e1c t\u00ednh n\u0103ng l\u1ea5y kh\u00e1ch h\u00e0ng l\u00e0m trung t\u00e2m.<\/p><h3 class=\"\" data-start=\"1063\" data-end=\"1101\">2. <strong data-start=\"1070\" data-end=\"1101\">N\u1ec1n t\u1ea3ng v\u00e0 c\u00f4ng c\u1ee5 giao d\u1ecbch<\/strong><\/h3><p class=\"\" data-start=\"1103\" data-end=\"1246\">Headway cung c\u1ea5p m\u1ed9t lo\u1ea1t c\u00e1c n\u1ec1n t\u1ea3ng giao d\u1ecbch \u0111\u01b0\u1ee3c thi\u1ebft k\u1ebf \u0111\u1ec3 ph\u00f9 h\u1ee3p v\u1edbi c\u00e1c s\u1edf th\u00edch c\u1ee7a nh\u00e0 giao d\u1ecbch kh\u00e1c nhau. D\u01b0\u1edbi \u0111\u00e2y l\u00e0 m\u1ed9t c\u00e1i nh\u00ecn v\u1ec1 c\u00e1c n\u1ec1n t\u1ea3ng ph\u1ed5 bi\u1ebfn nh\u1ea5t hi\u1ec7n c\u00f3:<\/p><ul data-start=\"1248\" data-end=\"2010\"><li class=\"\" data-start=\"1248\" data-end=\"1498\"><p class=\"\" data-start=\"1250\" data-end=\"1498\"><strong data-start=\"1250\" data-end=\"1272\">MetaTrader 4 (MT4)<\/strong>: \u0110\u01b0\u1ee3c bi\u1ebft \u0111\u1ebfn v\u1edbi s\u1ef1 \u0111\u01a1n gi\u1ea3n v\u00e0 ch\u1ee9c n\u0103ng r\u1ed9ng r\u00e3i, MT4 v\u1eabn l\u00e0 l\u1ef1a ch\u1ecdn h\u00e0ng \u0111\u1ea7u trong s\u1ed1 c\u00e1c nh\u00e0 giao d\u1ecbch b\u00e1n l\u1ebb. Headway Broker cung c\u1ea5p h\u1ed7 tr\u1ee3 \u0111\u1ea7y \u0111\u1ee7 cho MT4, \u0111\u1ea3m b\u1ea3o th\u1ef1c hi\u1ec7n li\u1ec1n m\u1ea1ch, bi\u1ec3u \u0111\u1ed3 th\u1eddi gian th\u1ef1c v\u00e0 c\u00e1c t\u00f9y ch\u1ecdn giao d\u1ecbch t\u1ef1 \u0111\u1ed9ng.<\/p><\/li><li class=\"\" data-start=\"1500\" data-end=\"1764\"><p class=\"\" data-start=\"1502\" data-end=\"1764\"><strong data-start=\"1502\" data-end=\"1524\">MetaTrader 5 (MT5)<\/strong>: MT5 l\u00e0 phi\u00ean b\u1ea3n n\u00e2ng c\u1ea5p c\u1ee7a MT4, cung c\u1ea5p c\u00e1c t\u00ednh n\u0103ng b\u1ed5 sung nh\u01b0 khung th\u1eddi gian nhi\u1ec1u h\u01a1n, h\u1ec7 th\u1ed1ng bi\u1ec3u \u0111\u1ed3 ti\u00ean ti\u1ebfn h\u01a1n, v\u00e0 c\u00e1c c\u00f4ng c\u1ee5 ph\u00e2n t\u00edch s\u00e2u h\u01a1n. C\u00e1c nh\u00e0 giao d\u1ecbch t\u00ecm ki\u1ebfm m\u1ed9t n\u1ec1n t\u1ea3ng hi\u1ec7n \u0111\u1ea1i v\u00e0 to\u00e0n di\u1ec7n s\u1ebd th\u1ea5y MT5 l\u00e0 m\u1ed9t l\u1ef1a ch\u1ecdn tuy\u1ec7t v\u1eddi.<\/p><\/li><li class=\"\" data-start=\"1766\" data-end=\"2010\"><p class=\"\" data-start=\"1768\" data-end=\"2010\"><strong data-start=\"1768\" data-end=\"1792\">N\u1ec1n t\u1ea3ng giao d\u1ecbch web<\/strong>: \u0110\u1ed1i v\u1edbi nh\u1eefng ng\u01b0\u1eddi th\u00edch giao d\u1ecbch tr\u1ef1c ti\u1ebfp t\u1eeb tr\u00ecnh duy\u1ec7t c\u1ee7a h\u1ecd, Headway cung c\u1ea5p m\u1ed9t n\u1ec1n t\u1ea3ng d\u1ef1a tr\u00ean web. N\u1ec1n t\u1ea3ng n\u00e0y nh\u1eb9, d\u1ec5 ti\u1ebfp c\u1eadn v\u00e0 kh\u00f4ng y\u00eau c\u1ea7u b\u1ea5t k\u1ef3 t\u1ea3i xu\u1ed1ng n\u00e0o, mang l\u1ea1i s\u1ef1 linh ho\u1ea1t cho c\u00e1c nh\u00e0 giao d\u1ecbch khi \u0111ang di chuy\u1ec3n.<\/p><\/li><\/ul><h3 class=\"\" data-start=\"2012\" data-end=\"2049\">3. <strong data-start=\"2019\" data-end=\"2049\">C\u00e1c lo\u1ea1i t\u00e0i kho\u1ea3n v\u00e0 t\u00ednh n\u0103ng<\/strong><\/h3><p class=\"\" data-start=\"2051\" data-end=\"2201\">Headway cung c\u1ea5p m\u1ed9t s\u1ed1 lo\u1ea1i t\u00e0i kho\u1ea3n \u0111\u01b0\u1ee3c thi\u1ebft k\u1ebf \u0111\u1ec3 ph\u00f9 h\u1ee3p v\u1edbi c\u00e1c nh\u00e0 giao d\u1ecbch v\u1edbi c\u00e1c m\u1ee9c \u0111\u1ed9 kinh nghi\u1ec7m kh\u00e1c nhau. D\u01b0\u1edbi \u0111\u00e2y l\u00e0 b\u1ea3ng ph\u00e2n t\u00edch c\u00e1c t\u00f9y ch\u1ecdn c\u00f3 s\u1eb5n:<\/p><ul data-start=\"2203\" data-end=\"3145\"><li class=\"\" data-start=\"2203\" data-end=\"2468\"><p class=\"\" data-start=\"2205\" data-end=\"2468\"><strong data-start=\"2205\" data-end=\"2225\">T\u00e0i kho\u1ea3n Ti\u00eau chu\u1ea9n<\/strong>: T\u00e0i kho\u1ea3n c\u1ea5p nh\u1eadp c\u1ea3nh \u0111\u01b0\u1ee3c thi\u1ebft k\u1ebf cho c\u00e1c nh\u00e0 giao d\u1ecbch m\u1edbi b\u1eaft \u0111\u1ea7u. N\u00f3 cung c\u1ea5p kh\u1ea3 n\u0103ng ti\u1ebfp c\u1eadn v\u1edbi nhi\u1ec1u th\u1ecb tr\u01b0\u1eddng, bao g\u1ed3m ngo\u1ea1i h\u1ed1i, h\u00e0ng h\u00f3a v\u00e0 ch\u1ec9 s\u1ed1. \u0110\u00f2n b\u1ea9y v\u00e0 ch\u00eanh l\u1ec7ch l\u00e0 c\u1ea1nh tranh, l\u00e0m cho n\u00f3 ph\u00f9 h\u1ee3p cho nh\u1eefng ng\u01b0\u1eddi b\u1eaft \u0111\u1ea7u h\u00e0nh tr\u00ecnh giao d\u1ecbch c\u1ee7a h\u1ecd.<\/p><\/li><li class=\"\" data-start=\"2470\" data-end=\"2711\"><p class=\"\" data-start=\"2472\" data-end=\"2711\"><strong data-start=\"2472\" data-end=\"2487\">T\u00e0i kho\u1ea3n Pro<\/strong>: T\u00e0i kho\u1ea3n n\u00e0y \u0111\u01b0\u1ee3c thi\u1ebft k\u1ebf cho c\u00e1c nh\u00e0 giao d\u1ecbch c\u00f3 kinh nghi\u1ec7m h\u01a1n. N\u00f3 cung c\u1ea5p m\u1ee9c ch\u00eanh l\u1ec7ch ch\u1eb7t ch\u1ebd h\u01a1n, t\u0103ng \u0111\u00f2n b\u1ea9y v\u00e0 ti\u1ebfp c\u1eadn c\u00e1c c\u00f4ng c\u1ee5 giao d\u1ecbch ti\u00ean ti\u1ebfn. Ch\u1ee7 t\u00e0i kho\u1ea3n Pro c\u0169ng \u0111\u01b0\u1ee3c \u01b0u ti\u00ean h\u1ed7 tr\u1ee3 kh\u00e1ch h\u00e0ng v\u00e0 th\u1ef1c hi\u1ec7n \u0111\u01a1n h\u00e0ng nhanh h\u01a1n.<\/p><\/li><li class=\"\" data-start=\"2713\" data-end=\"2955\"><p class=\"\" data-start=\"2715\" data-end=\"2955\"><strong data-start=\"2715\" data-end=\"2730\">T\u00e0i kho\u1ea3n ECN<\/strong>: T\u00e0i kho\u1ea3n ECN l\u00fd t\u01b0\u1edfng cho c\u00e1c nh\u00e0 giao d\u1ecbch chuy\u00ean nghi\u1ec7p, nh\u1eefng ng\u01b0\u1eddi y\u00eau c\u1ea7u th\u1ef1c hi\u1ec7n v\u00e0 thanh kho\u1ea3n t\u1ed1t nh\u1ea5t c\u00f3 th\u1ec3. V\u1edbi vi\u1ec7c ti\u1ebfp c\u1eadn tr\u1ef1c ti\u1ebfp th\u1ecb tr\u01b0\u1eddng li\u00ean ng\u00e2n h\u00e0ng, t\u00e0i kho\u1ea3n n\u00e0y cung c\u1ea5p m\u1ee9c ch\u00eanh l\u1ec7ch th\u1ea5p nh\u1ea5t, v\u1edbi c\u01a1 c\u1ea5u ph\u00ed d\u1ef1a tr\u00ean hoa h\u1ed3ng.<\/p><\/li><li class=\"\" data-start=\"2957\" data-end=\"3145\"><p class=\"\" data-start=\"2959\" data-end=\"3145\"><strong data-start=\"2959\" data-end=\"2978\">T\u00e0i kho\u1ea3n H\u1ed3i gi\u00e1o<\/strong>: Headway Broker c\u0169ng cung c\u1ea5p t\u00f9y ch\u1ecdn t\u00e0i kho\u1ea3n H\u1ed3i gi\u00e1o, ph\u1ee5c v\u1ee5 cho c\u00e1c th\u01b0\u01a1ng nh\u00e2n y\u00eau c\u1ea7u giao d\u1ecbch kh\u00f4ng ho\u00e1n \u0111\u1ed5i, \u0111\u1ea3m b\u1ea3o tu\u00e2n th\u1ee7 c\u00e1c nguy\u00ean t\u1eafc t\u00e0i ch\u00ednh H\u1ed3i gi\u00e1o.<\/p><\/li><\/ul><h3 class=\"\" data-start=\"3147\" data-end=\"3182\">4. <strong data-start=\"3154\" data-end=\"3182\">Ti\u1ec1n g\u1eedi v\u00e0 r\u00fat ti\u1ec1n<\/strong><\/h3><p class=\"\" data-start=\"3184\" data-end=\"3290\">Headway cung c\u1ea5p nhi\u1ec1u ph\u01b0\u01a1ng th\u1ee9c g\u1eedi v\u00e0 r\u00fat ti\u1ec1n \u0111\u1ec3 th\u1ef1c hi\u1ec7n c\u00e1c giao d\u1ecbch li\u1ec1n m\u1ea1ch nh\u1ea5t c\u00f3 th\u1ec3:<\/p><ul data-start=\"3292\" data-end=\"3851\"><li class=\"\" data-start=\"3292\" data-end=\"3497\"><p class=\"\" data-start=\"3294\" data-end=\"3497\"><strong data-start=\"3294\" data-end=\"3313\">Ph\u01b0\u01a1ng th\u1ee9c thanh to\u00e1n<\/strong>: C\u00e1c nh\u00e0 giao d\u1ecbch c\u00f3 th\u1ec3 c\u1ea5p ti\u1ec1n cho t\u00e0i kho\u1ea3n c\u1ee7a h\u1ecd b\u1eb1ng m\u1ed9t s\u1ed1 t\u00f9y ch\u1ecdn thanh to\u00e1n, bao g\u1ed3m th\u1ebb t\u00edn d\u1ee5ng v\u00e0 th\u1ebb ghi n\u1ee3, chuy\u1ec3n kho\u1ea3n ng\u00e2n h\u00e0ng, v\u00ed \u0111i\u1ec7n t\u1eed nh\u01b0 Skrill v\u00e0 Neteller, v\u00e0 th\u1eadm ch\u00ed c\u1ea3 ti\u1ec1n g\u1eedi ti\u1ec1n \u0111i\u1ec7n t\u1eed.<\/p><\/li><li class=\"\" data-start=\"3499\" data-end=\"3646\"><p class=\"\" data-start=\"3501\" data-end=\"3646\"><strong data-start=\"3501\" data-end=\"3517\">Ph\u00ed \u0111\u1eb7t c\u1ecdc<\/strong>: H\u1ea7u h\u1ebft c\u00e1c ph\u01b0\u01a1ng th\u1ee9c g\u1eedi ti\u1ec1n \u0111\u1ec1u kh\u00f4ng c\u00f3 th\u00eam ph\u00ed, m\u1eb7c d\u00f9 \u0111i\u1ec1u n\u00e0y c\u00f3 th\u1ec3 ph\u1ee5 thu\u1ed9c v\u00e0o ph\u01b0\u01a1ng th\u1ee9c thanh to\u00e1n v\u00e0 qu\u1ed1c gia c\u01b0 tr\u00fa.<\/p><\/li><li class=\"\" data-start=\"3648\" data-end=\"3851\"><p class=\"\" data-start=\"3650\" data-end=\"3851\"><strong data-start=\"3650\" data-end=\"3665\">r\u00fat ti\u1ec1n<\/strong>: Qu\u00e1 tr\u00ecnh r\u00fat ti\u1ec1n th\u01b0\u1eddng nhanh, v\u1edbi h\u1ea7u h\u1ebft c\u00e1c ph\u01b0\u01a1ng ph\u00e1p ho\u00e0n th\u00e0nh trong v\u00f2ng 24-48 gi\u1edd. Tuy nhi\u00ean, \u0111i\u1ec1u quan tr\u1ecdng c\u1ea7n l\u01b0u \u00fd l\u00e0 ph\u00ed r\u00fat ti\u1ec1n c\u00f3 th\u1ec3 thay \u0111\u1ed5i t\u00f9y theo ph\u01b0\u01a1ng ph\u00e1p \u0111\u00e3 ch\u1ecdn.<\/p><\/li><\/ul><h3 class=\"\" data-start=\"3853\" data-end=\"3880\">5. <strong data-start=\"3860\" data-end=\"3880\">H\u1ed7 tr\u1ee3 kh\u00e1ch h\u00e0ng<\/strong><\/h3><p class=\"\" data-start=\"3882\" data-end=\"3999\">H\u1ed7 tr\u1ee3 kh\u00e1ch h\u00e0ng l\u00e0 m\u1ed9t y\u1ebfu t\u1ed1 c\u1ea7n thi\u1ebft khi ch\u1ecdn m\u1ed9t nh\u00e0 m\u00f4i gi\u1edbi, v\u00e0 Headway v\u01b0\u1ee3t tr\u1ed9i trong l\u0129nh v\u1ef1c n\u00e0y. Nh\u00e0 m\u00f4i gi\u1edbi cung c\u1ea5p:<\/p><ul data-start=\"4001\" data-end=\"4517\"><li class=\"\" data-start=\"4001\" data-end=\"4120\"><p class=\"\" data-start=\"4003\" data-end=\"4120\"><strong data-start=\"4003\" data-end=\"4019\">H\u1ed7 tr\u1ee3 24\/7<\/strong>: C\u00f3 s\u1eb5n qua tr\u00f2 chuy\u1ec7n tr\u1ef1c ti\u1ebfp, email v\u00e0 \u0111i\u1ec7n tho\u1ea1i, \u0111\u1ea3m b\u1ea3o b\u1ea1n c\u00f3 th\u1ec3 li\u00ean h\u1ec7 b\u1ea5t c\u1ee9 khi n\u00e0o b\u1ea1n c\u1ea7n h\u1ed7 tr\u1ee3.<\/p><\/li><li class=\"\" data-start=\"4122\" data-end=\"4289\"><p class=\"\" data-start=\"4124\" data-end=\"4289\"><strong data-start=\"4124\" data-end=\"4148\">H\u1ed7 tr\u1ee3 \u0111a ng\u00f4n ng\u1eef<\/strong>: V\u1edbi s\u1ef1 hi\u1ec7n di\u1ec7n to\u00e0n c\u1ea7u, Headway cung c\u1ea5p h\u1ed7 tr\u1ee3 b\u1eb1ng nhi\u1ec1u ng\u00f4n ng\u1eef, \u0111\u1ea3m b\u1ea3o r\u1eb1ng r\u00e0o c\u1ea3n ng\u00f4n ng\u1eef kh\u00f4ng c\u1ea3n tr\u1edf tr\u1ea3i nghi\u1ec7m giao d\u1ecbch c\u1ee7a b\u1ea1n.<\/p><\/li><li class=\"\" data-start=\"4291\" data-end=\"4517\"><p class=\"\" data-start=\"4293\" data-end=\"4517\"><strong data-start=\"4293\" data-end=\"4318\">T\u00e0i nguy\u00ean gi\u00e1o d\u1ee5c<\/strong>: Headway c\u0169ng cung c\u1ea5p m\u1ed9t lo\u1ea1t c\u00e1c t\u00e0i nguy\u00ean gi\u00e1o d\u1ee5c, bao g\u1ed3m h\u1ed9i th\u1ea3o tr\u00ean web, h\u01b0\u1edbng d\u1eabn v\u00e0 b\u00e0i vi\u1ebft, gi\u00fap c\u1ea3 c\u00e1c nh\u00e0 giao d\u1ecbch m\u1edbi v\u00e0 c\u00f3 kinh nghi\u1ec7m lu\u00f4n c\u1eadp nh\u1eadt v\u00e0 c\u1ea3i thi\u1ec7n c\u00e1c chi\u1ebfn l\u01b0\u1ee3c giao d\u1ecbch c\u1ee7a h\u1ecd.<\/p><\/li><\/ul><h3 class=\"\" data-start=\"4519\" data-end=\"4553\">6. <strong data-start=\"4526\" data-end=\"4553\">quy \u0111\u1ecbnh v\u00e0 an ninh<\/strong><\/h3><p class=\"\" data-start=\"4555\" data-end=\"4926\">V\u1ec1 quy \u0111\u1ecbnh, Headway Broker ho\u1ea1t \u0111\u1ed9ng theo quy \u0111\u1ecbnh t\u00e0i ch\u00ednh nghi\u00eam ng\u1eb7t, \u0111\u1ea3m b\u1ea3o an to\u00e0n, an ninh cho t\u1ea5t c\u1ea3 c\u00e1c th\u01b0\u01a1ng nh\u00e2n. H\u1ecd s\u1eed d\u1ee5ng c\u00e1c c\u00f4ng ngh\u1ec7 m\u00e3 h\u00f3a ti\u00ean ti\u1ebfn \u0111\u1ec3 b\u1ea3o v\u1ec7 d\u1eef li\u1ec7u v\u00e0 qu\u1ef9 c\u1ee7a ng\u01b0\u1eddi d\u00f9ng, \u0111\u1ea3m b\u1ea3o r\u1eb1ng tr\u1ea3i nghi\u1ec7m giao d\u1ecbch c\u1ee7a b\u1ea1n \u0111\u01b0\u1ee3c an to\u00e0n. Tuy nhi\u00ean, h\u00e3y lu\u00f4n ki\u1ec3m tra xem c\u01a1 quan qu\u1ea3n l\u00fd c\u1ee7a nh\u00e0 m\u00f4i gi\u1edbi c\u00f3 ph\u00f9 h\u1ee3p v\u1edbi lu\u1eadt giao d\u1ecbch c\u1ee7a khu v\u1ef1c c\u1ee7a b\u1ea1n hay kh\u00f4ng tr\u01b0\u1edbc khi b\u1ea1n b\u1eaft \u0111\u1ea7u giao d\u1ecbch.<\/p><h3 class=\"\" data-start=\"4928\" data-end=\"4970\">7. <strong data-start=\"4935\" data-end=\"4970\">\u01afu v\u00e0 nh\u01b0\u1ee3c \u0111i\u1ec3m c\u1ee7a nh\u00e0 m\u00f4i gi\u1edbi Headway<\/strong><\/h3><h4 class=\"\" data-start=\"4972\" data-end=\"4982\">\u01afu \u0111i\u1ec3m:<\/h4><ul data-start=\"4983\" data-end=\"5324\"><li class=\"\" data-start=\"4983\" data-end=\"5060\"><p class=\"\" data-start=\"4985\" data-end=\"5060\">C\u00e1c n\u1ec1n t\u1ea3ng giao d\u1ecbch r\u1ed9ng r\u00e3i, bao g\u1ed3m MT4, MT5 v\u00e0 c\u00e1c t\u00f9y ch\u1ecdn d\u1ef1a tr\u00ean web.<\/p><\/li><li class=\"\" data-start=\"5061\" data-end=\"5127\"><p class=\"\" data-start=\"5063\" data-end=\"5127\">M\u1ee9c ch\u00eanh l\u1ec7ch c\u1ea1nh tranh v\u00e0 ph\u00ed hoa h\u1ed3ng th\u1ea5p tr\u00ean m\u1ed9t s\u1ed1 t\u00e0i kho\u1ea3n nh\u1ea5t \u0111\u1ecbnh.<\/p><\/li><li class=\"\" data-start=\"5128\" data-end=\"5181\"><p class=\"\" data-start=\"5130\" data-end=\"5181\">T\u00f9y ch\u1ecdn \u0111\u00f2n b\u1ea9y cao cho c\u00e1c nh\u00e0 giao d\u1ecbch c\u00f3 kinh nghi\u1ec7m h\u01a1n.<\/p><\/li><li class=\"\" data-start=\"5182\" data-end=\"5227\"><p class=\"\" data-start=\"5184\" data-end=\"5227\">H\u1ed7 tr\u1ee3 kh\u00e1ch h\u00e0ng tuy\u1ec7t v\u1eddi, ho\u1ea1t \u0111\u1ed9ng 24\/7.<\/p><\/li><li class=\"\" data-start=\"5228\" data-end=\"5270\"><p class=\"\" data-start=\"5230\" data-end=\"5270\">Kh\u00f4ng c\u00f3 ph\u00ed g\u1eedi ti\u1ec1n tr\u00ean h\u1ea7u h\u1ebft c\u00e1c ph\u01b0\u01a1ng th\u1ee9c thanh to\u00e1n.<\/p><\/li><li class=\"\" data-start=\"5271\" data-end=\"5324\"><p class=\"\" data-start=\"5273\" data-end=\"5324\">Tu\u00e2n th\u1ee7 quy \u0111\u1ecbnh v\u00e0 c\u00e1c t\u00ednh n\u0103ng b\u1ea3o m\u1eadt m\u1ea1nh m\u1ebd.<\/p><\/li><\/ul><h4 class=\"\" data-start=\"5326\" data-end=\"5336\">Nh\u01b0\u1ee3c \u0111i\u1ec3m:<\/h4><ul data-start=\"5337\" data-end=\"5523\"><li class=\"\" data-start=\"5337\" data-end=\"5383\"><p class=\"\" data-start=\"5339\" data-end=\"5383\">C\u00f4ng c\u1ee5 nghi\u00ean c\u1ee9u h\u1ea1n ch\u1ebf cho c\u00e1c nh\u00e0 giao d\u1ecbch ti\u00ean ti\u1ebfn.<\/p><\/li><li class=\"\" data-start=\"5384\" data-end=\"5436\"><p class=\"\" data-start=\"5386\" data-end=\"5436\">Ph\u00ed r\u00fat ti\u1ec1n c\u00f3 th\u1ec3 \u00e1p d\u1ee5ng t\u00f9y theo ph\u01b0\u01a1ng th\u1ee9c.<\/p><\/li><li class=\"\" data-start=\"5437\" data-end=\"5523\"><p class=\"\" data-start=\"5439\" data-end=\"5523\">C\u00e1c t\u00e0i nguy\u00ean gi\u00e1o d\u1ee5c c\u1ee7a nh\u00e0 m\u00f4i gi\u1edbi c\u00f3 th\u1ec3 to\u00e0n di\u1ec7n h\u01a1n cho c\u00e1c nh\u00e0 giao d\u1ecbch m\u1edbi b\u1eaft \u0111\u1ea7u.<\/p><\/li><\/ul><h3 class=\"\" data-start=\"5525\" data-end=\"5596\">8. <strong data-start=\"5532\" data-end=\"5596\">K\u1ebft lu\u1eadn cu\u1ed1i c\u00f9ng: B\u1ea1n c\u00f3 n\u00ean giao d\u1ecbch v\u1edbi Headway Broker v\u00e0o n\u0103m 2025?<\/strong><\/h3><p class=\"\" data-start=\"5598\" data-end=\"5938\">Headway Broker l\u00e0 m\u1ed9t l\u1ef1a ch\u1ecdn tuy\u1ec7t v\u1eddi cho c\u00e1c nh\u00e0 giao d\u1ecbch v\u00e0o n\u0103m 2025, \u0111\u1eb7c bi\u1ec7t l\u00e0 nh\u1eefng ng\u01b0\u1eddi \u0111ang t\u00ecm ki\u1ebfm m\u1ed9t n\u1ec1n t\u1ea3ng \u0111\u00e1ng tin c\u1eady v\u00e0 an to\u00e0n v\u1edbi nhi\u1ec1u lo\u1ea1i t\u00e0i kho\u1ea3n, m\u1ee9c ch\u00eanh l\u1ec7ch c\u1ea1nh tranh v\u00e0 h\u1ed7 tr\u1ee3 kh\u00e1ch h\u00e0ng ch\u1ea5t l\u01b0\u1ee3ng cao. Cho d\u00f9 b\u1ea1n l\u00e0 ng\u01b0\u1eddi m\u1edbi b\u1eaft \u0111\u1ea7u hay l\u00e0 m\u1ed9t nh\u00e0 giao d\u1ecbch ti\u00ean ti\u1ebfn, Headway cung c\u1ea5p c\u00e1c c\u00f4ng c\u1ee5 v\u00e0 d\u1ecbch v\u1ee5 b\u1ea1n c\u1ea7n \u0111\u1ec3 th\u00e0nh c\u00f4ng trong th\u1ecb tr\u01b0\u1eddng t\u00e0i ch\u00ednh.<\/p><p class=\"\" data-start=\"5940\" data-end=\"6222\">B\u1eb1ng c\u00e1ch cung c\u1ea5p t\u00ednh linh ho\u1ea1t, minh b\u1ea1ch v\u00e0 b\u1ea3o m\u1eadt, Headway t\u1ef1 \u0111\u1ecbnh v\u1ecb m\u00ecnh l\u00e0 m\u1ed9t l\u1ef1a ch\u1ecdn \u0111\u00e1ng tin c\u1eady trong th\u1ebf gi\u1edbi giao d\u1ecbch tr\u1ef1c tuy\u1ebfn. Tuy nhi\u00ean, nh\u01b0 v\u1edbi b\u1ea5t k\u1ef3 nh\u00e0 m\u00f4i gi\u1edbi n\u00e0o, \u0111i\u1ec1u c\u1ea7n thi\u1ebft l\u00e0 ph\u1ea3i th\u1ef1c hi\u1ec7n th\u1ea9m \u0111\u1ecbnh c\u1ee7a b\u1ea1n v\u00e0 \u0111\u1ea3m b\u1ea3o r\u1eb1ng n\u1ec1n t\u1ea3ng ph\u00f9 h\u1ee3p v\u1edbi m\u1ee5c ti\u00eau giao d\u1ecbch v\u00e0 kh\u1ea3 n\u0103ng ch\u1ecbu r\u1ee7i ro c\u1ee7a b\u1ea1n.<\/p><p class=\"\" data-start=\"6224\" data-end=\"6308\"><strong data-start=\"6224\" data-end=\"6308\">B\u1eaft \u0111\u1ea7u giao d\u1ecbch v\u1edbi Headway Broker ngay h\u00f4m nay v\u00e0 \u0111\u01b0a giao d\u1ecbch c\u1ee7a b\u1ea1n l\u00ean c\u1ea5p \u0111\u1ed9 ti\u1ebfp theo!<\/strong><\/p>\t\t\t\t\t\t\t\t<\/div>\n\t\t\t\t<\/div>\n\t\t\t\t\t<\/div>\n\t\t<\/div>\n\t\t\t\t\t<\/div>\n\t\t<\/section>\n\t\t\t\t<\/div>","protected":false},"excerpt":{"rendered":"<p>Are you considering trading with Headway broker in 2025? This detailed review will provide all the necessary insights into Headway&#8217;s [&hellip;]<\/p>\n","protected":false},"author":1,"featured_media":0,"parent":0,"menu_order":0,"comment_status":"closed","ping_status":"closed","template":"","meta":{"site-sidebar-layout":"default","site-content-layout":"","ast-site-content-layout":"default","site-content-style":"default","site-sidebar-style":"default","ast-global-header-display":"","ast-banner-title-visibility":"","ast-main-header-display":"","ast-hfb-above-header-display":"","ast-hfb-below-header-display":"","ast-hfb-mobile-header-display":"","site-post-title":"","ast-breadcrumbs-content":"","ast-featured-img":"","footer-sml-layout":"","ast-disable-related-posts":"","theme-transparent-header-meta":"","adv-header-id-meta":"","stick-header-meta":"","header-above-stick-meta":"","header-main-stick-meta":"","header-below-stick-meta":"","astra-migrate-meta-layouts":"default","ast-page-background-enabled":"default","ast-page-background-meta":{"desktop":{"background-color":"var(--ast-global-color-5)","background-image":"","background-repeat":"repeat","background-position":"center center","background-size":"auto","background-attachment":"scroll","background-type":"","background-media":"","overlay-type":"","overlay-color":"","overlay-opacity":"","overlay-gradient":""},"tablet":{"background-color":"","background-image":"","background-repeat":"repeat","background-position":"center center","background-size":"auto","background-attachment":"scroll","background-type":"","background-media":"","overlay-type":"","overlay-color":"","overlay-opacity":"","overlay-gradient":""},"mobile":{"background-color":"","background-image":"","background-repeat":"repeat","background-position":"center center","background-size":"auto","background-attachment":"scroll","background-type":"","background-media":"","overlay-type":"","overlay-color":"","overlay-opacity":"","overlay-gradient":""}},"ast-content-background-meta":{"desktop":{"background-color":"var(--ast-global-color-4)","background-image":"","background-repeat":"repeat","background-position":"center center","background-size":"auto","background-attachment":"scroll","background-type":"","background-media":"","overlay-type":"","overlay-color":"","overlay-opacity":"","overlay-gradient":""},"tablet":{"background-color":"var(--ast-global-color-4)","background-image":"","background-repeat":"repeat","background-position":"center center","background-size":"auto","background-attachment":"scroll","background-type":"","background-media":"","overlay-type":"","overlay-color":"","overlay-opacity":"","overlay-gradient":""},"mobile":{"background-color":"var(--ast-global-color-4)","background-image":"","background-repeat":"repeat","background-position":"center center","background-size":"auto","background-attachment":"scroll","background-type":"","background-media":"","overlay-type":"","overlay-color":"","overlay-opacity":"","overlay-gradient":""}},"footnotes":""},"class_list":["post-537","page","type-page","status-publish","hentry"],"_links":{"self":[{"href":"https:\/\/headwaybrokers.com\/vi\/wp-json\/wp\/v2\/pages\/537","targetHints":{"allow":["GET"]}}],"collection":[{"href":"https:\/\/headwaybrokers.com\/vi\/wp-json\/wp\/v2\/pages"}],"about":[{"href":"https:\/\/headwaybrokers.com\/vi\/wp-json\/wp\/v2\/types\/page"}],"author":[{"embeddable":true,"href":"https:\/\/headwaybrokers.com\/vi\/wp-json\/wp\/v2\/users\/1"}],"replies":[{"embeddable":true,"href":"https:\/\/headwaybrokers.com\/vi\/wp-json\/wp\/v2\/comments?post=537"}],"version-history":[{"count":7,"href":"https:\/\/headwaybrokers.com\/vi\/wp-json\/wp\/v2\/pages\/537\/revisions"}],"predecessor-version":[{"id":1120,"href":"https:\/\/headwaybrokers.com\/vi\/wp-json\/wp\/v2\/pages\/537\/revisions\/1120"}],"wp:attachment":[{"href":"https:\/\/headwaybrokers.com\/vi\/wp-json\/wp\/v2\/media?parent=537"}],"curies":[{"name":"wp","href":"https:\/\/api.w.org\/{rel}","templated":true}]}}