{"id":773,"date":"2025-08-09T18:47:29","date_gmt":"2025-08-09T18:47:29","guid":{"rendered":"https:\/\/headwaybrokers.com\/?page_id=773"},"modified":"2025-08-09T18:49:15","modified_gmt":"2025-08-09T18:49:15","slug":"di-duong-ngoai-hoi","status":"publish","type":"page","link":"https:\/\/headwaybrokers.com\/vi\/headway-forex\/","title":{"rendered":"\u0111i \u0111\u01b0\u1eddng ngo\u1ea1i h\u1ed1i"},"content":{"rendered":"<div data-elementor-type=\"wp-page\" data-elementor-id=\"773\" class=\"elementor elementor-773\" data-elementor-post-type=\"page\">\n\t\t\t\t\t\t<section class=\"elementor-section elementor-top-section elementor-element elementor-element-6582c8f elementor-section-boxed elementor-section-height-default elementor-section-height-default jltma-glass-effect-no\" data-id=\"6582c8f\" data-element_type=\"section\" data-e-type=\"section\">\n\t\t\t\t\t\t<div class=\"elementor-container elementor-column-gap-default\">\n\t\t\t\t\t<div class=\"elementor-column elementor-col-100 elementor-top-column elementor-element elementor-element-9dec7f9 jltma-glass-effect-no\" data-id=\"9dec7f9\" data-element_type=\"column\" data-e-type=\"column\">\n\t\t\t<div class=\"elementor-widget-wrap elementor-element-populated\">\n\t\t\t\t\t\t<div class=\"elementor-element elementor-element-353792e jltma-glass-effect-no elementor-widget elementor-widget-html\" data-id=\"353792e\" data-element_type=\"widget\" data-e-type=\"widget\" data-widget_type=\"html.default\">\n\t\t\t\t<div class=\"elementor-widget-container\">\n\t\t\t\t\t<!DOCTYPE html>\r\n<html lang=\"en\">\r\n<head>\r\n    <meta charset=\"UTF-8\">\r\n    <meta name=\"viewport\" content=\"width=device-width, initial-scale=1.0\">\r\n    <meta name=\"title\" content=\"Headway Forex - Trade Smarter with Multiple Account Types\">\r\n    <meta name=\"description\" content=\"Tham gia Headway Forex - m\u1ed9t nh\u00e0 m\u00f4i gi\u1edbi ngo\u1ea1i h\u1ed1i \u0111\u00e1ng tin c\u1eady cung c\u1ea5p nhi\u1ec1u lo\u1ea1i t\u00e0i kho\u1ea3n, ti\u1ec1n g\u1eedi v\u00e0 r\u00fat ti\u1ec1n nhanh, n\u1ec1n t\u1ea3ng m\u1ea1nh m\u1ebd v\u00e0 c\u00e1c c\u00f4ng c\u1ee5 giao d\u1ecbch \u0111a d\u1ea1ng.\">\r\n    <title>Headway Forex - Giao d\u1ecbch th\u00f4ng minh h\u01a1n<\/title>\r\n    <style>\r\n        body {\r\n            font-family: 'Segoe UI', sans-serif;\r\n            margin: 0;\r\n            padding: 0;\r\n            background: linear-gradient(135deg, #0f2027, #203a43, #2c5364);\r\n            color: #fff;\r\n            line-height: 1.6;\r\n        }\r\n        header {\r\n            text-align: center;\r\n            padding: 50px 20px;\r\n        }\r\n        header h1 {\r\n            font-size: 2.8em;\r\n            margin-bottom: 10px;\r\n            text-shadow: 2px 2px 8px rgba(0,0,0,0.5);\r\n        }\r\n        header p {\r\n            font-size: 1.2em;\r\n            opacity: 0.9;\r\n        }\r\n        .btn {\r\n            display: inline-block;\r\n            padding: 12px 25px;\r\n            background: linear-gradient(90deg, #ff7e5f, #feb47b);\r\n            color: #fff;\r\n            text-decoration: none;\r\n            border-radius: 30px;\r\n            font-weight: bold;\r\n            box-shadow: 0 4px 15px rgba(0,0,0,0.3);\r\n            transition: all 0.3s ease;\r\n        }\r\n        .btn:hover {\r\n            transform: scale(1.05);\r\n            box-shadow: 0 6px 20px rgba(0,0,0,0.5);\r\n        }\r\n        section {\r\n            max-width: 1100px;\r\n            margin: auto;\r\n            padding: 40px 20px;\r\n        }\r\n        h2 {\r\n            border-left: 5px solid #feb47b;\r\n            padding-left: 10px;\r\n            margin-bottom: 20px;\r\n        }\r\n        table {\r\n            width: 100%;\r\n            border-collapse: collapse;\r\n            background: rgba(255,255,255,0.05);\r\n            border-radius: 10px;\r\n            overflow: hidden;\r\n            box-shadow: 0 4px 15px rgba(0,0,0,0.3);\r\n        }\r\n        th, td {\r\n            padding: 15px;\r\n            text-align: center;\r\n        }\r\n        th {\r\n            background: rgba(0,0,0,0.3);\r\n        }\r\n        tr:nth-child(even) {\r\n            background: rgba(255,255,255,0.05);\r\n        }\r\n        .deposit-icons img {\r\n            width: 50px;\r\n            margin: 10px;\r\n            filter: drop-shadow(0 4px 6px rgba(0,0,0,0.3));\r\n            transition: transform 0.3s;\r\n        }\r\n        .deposit-icons img:hover {\r\n            transform: scale(1.1);\r\n        }\r\n        footer {\r\n            text-align: center;\r\n            padding: 20px;\r\n            background: rgba(0,0,0,0.4);\r\n            margin-top: 40px;\r\n            font-size: 0.9em;\r\n        }\r\n    <\/style>\r\n<\/head>\r\n<body>\r\n\r\n<header>\r\n    <h1>\u0111i \u0111\u01b0\u1eddng ngo\u1ea1i h\u1ed1i<\/h1>\r\n    <p>Giao d\u1ecbch th\u00f4ng minh h\u01a1n v\u1edbi m\u1ed9t nh\u00e0 m\u00f4i gi\u1edbi ngo\u1ea1i h\u1ed1i \u0111\u00e1ng tin c\u1eady<\/p>\r\n    <a href=\"https:\/\/headway.partners\/user\/signup?hwp=a1b56a\" class=\"btn\" rel=\"nofollow noopener\" target=\"_blank\">M\u1edf t\u00e0i kho\u1ea3n<\/a>\r\n<\/header>\r\n\r\n<section>\r\n    <h2>Gi\u1edbi thi\u1ec7u v\u1ec1 Forex Headway<\/h2>\r\n    <p>Headway Forex l\u00e0 m\u1ed9t nh\u00e0 m\u00f4i gi\u1edbi \u0111\u01b0\u1ee3c c\u00f4ng nh\u1eadn tr\u00ean to\u00e0n c\u1ea7u cung c\u1ea5p cho c\u00e1c nh\u00e0 giao d\u1ecbch c\u00e1c c\u00f4ng c\u1ee5 ti\u00ean ti\u1ebfn, m\u1ee9c ch\u00eanh l\u1ec7ch th\u1ea5p v\u00e0 nhi\u1ec1u t\u00f9y ch\u1ecdn t\u00e0i kho\u1ea3n. Cho d\u00f9 b\u1ea1n l\u00e0 ng\u01b0\u1eddi m\u1edbi b\u1eaft \u0111\u1ea7u hay chuy\u00ean nghi\u1ec7p, Headway cung c\u1ea5p m\u1ed9t m\u00f4i tr\u01b0\u1eddng giao d\u1ecbch ph\u00f9 h\u1ee3p v\u1edbi nhu c\u1ea7u c\u1ee7a b\u1ea1n, v\u1edbi quy\u1ec1n truy c\u1eadp v\u00e0o Forex, h\u00e0ng h\u00f3a, ch\u1ec9 s\u1ed1, ti\u1ec1n \u0111i\u1ec7n t\u1eed, v.v.<\/p>\r\n<\/section>\r\n\r\n<section>\r\n    <h2>C\u00e1c lo\u1ea1i t\u00e0i kho\u1ea3n<\/h2>\r\n    <table>\r\n        <tr>\r\n            <th>Lo\u1ea1i t\u00e0i kho\u1ea3n<\/th>\r\n            <th>Ti\u1ec1n g\u1eedi t\u1ed1i thi\u1ec3u<\/th>\r\n            <th>s\u1ef1 truy\u1ec1n b\u00e1<\/th>\r\n            <th>l\u00e0m l\u1ee3i<\/th>\r\n            <th>s\u1ef1 \u1ee7y quy\u1ec1n<\/th>\r\n        <\/tr>\r\n        <tr>\r\n            <td>ph\u1ea7n tr\u0103m<\/td>\r\n            <td>$1<\/td>\r\n            <td>t\u1eeb 1,2 pips<\/td>\r\n            <td>l\u00ean \u0111\u1ebfn 1: 1000<\/td>\r\n            <td>kh\u00f4ng ch\u00fat n\u00e0o<\/td>\r\n        <\/tr>\r\n        <tr>\r\n            <td>s\u1ef1 chu\u1ea9n<\/td>\r\n            <td>$10<\/td>\r\n            <td>t\u1eeb 0,8 pips<\/td>\r\n            <td>l\u00ean \u0111\u1ebfn 1: 1000<\/td>\r\n            <td>kh\u00f4ng ch\u00fat n\u00e0o<\/td>\r\n        <\/tr>\r\n        <tr>\r\n            <td>theo h\u00ecnh th\u1ee9c<\/td>\r\n            <td>$100<\/td>\r\n            <td>t\u1eeb 0,1 pips<\/td>\r\n            <td>l\u00ean \u0111\u1ebfn 1: 1000<\/td>\r\n            <td>v\u00e2ng<\/td>\r\n        <\/tr>\r\n    <\/table>\r\n    <br>\r\n    <a href=\"https:\/\/headway.partners\/user\/signup?hwp=a1b56a\" class=\"btn\" rel=\"nofollow noopener\" target=\"_blank\">Ch\u1ecdn t\u00e0i kho\u1ea3n c\u1ee7a b\u1ea1n<\/a>\r\n<\/section>\r\n\r\n<section>\r\n    <h2>Ph\u01b0\u01a1ng th\u1ee9c n\u1ea1p ti\u1ec1n v\u00e0 r\u00fat ti\u1ec1n<\/h2>\r\n    <div class=\"deposit-icons\">\r\n        <img decoding=\"async\" src=\"https:\/\/upload.wikimedia.org\/wikipedia\/commons\/0\/04\/Visa.svg\" alt=\"visa\">\r\n        <img decoding=\"async\" src=\"https:\/\/upload.wikimedia.org\/wikipedia\/commons\/b\/b7\/MasterCard_Logo.svg\" alt=\"th\u1ebb Mastercard\">\r\n        <img decoding=\"async\" src=\"https:\/\/upload.wikimedia.org\/wikipedia\/commons\/5\/5a\/Bitcoin.png\" alt=\"Bitcoin\">\r\n        <img decoding=\"async\" src=\"https:\/\/upload.wikimedia.org\/wikipedia\/commons\/f\/f2\/Bank_icon.svg\" alt=\"s\u1ef1 chuy\u1ec3n ti\u1ec1n\">\r\n    <\/div>\r\n    <p>Headway cung c\u1ea5p c\u00e1c kho\u1ea3n ti\u1ec1n g\u1eedi v\u00e0 r\u00fat ti\u1ec1n nhanh ch\u00f3ng v\u00e0 an to\u00e0n th\u00f4ng qua nhi\u1ec1u ph\u01b0\u01a1ng th\u1ee9c, bao g\u1ed3m th\u1ebb t\u00edn d\u1ee5ng \/ th\u1ebb ghi n\u1ee3, chuy\u1ec3n kho\u1ea3n ng\u00e2n h\u00e0ng, v\u00ed \u0111i\u1ec7n t\u1eed v\u00e0 ti\u1ec1n \u0111i\u1ec7n t\u1eed.<\/p>\r\n<\/section>\r\n\r\n<section>\r\n    <h2>N\u1ec1n t\u1ea3ng giao d\u1ecbch<\/h2>\r\n    <p>Giao d\u1ecbch v\u1edbi c\u00e1c n\u1ec1n t\u1ea3ng ph\u1ed5 bi\u1ebfn nh\u1ea5t th\u1ebf gi\u1edbi - MetaTrader 4 (MT4) v\u00e0 MetaTrader 5 (MT5). T\u1eadn h\u01b0\u1edfng c\u00e1c c\u00f4ng c\u1ee5 bi\u1ec3u \u0111\u1ed3 n\u00e2ng cao, giao d\u1ecbch t\u1ef1 \u0111\u1ed9ng v\u00e0 \u1ee9ng d\u1ee5ng di \u0111\u1ed9ng \u0111\u1ec3 giao d\u1ecbch m\u1ecdi l\u00fac, m\u1ecdi n\u01a1i.<\/p>\r\n<\/section>\r\n\r\n<section>\r\n    <h2>D\u1ee5ng c\u1ee5 c\u00f3 s\u1eb5n<\/h2>\r\n    <p>Headway cung c\u1ea5p quy\u1ec1n truy c\u1eadp v\u00e0o m\u1ed9t lo\u1ea1t c\u00e1c thi\u1ebft b\u1ecb, bao g\u1ed3m:<\/p>\r\n    <ul>\r\n        <li>C\u1eb7p ti\u1ec1n t\u1ec7 ngo\u1ea1i h\u1ed1i (ch\u00ednh, nh\u1ecf, k\u1ef3 l\u1ea1)<\/li>\r\n        <li>C\u00e1c m\u1eb7t h\u00e0ng nh\u01b0 v\u00e0ng, b\u1ea1c, d\u1ea7u<\/li>\r\n        <li>Ch\u1ec9 s\u1ed1 t\u1eeb th\u1ecb tr\u01b0\u1eddng to\u00e0n c\u1ea7u<\/li>\r\n        <li>C\u00e1c lo\u1ea1i ti\u1ec1n \u0111i\u1ec7n t\u1eed nh\u01b0 Bitcoin, Ethereum, v.v.<\/li>\r\n        <li>CFD ch\u1ee9ng kho\u00e1n v\u00e0 c\u00e1c d\u1eabn xu\u1ea5t kh\u00e1c<\/li>\r\n    <\/ul>\r\n    <a href=\"https:\/\/headway.partners\/user\/signup?hwp=a1b56a\" class=\"btn\" rel=\"nofollow noopener\" target=\"_blank\">B\u1eaft \u0111\u1ea7u giao d\u1ecbch ngay b\u00e2y gi\u1edd<\/a>\r\n<\/section>\r\n\r\n<footer>\r\n    \u00a9 2025 \u0110\u01b0\u1eddng cao t\u1ed1c c\u1ee7a Headway. M\u1ecdi quy\u1ec1n \u0111\u01b0\u1ee3c b\u1ea3o l\u01b0u.\r\n<\/footer>\r\n\r\n<\/body>\r\n<\/html>\r\n\t\t\t\t<\/div>\n\t\t\t\t<\/div>\n\t\t\t\t\t<\/div>\n\t\t<\/div>\n\t\t\t\t\t<\/div>\n\t\t<\/section>\n\t\t\t\t<\/div>","protected":false},"excerpt":{"rendered":"<p>&nbsp; &nbsp; Headway Forex Trade Smarter with a Trusted Forex Broker Open an Account About Headway Forex Headway Forex is [&hellip;]<\/p>\n","protected":false},"author":1,"featured_media":0,"parent":0,"menu_order":0,"comment_status":"closed","ping_status":"closed","template":"","meta":{"site-sidebar-layout":"no-sidebar","site-content-layout":"","ast-site-content-layout":"full-width-container","site-content-style":"default","site-sidebar-style":"default","ast-global-header-display":"","ast-banner-title-visibility":"","ast-main-header-display":"","ast-hfb-above-header-display":"","ast-hfb-below-header-display":"","ast-hfb-mobile-header-display":"","site-post-title":"disabled","ast-breadcrumbs-content":"","ast-featured-img":"disabled","footer-sml-layout":"","ast-disable-related-posts":"","theme-transparent-header-meta":"default","adv-header-id-meta":"","stick-header-meta":"","header-above-stick-meta":"","header-main-stick-meta":"","header-below-stick-meta":"","astra-migrate-meta-layouts":"set","ast-page-background-enabled":"default","ast-page-background-meta":{"desktop":{"background-color":"var(--ast-global-color-5)","background-image":"","background-repeat":"repeat","background-position":"center center","background-size":"auto","background-attachment":"scroll","background-type":"","background-media":"","overlay-type":"","overlay-color":"","overlay-opacity":"","overlay-gradient":""},"tablet":{"background-color":"","background-image":"","background-repeat":"repeat","background-position":"center center","background-size":"auto","background-attachment":"scroll","background-type":"","background-media":"","overlay-type":"","overlay-color":"","overlay-opacity":"","overlay-gradient":""},"mobile":{"background-color":"","background-image":"","background-repeat":"repeat","background-position":"center center","background-size":"auto","background-attachment":"scroll","background-type":"","background-media":"","overlay-type":"","overlay-color":"","overlay-opacity":"","overlay-gradient":""}},"ast-content-background-meta":{"desktop":{"background-color":"var(--ast-global-color-4)","background-image":"","background-repeat":"repeat","background-position":"center center","background-size":"auto","background-attachment":"scroll","background-type":"","background-media":"","overlay-type":"","overlay-color":"","overlay-opacity":"","overlay-gradient":""},"tablet":{"background-color":"var(--ast-global-color-4)","background-image":"","background-repeat":"repeat","background-position":"center center","background-size":"auto","background-attachment":"scroll","background-type":"","background-media":"","overlay-type":"","overlay-color":"","overlay-opacity":"","overlay-gradient":""},"mobile":{"background-color":"var(--ast-global-color-4)","background-image":"","background-repeat":"repeat","background-position":"center center","background-size":"auto","background-attachment":"scroll","background-type":"","background-media":"","overlay-type":"","overlay-color":"","overlay-opacity":"","overlay-gradient":""}},"footnotes":""},"class_list":["post-773","page","type-page","status-publish","hentry"],"_links":{"self":[{"href":"https:\/\/headwaybrokers.com\/vi\/wp-json\/wp\/v2\/pages\/773","targetHints":{"allow":["GET"]}}],"collection":[{"href":"https:\/\/headwaybrokers.com\/vi\/wp-json\/wp\/v2\/pages"}],"about":[{"href":"https:\/\/headwaybrokers.com\/vi\/wp-json\/wp\/v2\/types\/page"}],"author":[{"embeddable":true,"href":"https:\/\/headwaybrokers.com\/vi\/wp-json\/wp\/v2\/users\/1"}],"replies":[{"embeddable":true,"href":"https:\/\/headwaybrokers.com\/vi\/wp-json\/wp\/v2\/comments?post=773"}],"version-history":[{"count":6,"href":"https:\/\/headwaybrokers.com\/vi\/wp-json\/wp\/v2\/pages\/773\/revisions"}],"predecessor-version":[{"id":779,"href":"https:\/\/headwaybrokers.com\/vi\/wp-json\/wp\/v2\/pages\/773\/revisions\/779"}],"wp:attachment":[{"href":"https:\/\/headwaybrokers.com\/vi\/wp-json\/wp\/v2\/media?parent=773"}],"curies":[{"name":"wp","href":"https:\/\/api.w.org\/{rel}","templated":true}]}}